{"id":166482,"date":"2025-12-19T16:02:08","date_gmt":"2025-12-19T13:02:08","guid":{"rendered":"https:\/\/baldumarket.lt\/product\/indianapolis-8-witryna-z-barkiem-3d3s-kraft-bialy\/"},"modified":"2026-02-09T12:28:57","modified_gmt":"2026-02-09T09:28:57","slug":"indianapolis-8-witryna-z-barkiem-3d3s-kraft-bialy","status":"publish","type":"product","link":"https:\/\/baldumarket.lt\/lt\/product\/indianapolis-8-witryna-z-barkiem-3d3s-kraft-bialy\/","title":{"rendered":"INDIANAPOLIS-8 \u2013 Vitrina su baru 3D3S Kraft White"},"content":{"rendered":"<p>\u201eJarstol\u201c vitrina \u201eINDIANAPOLIS-8\u201c su baru \u2013 tai unikalus baldas, kuris neabejotinai suteiks klas\u0117s bet kuriam kambariui. Modernus \u201eKraft White\u201c dizainas idealiai tinka tiek svetainei, tiek valgomajam, tiek koridoriui. Subtilios linijos ir eleganti\u0161ka forma pritrauks daugelio sve\u010di\u0173 d\u0117mes\u012f, sukurdama unikali\u0105 atmosfer\u0105 j\u016bs\u0173 interjere. \u0160ios vitrinos funkcionalumas yra toks pat \u012fsp\u016bdingas kaip ir estetika. Centrin\u0117je dalyje yra trys erdv\u016bs stal\u010diai ir baras, leid\u017eiantys laikyti \u012fvairius kasdienius daiktus. \u0160onuose yra vitrinos su dvigubomis stiklin\u0117mis lentynomis, puikiai tinkan\u010diomis m\u0117gstamoms knygoms, eleganti\u0161kam porcelianui ar vertingiems suvenyrams eksponuoti. Tai puiki vieta stilingai eksponuoti savo lobius. \u201eINDIANAPOLIS-8\u201c vitrina ne tik \u017eavi savo i\u0161vaizda, bet ir stebina organizacin\u0117mis galimyb\u0117mis. Gerai apgalvotas dizainas leid\u017eia daug vietos daiktams susid\u0117ti, tod\u0117l tai idealus sprendimas tiems, kurie vertina prakti\u0161kus ir esteti\u0161kai patrauklius baldus. Metalin\u0117s rankenos suteikia charakterio, pabr\u0117\u017eiant d\u0117mes\u012f kiekvienai detalei. Ap\u0161vietimas galimas kaip papildoma \u012franga, \u012fsigyjamas atskirai.<\/p>","protected":false},"excerpt":{"rendered":"<p>Plotis (cm): 137<br \/>\n\u016agis (cm): 122<br \/>\nGylis (cm): 42<\/p>","protected":false},"featured_media":166483,"comment_status":"open","ping_status":"open","template":"","meta":[],"product_brand":[],"product_cat":[9507,4108,2006],"product_tag":[],"class_list":{"0":"post-166482","1":"product","2":"type-product","3":"status-publish","4":"has-post-thumbnail","6":"product_cat-furniture-system-indianapolis-jarstol-meble","7":"product_cat-jarstol","8":"product_cat-vitrines","10":"first","11":"instock","12":"purchasable","13":"product-type-simple"},"_links":{"self":[{"href":"https:\/\/baldumarket.lt\/lt\/wp-json\/wp\/v2\/product\/166482","targetHints":{"allow":["GET"]}}],"collection":[{"href":"https:\/\/baldumarket.lt\/lt\/wp-json\/wp\/v2\/product"}],"about":[{"href":"https:\/\/baldumarket.lt\/lt\/wp-json\/wp\/v2\/types\/product"}],"replies":[{"embeddable":true,"href":"https:\/\/baldumarket.lt\/lt\/wp-json\/wp\/v2\/comments?post=166482"}],"wp:featuredmedia":[{"embeddable":true,"href":"https:\/\/baldumarket.lt\/lt\/wp-json\/wp\/v2\/media\/166483"}],"wp:attachment":[{"href":"https:\/\/baldumarket.lt\/lt\/wp-json\/wp\/v2\/media?parent=166482"}],"wp:term":[{"taxonomy":"product_brand","embeddable":true,"href":"https:\/\/baldumarket.lt\/lt\/wp-json\/wp\/v2\/product_brand?post=166482"},{"taxonomy":"product_cat","embeddable":true,"href":"https:\/\/baldumarket.lt\/lt\/wp-json\/wp\/v2\/product_cat?post=166482"},{"taxonomy":"product_tag","embeddable":true,"href":"https:\/\/baldumarket.lt\/lt\/wp-json\/wp\/v2\/product_tag?post=166482"}],"curies":[{"name":"wp","href":"https:\/\/api.w.org\/{rel}","templated":true}]}}