{"id":166477,"date":"2025-12-19T16:01:57","date_gmt":"2025-12-19T13:01:57","guid":{"rendered":"https:\/\/baldumarket.lt\/product\/indianapolis-13-stolik-kawowy-lawa-jesion-ciemny\/"},"modified":"2026-02-09T12:28:57","modified_gmt":"2026-02-09T09:28:57","slug":"indianapolis-13-stolik-kawowy-lawa-jesion-ciemny","status":"publish","type":"product","link":"https:\/\/baldumarket.lt\/lt\/product\/indianapolis-13-stolik-kawowy-lawa-jesion-ciemny\/","title":{"rendered":"INDIANAPOLIS-13 \u2013 Tamsaus uosio kavos staliukas"},"content":{"rendered":"<p>Pasisveikinkite su \u201eIndianapolis-13\u201c kavos staliuku, kuris ne tik suteiks charakterio j\u016bs\u0173 interjerui, bet ir taps unikalia susib\u016brimo vieta. Pagamintas i\u0161 tamsaus uosio, jo nat\u016brali tekst\u016bra ir eleganti\u0161kas dizainas traukia ak\u012f ir tampa bet kurio kambario traukos centru. D\u0117l minimalistin\u0117s formos jis puikiai der\u0117s tiek prie modernaus, tiek prie klasikinio interjero, sukurdamas harmoning\u0105 erdv\u0119 poilsiui. \u201eIndianapolis-13\u201c kavos staliukas buvo sukurtas galvojant apie daugiafunkci\u0161kum\u0105. Erdvus 120 cm x 60 cm stalvir\u0161is puikiai tinka atsip\u016bsti prie puodelio kvapnios kavos ar m\u0117gautis vakaru su \u0161eima ir draugais. Tamsaus uosio spalva suteikia \u0161ilumos ir jaukumo, tod\u0117l kiekviena akimirka, praleista su \u0161iuo baldu, yra i\u0161skirtin\u0117. \u0160io baldo prakti\u0161kum\u0105 pabr\u0117\u017eia dvi erdvios lentynos, skirtos \u017eurnalams, nuotolinio valdymo pultams ir kitiems smulkiems daiktams, kurie da\u017enai pasimeta svetain\u0117je, laikyti. D\u0117l to kavos staliukas atlieka ne tik estetin\u0119 funkcij\u0105, bet ir pateisina klient\u0173, norin\u010di\u0173 palaikyti tvark\u0105 ir \u0161var\u0105 savo nam\u0173 jaukumoje, l\u016bkes\u010dius.<\/p>","protected":false},"excerpt":{"rendered":"<p>Plotis (cm): 120<br \/>\n\u016agis (cm): 60<br \/>\nGylis (cm): 42<\/p>","protected":false},"featured_media":166478,"comment_status":"open","ping_status":"open","template":"","meta":[],"product_brand":[],"product_cat":[9507,866,4108],"product_tag":[],"class_list":{"0":"post-166477","1":"product","2":"type-product","3":"status-publish","4":"has-post-thumbnail","6":"product_cat-furniture-system-indianapolis-jarstol-meble","7":"product_cat-coffee-tables","8":"product_cat-jarstol","10":"first","11":"instock","12":"purchasable","13":"product-type-simple"},"_links":{"self":[{"href":"https:\/\/baldumarket.lt\/lt\/wp-json\/wp\/v2\/product\/166477","targetHints":{"allow":["GET"]}}],"collection":[{"href":"https:\/\/baldumarket.lt\/lt\/wp-json\/wp\/v2\/product"}],"about":[{"href":"https:\/\/baldumarket.lt\/lt\/wp-json\/wp\/v2\/types\/product"}],"replies":[{"embeddable":true,"href":"https:\/\/baldumarket.lt\/lt\/wp-json\/wp\/v2\/comments?post=166477"}],"wp:featuredmedia":[{"embeddable":true,"href":"https:\/\/baldumarket.lt\/lt\/wp-json\/wp\/v2\/media\/166478"}],"wp:attachment":[{"href":"https:\/\/baldumarket.lt\/lt\/wp-json\/wp\/v2\/media?parent=166477"}],"wp:term":[{"taxonomy":"product_brand","embeddable":true,"href":"https:\/\/baldumarket.lt\/lt\/wp-json\/wp\/v2\/product_brand?post=166477"},{"taxonomy":"product_cat","embeddable":true,"href":"https:\/\/baldumarket.lt\/lt\/wp-json\/wp\/v2\/product_cat?post=166477"},{"taxonomy":"product_tag","embeddable":true,"href":"https:\/\/baldumarket.lt\/lt\/wp-json\/wp\/v2\/product_tag?post=166477"}],"curies":[{"name":"wp","href":"https:\/\/api.w.org\/{rel}","templated":true}]}}