{"id":166467,"date":"2025-12-19T16:01:36","date_gmt":"2025-12-19T13:01:36","guid":{"rendered":"https:\/\/baldumarket.lt\/product\/indianapolis-13-stolik-kawowy-lawa-kraft-bialy\/"},"modified":"2026-02-09T12:29:06","modified_gmt":"2026-02-09T09:29:06","slug":"indianapolis-13-stolik-kawowy-lawa-kraft-bialy","status":"publish","type":"product","link":"https:\/\/baldumarket.lt\/lt\/product\/indianapolis-13-stolik-kawowy-lawa-kraft-bialy\/","title":{"rendered":"INDIANAPOLIS-13 \u2013 Kavos staliukas suoliuku, baltas, kraft ra\u0161to"},"content":{"rendered":"<p>Susipa\u017einkite su \u201eIndianapolis-13\u201c kavos staliuku \u2013 eleganti\u0161ku, baltos spalvos kraft spalvos kavos staliuku, kuris yra ne tik prakti\u0161kas, bet ir ne\u012ftik\u0117tinai stilingas. \u0160is baldas suteiks j\u016bs\u0173 svetainei unikalaus charakterio ir der\u0117s prie \u012fvairi\u0173 interjero dizain\u0173. Minimalistinis dizainas puikiai tinka tiek moderniam, tiek klasikiniam interjerui, sukurdamas \u0161ilt\u0105 ir jauki\u0105 atmosfer\u0105. Staliuko funkcionalumas yra neabejotina jo stiprioji pus\u0117. D\u0117l dviej\u0173 prakti\u0161k\u0173 lentyn\u0173, puikiai tinkan\u010di\u0173 \u017eurnalams, nuotolinio valdymo pultams ir kitiems nieku\u010diams laikyti, ne tik palaikysite tvark\u0105, bet ir lengvai pasieksite m\u0117gstamus aksesuarus. Unikali kavos staliuko forma leid\u017eia leisti laik\u0105 su \u0161eima ir draugais, nesvarbu, ar tai b\u016bt\u0173 sve\u010di\u0173 pri\u0117mimas, ar poilsis su puodeliu kavos. Pagamintas i\u0161 auk\u0161tos kokyb\u0117s laminuotos plok\u0161t\u0117s, kavos staliukas yra ne tik esteti\u0161kai patrauklus, bet ir patvarus bei lengvai pri\u017ei\u016brimas. Tvirta konstrukcija u\u017etikrina stabilum\u0105, tod\u0117l gal\u0117site juo d\u017eiaugtis ilg\u0105 laik\u0105. Be to, savaranki\u0161ko surinkimo galimyb\u0117 leid\u017eia lanks\u010diai pritaikyti j\u012f prie j\u016bs\u0173 nam\u0173 erdv\u0117s.<\/p>","protected":false},"excerpt":{"rendered":"<p>Plotis (cm): 120<br \/>\n\u016agis (cm): 60<br \/>\nGylis (cm): 60<\/p>","protected":false},"featured_media":166468,"comment_status":"open","ping_status":"open","template":"","meta":[],"product_brand":[],"product_cat":[9507,866,4108],"product_tag":[],"class_list":{"0":"post-166467","1":"product","2":"type-product","3":"status-publish","4":"has-post-thumbnail","6":"product_cat-furniture-system-indianapolis-jarstol-meble","7":"product_cat-coffee-tables","8":"product_cat-jarstol","10":"first","11":"instock","12":"purchasable","13":"product-type-simple"},"_links":{"self":[{"href":"https:\/\/baldumarket.lt\/lt\/wp-json\/wp\/v2\/product\/166467","targetHints":{"allow":["GET"]}}],"collection":[{"href":"https:\/\/baldumarket.lt\/lt\/wp-json\/wp\/v2\/product"}],"about":[{"href":"https:\/\/baldumarket.lt\/lt\/wp-json\/wp\/v2\/types\/product"}],"replies":[{"embeddable":true,"href":"https:\/\/baldumarket.lt\/lt\/wp-json\/wp\/v2\/comments?post=166467"}],"wp:featuredmedia":[{"embeddable":true,"href":"https:\/\/baldumarket.lt\/lt\/wp-json\/wp\/v2\/media\/166468"}],"wp:attachment":[{"href":"https:\/\/baldumarket.lt\/lt\/wp-json\/wp\/v2\/media?parent=166467"}],"wp:term":[{"taxonomy":"product_brand","embeddable":true,"href":"https:\/\/baldumarket.lt\/lt\/wp-json\/wp\/v2\/product_brand?post=166467"},{"taxonomy":"product_cat","embeddable":true,"href":"https:\/\/baldumarket.lt\/lt\/wp-json\/wp\/v2\/product_cat?post=166467"},{"taxonomy":"product_tag","embeddable":true,"href":"https:\/\/baldumarket.lt\/lt\/wp-json\/wp\/v2\/product_tag?post=166467"}],"curies":[{"name":"wp","href":"https:\/\/api.w.org\/{rel}","templated":true}]}}