{"id":166462,"date":"2025-12-19T16:01:26","date_gmt":"2025-12-19T13:01:26","guid":{"rendered":"https:\/\/baldumarket.lt\/product\/indianapolis-14-szafa-narozna-2-drzwiowa-jesion-ciemny\/"},"modified":"2026-02-09T12:29:06","modified_gmt":"2026-02-09T09:29:06","slug":"indianapolis-14-szafa-narozna-2-drzwiowa-jesion-ciemny","status":"publish","type":"product","link":"https:\/\/baldumarket.lt\/lt\/product\/indianapolis-14-szafa-narozna-2-drzwiowa-jesion-ciemny\/","title":{"rendered":"INDIANAPOLIS-14 \u2013 Dviej\u0173 dur\u0173 kampin\u0117 spinta, tamsaus uosio spalvos"},"content":{"rendered":"<p>\u201eIndianapolis\u201c kolekcijos kampin\u0117 spinta su dviem durimis \u2013 puikus sprendimas visiems, ie\u0161kantiems funkcionalumo ir elegancijos derinio. Pagaminta i\u0161 auk\u0161tos kokyb\u0117s med\u017eiag\u0173 ir padengta tamsaus uosio apdaila, \u0161i spinta nat\u016braliai suteikia jaukumo ir stiliaus bet kokiam interjerui. D\u0117l modernios formos ji skland\u017eiai dera prie \u012fvairi\u0173 interjer\u0173 ir tampa prakti\u0161ku bet kurio kambario papildymu. \u0160i spinta pasi\u017eymi i\u0161skirtine talpa, tod\u0117l idealiai tinka ma\u017eoms erdv\u0117ms. Kair\u0117je spintos pus\u0117je yra prakti\u0161ka lentyna ir pakaba drabu\u017eiams, leid\u017eianti lengvai laikyti ilgesnius drabu\u017eius, tokius kaip paltai ar suknel\u0117s. De\u0161in\u0117 pus\u0117, kita vertus, skirta tvarkingam drabu\u017ei\u0173 i\u0161d\u0117stymui, joje yra keturios erdvios lentynos, puikiai tinkan\u010dios sulankstytiems drabu\u017eiams ar papildomiems aksesuarams laikyti. D\u0117l novatori\u0161ko dizaino kampin\u0117 spinta i\u0161naudoja kiekvien\u0105 erdv\u0117s centimetr\u0105, suteikdama \u0161ilumos ir \u017eavesio net ir ma\u017eiausiems interjerams. Prakti\u0161kas dizainas leid\u017eia \u012fvairiai i\u0161d\u0117styti kampinius baldus, tod\u0117l ji yra universalus bet kuri\u0173 nam\u0173 papildymas. Be to, matin\u0117s juodos spalvos metalin\u0117s rankenos suteikia baldams modernumo, pabr\u0117\u017eiant j\u0173 rafinuot\u0105 stili\u0173.<\/p>","protected":false},"excerpt":{"rendered":"<p>Plotis (cm): 90<br \/>\n\u016agis (cm): 192<br \/>\nGylis (cm): 60<\/p>","protected":false},"featured_media":166463,"comment_status":"open","ping_status":"open","template":"","meta":[],"product_brand":[],"product_cat":[9507,4108,1177],"product_tag":[],"class_list":{"0":"post-166462","1":"product","2":"type-product","3":"status-publish","4":"has-post-thumbnail","6":"product_cat-furniture-system-indianapolis-jarstol-meble","7":"product_cat-jarstol","8":"product_cat-wardrobes","10":"first","11":"instock","12":"purchasable","13":"product-type-simple"},"_links":{"self":[{"href":"https:\/\/baldumarket.lt\/lt\/wp-json\/wp\/v2\/product\/166462","targetHints":{"allow":["GET"]}}],"collection":[{"href":"https:\/\/baldumarket.lt\/lt\/wp-json\/wp\/v2\/product"}],"about":[{"href":"https:\/\/baldumarket.lt\/lt\/wp-json\/wp\/v2\/types\/product"}],"replies":[{"embeddable":true,"href":"https:\/\/baldumarket.lt\/lt\/wp-json\/wp\/v2\/comments?post=166462"}],"wp:featuredmedia":[{"embeddable":true,"href":"https:\/\/baldumarket.lt\/lt\/wp-json\/wp\/v2\/media\/166463"}],"wp:attachment":[{"href":"https:\/\/baldumarket.lt\/lt\/wp-json\/wp\/v2\/media?parent=166462"}],"wp:term":[{"taxonomy":"product_brand","embeddable":true,"href":"https:\/\/baldumarket.lt\/lt\/wp-json\/wp\/v2\/product_brand?post=166462"},{"taxonomy":"product_cat","embeddable":true,"href":"https:\/\/baldumarket.lt\/lt\/wp-json\/wp\/v2\/product_cat?post=166462"},{"taxonomy":"product_tag","embeddable":true,"href":"https:\/\/baldumarket.lt\/lt\/wp-json\/wp\/v2\/product_tag?post=166462"}],"curies":[{"name":"wp","href":"https:\/\/api.w.org\/{rel}","templated":true}]}}