{"id":166452,"date":"2025-12-19T16:01:03","date_gmt":"2025-12-19T13:01:03","guid":{"rendered":"https:\/\/baldumarket.lt\/product\/indianapolis-14-szafa-narozna-2-drzwiowa-kraft-bialy\/"},"modified":"2026-02-09T12:29:06","modified_gmt":"2026-02-09T09:29:06","slug":"indianapolis-14-szafa-narozna-2-drzwiowa-kraft-bialy","status":"publish","type":"product","link":"https:\/\/baldumarket.lt\/lt\/product\/indianapolis-14-szafa-narozna-2-drzwiowa-kraft-bialy\/","title":{"rendered":"INDIANAPOLIS-14 \u2013 Dviej\u0173 dur\u0173 kampin\u0117 spinta, balta, kraft ra\u0161to"},"content":{"rendered":"<p>Balta kampin\u0117 spinta \u201eIndianapolis-14\u201c, pagaminta i\u0161 auk\u0161tos kokyb\u0117s laminuotos plok\u0161t\u0117s, puikiai papildys bet kok\u012f interjer\u0105, suteikdama gaivumo ir jaukumo. D\u0117l minimalistinio dizaino \u0161is \u201eIndianapolis\u201c kolekcijos baldas tampa subtiliu akcentu j\u016bs\u0173 interjere. Nesijaudinkite d\u0117l vietos \u2013 \u0161i erdvi kampin\u0117 spinta leid\u017eia lengvai susitvarkyti savo garderob\u0105. Kair\u0117je pus\u0117je yra viena lentyna ir skersinis, leid\u017eiantis pakabinti m\u0117gstamiausius daiktus. De\u0161in\u0117je pus\u0117je yra keturios prakti\u0161kos lentynos, puikiai tinkan\u010dios sulankstytiems drabu\u017eiams laikyti ir u\u017etikrinan\u010dios lengv\u0105 prieig\u0105 prie j\u0173 kiekvien\u0105 dien\u0105. Sukurta atsi\u017evelgiant \u012f maksimal\u0173 funkcionalum\u0105, \u201eIndianapolis-14\u201c spinta prisitaikys prie j\u016bs\u0173 poreiki\u0173. Dar geresnei organizavimo galimybei kair\u0117je pus\u0117je galite prid\u0117ti tris lentynas. Taip sukuriama lanksti erdv\u0117, kurioje kiekvienas daiktas ras savo viet\u0105, o interjeras bus tvarkingas.<\/p>","protected":false},"excerpt":{"rendered":"<p>Plotis (cm): 96<br \/>\n\u016agis (cm): 192<br \/>\nGylis (cm): 106<\/p>","protected":false},"featured_media":166453,"comment_status":"open","ping_status":"open","template":"","meta":[],"product_brand":[],"product_cat":[9507,4108,1177],"product_tag":[],"class_list":{"0":"post-166452","1":"product","2":"type-product","3":"status-publish","4":"has-post-thumbnail","6":"product_cat-furniture-system-indianapolis-jarstol-meble","7":"product_cat-jarstol","8":"product_cat-wardrobes","10":"first","11":"instock","12":"purchasable","13":"product-type-simple"},"_links":{"self":[{"href":"https:\/\/baldumarket.lt\/lt\/wp-json\/wp\/v2\/product\/166452","targetHints":{"allow":["GET"]}}],"collection":[{"href":"https:\/\/baldumarket.lt\/lt\/wp-json\/wp\/v2\/product"}],"about":[{"href":"https:\/\/baldumarket.lt\/lt\/wp-json\/wp\/v2\/types\/product"}],"replies":[{"embeddable":true,"href":"https:\/\/baldumarket.lt\/lt\/wp-json\/wp\/v2\/comments?post=166452"}],"wp:featuredmedia":[{"embeddable":true,"href":"https:\/\/baldumarket.lt\/lt\/wp-json\/wp\/v2\/media\/166453"}],"wp:attachment":[{"href":"https:\/\/baldumarket.lt\/lt\/wp-json\/wp\/v2\/media?parent=166452"}],"wp:term":[{"taxonomy":"product_brand","embeddable":true,"href":"https:\/\/baldumarket.lt\/lt\/wp-json\/wp\/v2\/product_brand?post=166452"},{"taxonomy":"product_cat","embeddable":true,"href":"https:\/\/baldumarket.lt\/lt\/wp-json\/wp\/v2\/product_cat?post=166452"},{"taxonomy":"product_tag","embeddable":true,"href":"https:\/\/baldumarket.lt\/lt\/wp-json\/wp\/v2\/product_tag?post=166452"}],"curies":[{"name":"wp","href":"https:\/\/api.w.org\/{rel}","templated":true}]}}