{"id":166446,"date":"2025-12-19T16:00:50","date_gmt":"2025-12-19T13:00:50","guid":{"rendered":"https:\/\/baldumarket.lt\/product\/indianapolis-15-komoda-narozna-3-drzwiowa-jesion-ciemny\/"},"modified":"2026-02-09T12:29:06","modified_gmt":"2026-02-09T09:29:06","slug":"indianapolis-15-komoda-narozna-3-drzwiowa-jesion-ciemny","status":"publish","type":"product","link":"https:\/\/baldumarket.lt\/lt\/product\/indianapolis-15-komoda-narozna-3-drzwiowa-jesion-ciemny\/","title":{"rendered":"INDIANAPOLIS-15 &#8211; Kampin\u0117 komoda su 3 durimis, tamsaus uosio spalva"},"content":{"rendered":"<p>Kampin\u0117 komoda \u201eIndianapolis-15\u201c \u2013 puikus sprendimas tiems, kurie vertina ir funkcionalum\u0105, ir eleganti\u0161k\u0105 dizain\u0105. Pagaminta i\u0161 laminuotos plok\u0161t\u0117s su tamsia uosio apdaila, \u0161i komoda papuo\u0161 bet koki\u0105 erdv\u0119, suteikdama jai modernumo ir jaukumo. Unikali forma leid\u017eia jai tilpti net ir ma\u017eiausiuose kambariuose, maksimaliai i\u0161naudojant turim\u0105 erdv\u0119. \u0160i komoda yra ne tik esteti\u0161kai patraukli, bet ir ne\u012ftik\u0117tinai prakti\u0161ka. D\u0117l i\u0161manaus vidinio i\u0161planavimo ji si\u016blo didel\u0119 talp\u0105 daiktams susid\u0117ti. Apgalvotas spinteli\u0173 i\u0161d\u0117stymas su erdviomis lentynomis leid\u017eia lengvai susitvarkyti daiktus, tod\u0117l kasdienis naudojimas tampa daug patogesnis. Tiek kair\u0117je, tiek de\u0161in\u0117je komodos pus\u0117se yra daugyb\u0117 daikt\u0173 laikymo galimybi\u0173 \u2013 nuo smulki\u0173 iki didesni\u0173. Ap\u0161vietimas galimas kaip papildomas priedas, \u012fsigyjamas atskirai. Matin\u0117s juodos metalin\u0117s ranken\u0117l\u0117s puikiai papildo dizain\u0105, pabr\u0117\u017edamos auk\u0161t\u0105 meistri\u0161kumo kokyb\u0119 ir d\u0117mes\u012f detal\u0117ms, b\u016bdingus \u201eJarstol\u201c prek\u0117s \u017eenklui. Kiekvienas komodos elementas buvo kruop\u0161\u010diai sukurtas, siekiant sukurti darni\u0105 visum\u0105, derinant modernum\u0105 su funkcionalumu. Indauja taip pat galima \u012fsigyti atvirk\u0161tin\u0119 versij\u0105, suteikian\u010di\u0105 papildom\u0173 dizaino galimybi\u0173. Ap\u0161vietimas galimas kaip papildomas priedas, \u012fsigyjamas atskirai.<\/p>","protected":false},"excerpt":{"rendered":"<p>Plotis (cm): 131<br \/>\n\u016agis (cm): 103,5<br \/>\nGylis (cm): 58<\/p>","protected":false},"featured_media":166447,"comment_status":"open","ping_status":"open","template":"","meta":[],"product_brand":[],"product_cat":[9507,1173,4108],"product_tag":[],"class_list":{"0":"post-166446","1":"product","2":"type-product","3":"status-publish","4":"has-post-thumbnail","6":"product_cat-furniture-system-indianapolis-jarstol-meble","7":"product_cat-chests-of-drawers","8":"product_cat-jarstol","10":"first","11":"instock","12":"purchasable","13":"product-type-simple"},"_links":{"self":[{"href":"https:\/\/baldumarket.lt\/lt\/wp-json\/wp\/v2\/product\/166446","targetHints":{"allow":["GET"]}}],"collection":[{"href":"https:\/\/baldumarket.lt\/lt\/wp-json\/wp\/v2\/product"}],"about":[{"href":"https:\/\/baldumarket.lt\/lt\/wp-json\/wp\/v2\/types\/product"}],"replies":[{"embeddable":true,"href":"https:\/\/baldumarket.lt\/lt\/wp-json\/wp\/v2\/comments?post=166446"}],"wp:featuredmedia":[{"embeddable":true,"href":"https:\/\/baldumarket.lt\/lt\/wp-json\/wp\/v2\/media\/166447"}],"wp:attachment":[{"href":"https:\/\/baldumarket.lt\/lt\/wp-json\/wp\/v2\/media?parent=166446"}],"wp:term":[{"taxonomy":"product_brand","embeddable":true,"href":"https:\/\/baldumarket.lt\/lt\/wp-json\/wp\/v2\/product_brand?post=166446"},{"taxonomy":"product_cat","embeddable":true,"href":"https:\/\/baldumarket.lt\/lt\/wp-json\/wp\/v2\/product_cat?post=166446"},{"taxonomy":"product_tag","embeddable":true,"href":"https:\/\/baldumarket.lt\/lt\/wp-json\/wp\/v2\/product_tag?post=166446"}],"curies":[{"name":"wp","href":"https:\/\/api.w.org\/{rel}","templated":true}]}}