{"id":166441,"date":"2025-12-19T16:00:40","date_gmt":"2025-12-19T13:00:40","guid":{"rendered":"https:\/\/baldumarket.lt\/product\/indianapolis-15-komoda-narozna-3-drzwiowa-jesion-jasny\/"},"modified":"2026-02-09T12:29:06","modified_gmt":"2026-02-09T09:29:06","slug":"indianapolis-15-komoda-narozna-3-drzwiowa-jesion-jasny","status":"publish","type":"product","link":"https:\/\/baldumarket.lt\/lt\/product\/indianapolis-15-komoda-narozna-3-drzwiowa-jesion-jasny\/","title":{"rendered":"INDIANAPOLIS-15 &#8211; Kampin\u0117 komoda su 3 durimis, \u0161viesaus uosio spalvos"},"content":{"rendered":"<p>Atraskite kampin\u0119 komod\u0105 \u201eIndianapolis-15\u201c \u2013 tikr\u0105 lob\u012f bet kuriame interjere! \u0160i eleganti\u0161ka komoda, kurios plotis \u2013 131 cm, auk\u0161tis \u2013 103,5 cm, o gylis \u2013 42 cm, pagaminta i\u0161 \u0161viesaus uosio medienos, yra puikus sprendimas tiems, kurie trok\u0161ta estetikos ir funkcionalumo viename. Minimalistinis dizainas leid\u017eia j\u0105 lengvai integruoti \u012f \u012fvairius interjerus, o nat\u016brali med\u017eio spalva suteikia bet kokiam kambariui \u0161ilumos ir jaukumo. Komodoje yra apgalvotos, erdvios lentynos, kuriose lengva susid\u0117ti m\u0117gstamiausius daiktus. D\u0117l kampin\u0117s formos komoda tilps bet kuriame kampe, optimizuojant turim\u0105 erdv\u0119. Tai idealus pasirinkimas tiek svetainei, tiek miegamajam, kur estetika dera su prakti\u0161kumu, sukuriant tobul\u0105 daikt\u0173 laikymo viet\u0105. Metalin\u0117s ranken\u0117l\u0117s suteikia modernumo ir puikiai dera su bendru dizainu, pabr\u0117\u017edamos kruop\u0161t\u0173 meistri\u0161kum\u0105 ir d\u0117mes\u012f detal\u0117ms. Jos paver\u010dia \u0161ios komodos naudojim\u0105 grynu malonumu. Nesvarbu, ar joje laikote knygas, \u017eaislus ar kitus smulkius daiktus, viskas visada bus po ranka ir tvarkingai.<\/p>","protected":false},"excerpt":{"rendered":"<p>Plotis (cm): 131<br \/>\n\u016agis (cm): 103,5<br \/>\nGylis (cm): 42<\/p>","protected":false},"featured_media":166442,"comment_status":"open","ping_status":"open","template":"","meta":[],"product_brand":[],"product_cat":[9507,1173,4108],"product_tag":[],"class_list":{"0":"post-166441","1":"product","2":"type-product","3":"status-publish","4":"has-post-thumbnail","6":"product_cat-furniture-system-indianapolis-jarstol-meble","7":"product_cat-chests-of-drawers","8":"product_cat-jarstol","10":"first","11":"instock","12":"purchasable","13":"product-type-simple"},"_links":{"self":[{"href":"https:\/\/baldumarket.lt\/lt\/wp-json\/wp\/v2\/product\/166441","targetHints":{"allow":["GET"]}}],"collection":[{"href":"https:\/\/baldumarket.lt\/lt\/wp-json\/wp\/v2\/product"}],"about":[{"href":"https:\/\/baldumarket.lt\/lt\/wp-json\/wp\/v2\/types\/product"}],"replies":[{"embeddable":true,"href":"https:\/\/baldumarket.lt\/lt\/wp-json\/wp\/v2\/comments?post=166441"}],"wp:featuredmedia":[{"embeddable":true,"href":"https:\/\/baldumarket.lt\/lt\/wp-json\/wp\/v2\/media\/166442"}],"wp:attachment":[{"href":"https:\/\/baldumarket.lt\/lt\/wp-json\/wp\/v2\/media?parent=166441"}],"wp:term":[{"taxonomy":"product_brand","embeddable":true,"href":"https:\/\/baldumarket.lt\/lt\/wp-json\/wp\/v2\/product_brand?post=166441"},{"taxonomy":"product_cat","embeddable":true,"href":"https:\/\/baldumarket.lt\/lt\/wp-json\/wp\/v2\/product_cat?post=166441"},{"taxonomy":"product_tag","embeddable":true,"href":"https:\/\/baldumarket.lt\/lt\/wp-json\/wp\/v2\/product_tag?post=166441"}],"curies":[{"name":"wp","href":"https:\/\/api.w.org\/{rel}","templated":true}]}}