{"id":166436,"date":"2025-12-19T16:00:30","date_gmt":"2025-12-19T13:00:30","guid":{"rendered":"https:\/\/baldumarket.lt\/product\/indianapolis-15-komoda-narozna-3-drzwiowa-kraft-bialy\/"},"modified":"2026-02-09T12:29:06","modified_gmt":"2026-02-09T09:29:06","slug":"indianapolis-15-komoda-narozna-3-drzwiowa-kraft-bialy","status":"publish","type":"product","link":"https:\/\/baldumarket.lt\/lt\/product\/indianapolis-15-komoda-narozna-3-drzwiowa-kraft-bialy\/","title":{"rendered":"INDIANAPOLIS-15 &#8211; Kampin\u0117 komoda su 3 durimis, balta, kraft ra\u0161to"},"content":{"rendered":"<p>Atraskite kampin\u0119 komod\u0105 \u201eIndianapolis-15\u201c, kuri bet kokiam interjerui suteiks harmonijos ir stiliaus. Minimalistin\u0117 \u201eKraft White\u201c spalvos forma puikiai dera prie \u0161iuolaikini\u0173 interjero dizaino tendencij\u0173 ir suteikia jaukumo bei elegancijos. D\u0117l kruop\u0161\u010diai apgalvoto dizaino \u0161i komoda yra ne tik baldas, bet ir ry\u0161kus dekoratyvinis elementas, pritrauksiantis sve\u010di\u0173 d\u0117mes\u012f. Sukurta atsi\u017evelgiant \u012f maksimal\u0173 funkcionalum\u0105, ji si\u016blo daug vietos daiktams susid\u0117ti. D\u0117l i\u0161manaus dizaino ji lengvai tilps bet kuriame kambario kampe, tod\u0117l tai idealus sprendimas ma\u017eoms erdv\u0117ms. D\u0117l \u012fvairi\u0173 lentyn\u0173 galite susisteminti daiktus pagal savo poreikius, tod\u0117l kasdienis naudojimas bus lengvesnis. Verta atkreipti d\u0117mes\u012f \u012f metalines rankenas, kurios suteikia komodai unikal\u0173 charakter\u012f. \u0160i detal\u0117 pabr\u0117\u017eia d\u0117mes\u012f kiekvienam \u0161io baldo dizaino aspektui. Durel\u0117s atsidaro skland\u017eiai ir tyliai, u\u017etikrindamos patog\u0173 naudojim\u0105. Kampin\u0117 komoda i\u0161 \u201eIndianapolis\u201c kolekcijos yra estetikos ir prakti\u0161kumo derinio rezultatas.<\/p>","protected":false},"excerpt":{"rendered":"<p>Plotis (cm): 131<br \/>\n\u016agis (cm): 103,5<br \/>\nGylis (cm): 42<\/p>","protected":false},"featured_media":166437,"comment_status":"open","ping_status":"open","template":"","meta":[],"product_brand":[],"product_cat":[9507,1173,4108],"product_tag":[],"class_list":{"0":"post-166436","1":"product","2":"type-product","3":"status-publish","4":"has-post-thumbnail","6":"product_cat-furniture-system-indianapolis-jarstol-meble","7":"product_cat-chests-of-drawers","8":"product_cat-jarstol","10":"first","11":"instock","12":"purchasable","13":"product-type-simple"},"_links":{"self":[{"href":"https:\/\/baldumarket.lt\/lt\/wp-json\/wp\/v2\/product\/166436","targetHints":{"allow":["GET"]}}],"collection":[{"href":"https:\/\/baldumarket.lt\/lt\/wp-json\/wp\/v2\/product"}],"about":[{"href":"https:\/\/baldumarket.lt\/lt\/wp-json\/wp\/v2\/types\/product"}],"replies":[{"embeddable":true,"href":"https:\/\/baldumarket.lt\/lt\/wp-json\/wp\/v2\/comments?post=166436"}],"wp:featuredmedia":[{"embeddable":true,"href":"https:\/\/baldumarket.lt\/lt\/wp-json\/wp\/v2\/media\/166437"}],"wp:attachment":[{"href":"https:\/\/baldumarket.lt\/lt\/wp-json\/wp\/v2\/media?parent=166436"}],"wp:term":[{"taxonomy":"product_brand","embeddable":true,"href":"https:\/\/baldumarket.lt\/lt\/wp-json\/wp\/v2\/product_brand?post=166436"},{"taxonomy":"product_cat","embeddable":true,"href":"https:\/\/baldumarket.lt\/lt\/wp-json\/wp\/v2\/product_cat?post=166436"},{"taxonomy":"product_tag","embeddable":true,"href":"https:\/\/baldumarket.lt\/lt\/wp-json\/wp\/v2\/product_tag?post=166436"}],"curies":[{"name":"wp","href":"https:\/\/api.w.org\/{rel}","templated":true}]}}