{"id":166429,"date":"2025-12-19T16:00:16","date_gmt":"2025-12-19T13:00:16","guid":{"rendered":"https:\/\/baldumarket.lt\/product\/indianapolis-16-biurko-4-szuflady-jesion-ciemny\/"},"modified":"2026-02-09T12:29:06","modified_gmt":"2026-02-09T09:29:06","slug":"indianapolis-16-biurko-4-szuflady-jesion-ciemny","status":"publish","type":"product","link":"https:\/\/baldumarket.lt\/lt\/product\/indianapolis-16-biurko-4-szuflady-jesion-ciemny\/","title":{"rendered":"INDIANAPOLIS-16 &#8211; 4 stal\u010di\u0173 ra\u0161omasis stalas, tamsaus uosio spalvos"},"content":{"rendered":"<p>\u201eIndianapolis-16\u201c ra\u0161omasis stalas \u2013 puikus pasirinkimas tiems, kurie savo interjere ie\u0161ko elegancijos ir funkcionalumo. Tamsiai ruda pelen\u0173 spalva kartu su minimalistiniu dizainu puikiai tinka \u012fvairioms aplinkoms \u2013 nuo modernaus biuro iki jaukios darbo vietos svetain\u0117je. Tai ry\u0161kus baldas, kuris taip pat tampa prakti\u0161ku kasdienio gyvenimo papildymu. Tur\u0117damas keturis erdvius stal\u010dius, \u201eIndianapolis-16\u201c ra\u0161omasis stalas si\u016blo daug vietos dokumentams ir \u012fvairiems kasdien naudojamiems priedams. Integruota i\u0161traukiama klaviat\u016bros ar ne\u0161iojamojo kompiuterio lentyna suteikia papildomo patogumo, leid\u017eia laisvai naudoti savo darbo viet\u0105 ir palaikyti joje tvark\u0105. Sukurtas atsi\u017evelgiant \u012f kasdien\u012f naudojim\u0105, stalas tampa ne\u012fkainojamu palydovu atliekant savo pareigas. Eleganti\u0161kos metalin\u0117s rankenos suteikia baldui unikal\u0173 charakter\u012f ir puikiai papildo tamsi\u0105 pelen\u0173 spalv\u0105. B\u016btent \u0161ios detal\u0117s daro stal\u0105 ne tik prakti\u0161ku, bet ir stilingu akcentu bet kuriame interjere. Nesvarbu, ar dirbate nuotoliniu b\u016bdu, ar atliekate nam\u0173 darbus, \u201eIndianapolis-16\u201c ra\u0161omasis stalas suteiks jums komforto ir \u012fkv\u0117pimo.<\/p>","protected":false},"excerpt":{"rendered":"<p>Plotis (cm): 120<br \/>\n\u016agis (cm): 81,5<br \/>\nGylis (cm): 42<\/p>","protected":false},"featured_media":166430,"comment_status":"open","ping_status":"open","template":"","meta":[],"product_brand":[],"product_cat":[9507,1312,4108],"product_tag":[],"class_list":{"0":"post-166429","1":"product","2":"type-product","3":"status-publish","4":"has-post-thumbnail","6":"product_cat-furniture-system-indianapolis-jarstol-meble","7":"product_cat-desks","8":"product_cat-jarstol","10":"first","11":"instock","12":"purchasable","13":"product-type-simple"},"_links":{"self":[{"href":"https:\/\/baldumarket.lt\/lt\/wp-json\/wp\/v2\/product\/166429","targetHints":{"allow":["GET"]}}],"collection":[{"href":"https:\/\/baldumarket.lt\/lt\/wp-json\/wp\/v2\/product"}],"about":[{"href":"https:\/\/baldumarket.lt\/lt\/wp-json\/wp\/v2\/types\/product"}],"replies":[{"embeddable":true,"href":"https:\/\/baldumarket.lt\/lt\/wp-json\/wp\/v2\/comments?post=166429"}],"wp:featuredmedia":[{"embeddable":true,"href":"https:\/\/baldumarket.lt\/lt\/wp-json\/wp\/v2\/media\/166430"}],"wp:attachment":[{"href":"https:\/\/baldumarket.lt\/lt\/wp-json\/wp\/v2\/media?parent=166429"}],"wp:term":[{"taxonomy":"product_brand","embeddable":true,"href":"https:\/\/baldumarket.lt\/lt\/wp-json\/wp\/v2\/product_brand?post=166429"},{"taxonomy":"product_cat","embeddable":true,"href":"https:\/\/baldumarket.lt\/lt\/wp-json\/wp\/v2\/product_cat?post=166429"},{"taxonomy":"product_tag","embeddable":true,"href":"https:\/\/baldumarket.lt\/lt\/wp-json\/wp\/v2\/product_tag?post=166429"}],"curies":[{"name":"wp","href":"https:\/\/api.w.org\/{rel}","templated":true}]}}