{"id":166423,"date":"2025-12-19T16:00:03","date_gmt":"2025-12-19T13:00:03","guid":{"rendered":"https:\/\/baldumarket.lt\/product\/indianapolis-16-biurko-4-szuflady-jesion-jasny\/"},"modified":"2026-02-09T12:29:14","modified_gmt":"2026-02-09T09:29:14","slug":"indianapolis-16-biurko-4-szuflady-jesion-jasny","status":"publish","type":"product","link":"https:\/\/baldumarket.lt\/lt\/product\/indianapolis-16-biurko-4-szuflady-jesion-jasny\/","title":{"rendered":"INDIANAPOLIS-16 \u2013 4 stal\u010di\u0173 ra\u0161omasis stalas, \u0161viesaus uosio spalvos"},"content":{"rendered":"<p>\u201eIndianapolis-16\u201c ra\u0161omasis stalas tampa bet kurio kambario traukos centru \u2013 tiek svetain\u0117je, tiek biure, tiek darbo kambaryje. Stalas turi keturis erdvius stal\u010dius, kurie padeda susitvarkyti dokumentus ir laikyti \u012fvairius priedus. Erdvus stalvir\u0161is suteikia daug vietos ne\u0161iojamajam kompiuteriui, u\u017era\u0161ams ir kitiems darbo reikmenims. Be to, prakti\u0161ka i\u0161traukiama lentyna klaviat\u016brai praturtina \u0161io unikalaus baldo naudojim\u0105 ir u\u017etikrina patog\u0173 darb\u0105 ilgesn\u012f laik\u0105. Stilingos metalin\u0117s rankenos ne tik suteikia modernumo, bet ir pabr\u0117\u017eia stalo patvarum\u0105 bei apdailos kokyb\u0119. Kiekviena detal\u0117 buvo kruop\u0161\u010diai apgalvota, siekiant u\u017etikrinti visi\u0161k\u0105 naudotojo pasitenkinim\u0105. Stalas yra trij\u0173 skirting\u0173 spalv\u0173, tod\u0117l galite j\u012f priderinti prie savo individuali\u0173 pageidavim\u0173 ir interjero spalv\u0173 schemos.<\/p>","protected":false},"excerpt":{"rendered":"<p>Plotis (cm): 120<br \/>\n\u016agis (cm): 81,5<br \/>\nGylis (cm): 60<\/p>","protected":false},"featured_media":166424,"comment_status":"open","ping_status":"open","template":"","meta":[],"product_brand":[],"product_cat":[9507,1312,4108],"product_tag":[],"class_list":{"0":"post-166423","1":"product","2":"type-product","3":"status-publish","4":"has-post-thumbnail","6":"product_cat-furniture-system-indianapolis-jarstol-meble","7":"product_cat-desks","8":"product_cat-jarstol","10":"first","11":"instock","12":"purchasable","13":"product-type-simple"},"_links":{"self":[{"href":"https:\/\/baldumarket.lt\/lt\/wp-json\/wp\/v2\/product\/166423","targetHints":{"allow":["GET"]}}],"collection":[{"href":"https:\/\/baldumarket.lt\/lt\/wp-json\/wp\/v2\/product"}],"about":[{"href":"https:\/\/baldumarket.lt\/lt\/wp-json\/wp\/v2\/types\/product"}],"replies":[{"embeddable":true,"href":"https:\/\/baldumarket.lt\/lt\/wp-json\/wp\/v2\/comments?post=166423"}],"wp:featuredmedia":[{"embeddable":true,"href":"https:\/\/baldumarket.lt\/lt\/wp-json\/wp\/v2\/media\/166424"}],"wp:attachment":[{"href":"https:\/\/baldumarket.lt\/lt\/wp-json\/wp\/v2\/media?parent=166423"}],"wp:term":[{"taxonomy":"product_brand","embeddable":true,"href":"https:\/\/baldumarket.lt\/lt\/wp-json\/wp\/v2\/product_brand?post=166423"},{"taxonomy":"product_cat","embeddable":true,"href":"https:\/\/baldumarket.lt\/lt\/wp-json\/wp\/v2\/product_cat?post=166423"},{"taxonomy":"product_tag","embeddable":true,"href":"https:\/\/baldumarket.lt\/lt\/wp-json\/wp\/v2\/product_tag?post=166423"}],"curies":[{"name":"wp","href":"https:\/\/api.w.org\/{rel}","templated":true}]}}