{"id":166417,"date":"2025-12-19T15:59:51","date_gmt":"2025-12-19T12:59:51","guid":{"rendered":"https:\/\/baldumarket.lt\/product\/indianapolis-16-biurko-4-szuflady-kraft-bialy\/"},"modified":"2026-02-09T12:29:14","modified_gmt":"2026-02-09T09:29:14","slug":"indianapolis-16-biurko-4-szuflady-kraft-bialy","status":"publish","type":"product","link":"https:\/\/baldumarket.lt\/lt\/product\/indianapolis-16-biurko-4-szuflady-kraft-bialy\/","title":{"rendered":"INDIANAPOLIS-16 &#8211; 4 stal\u010di\u0173 Kraft ra\u0161to ra\u0161omasis stalas, baltas"},"content":{"rendered":"<p>Atraskite \u201eIndianapolis-16\u201c ra\u0161om\u0105j\u012f stal\u0105 \u2013 puik\u0173 pasirinkim\u0105 tiems, kurie vertina funkcionalum\u0105 ir elegancij\u0105. Subtili balta kraft spalva suteikia jam modern\u0173 vaizd\u0105, kuris puikiai der\u0117s prie \u012fvairi\u0173 interjero dizain\u0173. \u0160is baldas gali papuo\u0161ti biuro erdv\u0119 arba b\u016bti stilingu baldu svetain\u0117je ar darbo kambaryje. D\u0117l elegancijos ir paprastumo jis taps j\u016bs\u0173 darbo vietos ar poilsio zonos traukos centru. Stalas sukurtas atsi\u017evelgiant \u012f kasdien\u012f naudojim\u0105. Jame yra keturi erdv\u016bs stal\u010diai, tod\u0117l jame yra daug vietos dokumentams ir \u012fvairiems priedams. Kiekvienas stal\u010dius suteikia lengv\u0105 prieig\u0105 prie b\u016btiniausi\u0173 daikt\u0173, skatina tvark\u0105 ir darbo efektyvum\u0105. Be to, i\u0161traukiama lentyna klaviat\u016brai ar ne\u0161iojamam kompiuteriui u\u017etikrina patog\u0173 naudojim\u0105 ir patogi\u0105 darbo pad\u0117t\u012f. Did\u017eiausias \u201eIndianapolis-16\u201c stalo privalumas \u2013 metalin\u0117s rankenos, suteikian\u010dios jam unikal\u0173 charakter\u012f ir modern\u0173 vaizd\u0105. \u0160ios eleganti\u0161kos detal\u0117s traukia ak\u012f ir daro bald\u0105 dar stilingesn\u012f. Universalus dizainas rei\u0161kia, kad stalas puikiai der\u0117s prie \u012fvairi\u0173 dekoro stili\u0173 \u2013 nuo minimalistinio iki klasikinio, tod\u0117l jis yra puikus pasirinkimas bet kokiam interjerui.<\/p>","protected":false},"excerpt":{"rendered":"<p>Plotis (cm): 120<br \/>\n\u016agis (cm): 81,5<br \/>\nGylis (cm): 60<\/p>","protected":false},"featured_media":166418,"comment_status":"open","ping_status":"open","template":"","meta":[],"product_brand":[],"product_cat":[9507,1312,4108],"product_tag":[],"class_list":{"0":"post-166417","1":"product","2":"type-product","3":"status-publish","4":"has-post-thumbnail","6":"product_cat-furniture-system-indianapolis-jarstol-meble","7":"product_cat-desks","8":"product_cat-jarstol","10":"first","11":"instock","12":"purchasable","13":"product-type-simple"},"_links":{"self":[{"href":"https:\/\/baldumarket.lt\/lt\/wp-json\/wp\/v2\/product\/166417","targetHints":{"allow":["GET"]}}],"collection":[{"href":"https:\/\/baldumarket.lt\/lt\/wp-json\/wp\/v2\/product"}],"about":[{"href":"https:\/\/baldumarket.lt\/lt\/wp-json\/wp\/v2\/types\/product"}],"replies":[{"embeddable":true,"href":"https:\/\/baldumarket.lt\/lt\/wp-json\/wp\/v2\/comments?post=166417"}],"wp:featuredmedia":[{"embeddable":true,"href":"https:\/\/baldumarket.lt\/lt\/wp-json\/wp\/v2\/media\/166418"}],"wp:attachment":[{"href":"https:\/\/baldumarket.lt\/lt\/wp-json\/wp\/v2\/media?parent=166417"}],"wp:term":[{"taxonomy":"product_brand","embeddable":true,"href":"https:\/\/baldumarket.lt\/lt\/wp-json\/wp\/v2\/product_brand?post=166417"},{"taxonomy":"product_cat","embeddable":true,"href":"https:\/\/baldumarket.lt\/lt\/wp-json\/wp\/v2\/product_cat?post=166417"},{"taxonomy":"product_tag","embeddable":true,"href":"https:\/\/baldumarket.lt\/lt\/wp-json\/wp\/v2\/product_tag?post=166417"}],"curies":[{"name":"wp","href":"https:\/\/api.w.org\/{rel}","templated":true}]}}