{"id":166411,"date":"2025-12-19T15:59:38","date_gmt":"2025-12-19T12:59:38","guid":{"rendered":"https:\/\/baldumarket.lt\/product\/indianapolis-18-szafa-4d2s-jesion-ciemny\/"},"modified":"2026-02-09T12:29:14","modified_gmt":"2026-02-09T09:29:14","slug":"indianapolis-18-szafa-4d2s-jesion-ciemny","status":"publish","type":"product","link":"https:\/\/baldumarket.lt\/lt\/product\/indianapolis-18-szafa-4d2s-jesion-ciemny\/","title":{"rendered":"INDIANAPOLIS-18 \u2013 Drabu\u017ein\u0117 4D2S Tamsaus uosio spalvos"},"content":{"rendered":"<p>Spinta \u201eIndianapolis-18\u201c j\u016bs\u0173 interjere derina estetik\u0105 ir funkcionalum\u0105. Pagaminta i\u0161 tamsiai rudos uosio medienos, eleganti\u0161ka i\u0161vaizda suteiks elegancijos bet kuriam kambariui. Unikali laminuotos plok\u0161t\u0117s apdaila suteikia baldui modernumo, o spalva puikiai dera su kitais interjero elementais. \u0160i spinta ne tik traukia ak\u012f, bet ir tampa bet kurio miegamojo ar prie\u0161kambario \u0161irdimi. Vienas did\u017eiausi\u0173 \u201eIndianapolis-18\u201c spintos privalum\u0173 \u2013 gerai apgalvotas dizainas, leid\u017eiantis efektyviai i\u0161naudoti erdv\u0119. D\u0117l keturi\u0173 dureli\u0173 ir dviej\u0173 dideli\u0173 stal\u010di\u0173 kiekvienas ras viet\u0105 savo daiktams. Penkios lentynos lengvai sutalpins visk\u0105, ko reikia susitvarkyti, o du drabu\u017ei\u0173 kabliai supaprastins spintos organizavim\u0105. Dabar galite m\u0117gautis didesne tvarka ir visi\u0161ku komfortu kasdien naudojantis. Ne tik funkcionalumas, bet ir stilius daro \u0161i\u0105 spint\u0105 unikali\u0105. Minimalistinis dizainas su eleganti\u0161komis matin\u0117mis juodomis rankenomis kartu su tamsiu uosio atspalviu sukuria unikali\u0105 atmosfer\u0105. Spinta puikiai dera prie \u012fvairi\u0173 interjer\u0173 \u2013 nuo modernaus iki klasikinio, suteikdama interjerui harmonijos ir jaukumo. Tai baldas, kuris taps bet kurio kambario traukos centru.<\/p>","protected":false},"excerpt":{"rendered":"<p>Plotis (cm): 178<br \/>\n\u016agis (cm): 214<br \/>\nGylis (cm): 60<\/p>","protected":false},"featured_media":166412,"comment_status":"open","ping_status":"open","template":"","meta":[],"product_brand":[],"product_cat":[9507,4108,1177],"product_tag":[],"class_list":{"0":"post-166411","1":"product","2":"type-product","3":"status-publish","4":"has-post-thumbnail","6":"product_cat-furniture-system-indianapolis-jarstol-meble","7":"product_cat-jarstol","8":"product_cat-wardrobes","10":"first","11":"instock","12":"purchasable","13":"product-type-simple"},"_links":{"self":[{"href":"https:\/\/baldumarket.lt\/lt\/wp-json\/wp\/v2\/product\/166411","targetHints":{"allow":["GET"]}}],"collection":[{"href":"https:\/\/baldumarket.lt\/lt\/wp-json\/wp\/v2\/product"}],"about":[{"href":"https:\/\/baldumarket.lt\/lt\/wp-json\/wp\/v2\/types\/product"}],"replies":[{"embeddable":true,"href":"https:\/\/baldumarket.lt\/lt\/wp-json\/wp\/v2\/comments?post=166411"}],"wp:featuredmedia":[{"embeddable":true,"href":"https:\/\/baldumarket.lt\/lt\/wp-json\/wp\/v2\/media\/166412"}],"wp:attachment":[{"href":"https:\/\/baldumarket.lt\/lt\/wp-json\/wp\/v2\/media?parent=166411"}],"wp:term":[{"taxonomy":"product_brand","embeddable":true,"href":"https:\/\/baldumarket.lt\/lt\/wp-json\/wp\/v2\/product_brand?post=166411"},{"taxonomy":"product_cat","embeddable":true,"href":"https:\/\/baldumarket.lt\/lt\/wp-json\/wp\/v2\/product_cat?post=166411"},{"taxonomy":"product_tag","embeddable":true,"href":"https:\/\/baldumarket.lt\/lt\/wp-json\/wp\/v2\/product_tag?post=166411"}],"curies":[{"name":"wp","href":"https:\/\/api.w.org\/{rel}","templated":true}]}}