{"id":166406,"date":"2025-12-19T15:59:28","date_gmt":"2025-12-19T12:59:28","guid":{"rendered":"https:\/\/baldumarket.lt\/product\/indianapolis-18-szafa-4d2s-jesion-jasny\/"},"modified":"2026-02-09T12:29:14","modified_gmt":"2026-02-09T09:29:14","slug":"indianapolis-18-szafa-4d2s-jesion-jasny","status":"publish","type":"product","link":"https:\/\/baldumarket.lt\/lt\/product\/indianapolis-18-szafa-4d2s-jesion-jasny\/","title":{"rendered":"INDIANAPOLIS-18 \u2013 Drabu\u017ein\u0117 4D2S \u0161viesaus uosio spalvos"},"content":{"rendered":"<p>Atraskite elegancij\u0105 ir prakti\u0161kum\u0105 su m\u016bs\u0173 garsaus \u201eJarstol\u201c prek\u0117s \u017eenklo \u201e4D2S Light Ash\u201c spinta. \u0160i didel\u0117 keturi\u0173 dur\u0173 spinta \u2013 puikus sprendimas visiems, norintiems stilingai ir funkcionaliai sutvarkyti savo erdv\u0119. Pagaminta i\u0161 patrauklios \u0161viesiai pelen\u0173 spalvos laminuotos plok\u0161t\u0117s, \u0161i spinta suteikia bet kokiam interjerui rafinuotumo ir modernaus \u017eavesio. Jos funkcionalumas yra auk\u0161\u010diausio lygio. Ji turi penkias lentynas, puikiai tinkan\u010dias laikyti daiktus, kuriems reikalingas lygus pavir\u0161ius, ir du erdvius stal\u010dius, suteikian\u010dius papildomos vietos smulkiems daiktams ir aksesuarams. Du skirtingo ilgio pakabos b\u0117geliai u\u017etikrina, kad j\u016bs\u0173 drabu\u017eiai b\u016bt\u0173 tvarkingi ir visada b\u016bt\u0173 puikios b\u016bkl\u0117s. Tai puikus sprendimas tiems, kurie vertina ir estetik\u0105, ir tvark\u0105. Stilinga konstrukcija ir nesenstantis dizainas daro \u0161i\u0105 spint\u0105 puikiai tinkan\u010di\u0105 \u012fvairiems interjero stiliams \u2013 nuo modernaus iki klasikinio. Sidabrin\u0117s rankenos suteikia subtilumo ir yra prakti\u0161kos kasdieniam naudojimui. Be jokios abejon\u0117s, \u0161is baldas taps bet kurio kambario traukos centru, pritrauks d\u0117mes\u012f ir sukels d\u017eiaugsm\u0105.<\/p>","protected":false},"excerpt":{"rendered":"<p>Plotis (cm): 178<br \/>\n\u016agis (cm): 214<br \/>\nGylis (cm): 58<\/p>","protected":false},"featured_media":166407,"comment_status":"open","ping_status":"open","template":"","meta":[],"product_brand":[],"product_cat":[9507,4108,1177],"product_tag":[],"class_list":{"0":"post-166406","1":"product","2":"type-product","3":"status-publish","4":"has-post-thumbnail","6":"product_cat-furniture-system-indianapolis-jarstol-meble","7":"product_cat-jarstol","8":"product_cat-wardrobes","10":"first","11":"instock","12":"purchasable","13":"product-type-simple"},"_links":{"self":[{"href":"https:\/\/baldumarket.lt\/lt\/wp-json\/wp\/v2\/product\/166406","targetHints":{"allow":["GET"]}}],"collection":[{"href":"https:\/\/baldumarket.lt\/lt\/wp-json\/wp\/v2\/product"}],"about":[{"href":"https:\/\/baldumarket.lt\/lt\/wp-json\/wp\/v2\/types\/product"}],"replies":[{"embeddable":true,"href":"https:\/\/baldumarket.lt\/lt\/wp-json\/wp\/v2\/comments?post=166406"}],"wp:featuredmedia":[{"embeddable":true,"href":"https:\/\/baldumarket.lt\/lt\/wp-json\/wp\/v2\/media\/166407"}],"wp:attachment":[{"href":"https:\/\/baldumarket.lt\/lt\/wp-json\/wp\/v2\/media?parent=166406"}],"wp:term":[{"taxonomy":"product_brand","embeddable":true,"href":"https:\/\/baldumarket.lt\/lt\/wp-json\/wp\/v2\/product_brand?post=166406"},{"taxonomy":"product_cat","embeddable":true,"href":"https:\/\/baldumarket.lt\/lt\/wp-json\/wp\/v2\/product_cat?post=166406"},{"taxonomy":"product_tag","embeddable":true,"href":"https:\/\/baldumarket.lt\/lt\/wp-json\/wp\/v2\/product_tag?post=166406"}],"curies":[{"name":"wp","href":"https:\/\/api.w.org\/{rel}","templated":true}]}}