{"id":166401,"date":"2025-12-19T15:59:19","date_gmt":"2025-12-19T12:59:19","guid":{"rendered":"https:\/\/baldumarket.lt\/product\/indianapolis-18-szafa-4d2s-kraft-bialy\/"},"modified":"2026-02-09T12:29:14","modified_gmt":"2026-02-09T09:29:14","slug":"indianapolis-18-szafa-4d2s-kraft-bialy","status":"publish","type":"product","link":"https:\/\/baldumarket.lt\/lt\/product\/indianapolis-18-szafa-4d2s-kraft-bialy\/","title":{"rendered":"INDIANAPOLIS-18 &#8211; Drabu\u017ein\u0117 4D2S, balta, kraft ra\u0161to"},"content":{"rendered":"<p>Su \u201eJarstol\u201c \u201e4D2S Kraft White\u201c spinta suteikite savo interjerui i\u0161skirtinio stiliaus ir funkcionalumo. \u0160i erdvi ir eleganti\u0161ka spinta, kurios plotis \u2013 178 cm, o auk\u0161tis \u2013 214 cm, ne tik patenkins j\u016bs\u0173 daikt\u0173 laikymo poreikius, bet ir taps nuostabiu dekoratyviniu elementu bet kuriame kambaryje. Neutrali balta spalva kartu su subtiliomis sidabrin\u0117mis ranken\u0117l\u0117mis suteikia baldui modernaus charakterio, tod\u0117l puikiai tinka \u012fvairiems interjero dizainams. \u201e4D2S Kraft White\u201c spinta si\u016blo i\u0161skirtines organizavimo galimybes. Penkios lentynos, du erdv\u016bs stal\u010diai ir trys pakabos b\u0117geliai leid\u017eia pilnai i\u0161naudoti turim\u0105 erdv\u0119, u\u017etikrinant, kad visi j\u016bs\u0173 drabu\u017eiai ir aksesuarai visada tur\u0117t\u0173 savo viet\u0105. Patvari laminuotos plok\u0161t\u0117s konstrukcija garantuoja ilgalaik\u012f naudojim\u0105, o metaliniai vyriai ir kreipian\u010diosios u\u017etikrina skland\u0173 dureli\u0173 ir stal\u010di\u0173 atidarym\u0105 ir u\u017edarym\u0105. Kiekvien\u0105 dien\u0105 jausit\u0117s patogiai ir tvarkingai, o tai rei\u0161kia geresn\u0119 savijaut\u0105 j\u016bs\u0173 namuose. Ne tik funkcionalumas, bet ir estetika paver\u010dia \u201eKraft White\u201c spint\u0105 ak\u012f traukian\u010dia ir sve\u010di\u0173 d\u017eiaugsmu. Paprastas, bet eleganti\u0161kas dizainas leid\u017eia j\u0105 naudoti tiek miegamuosiuose, tiek koridoriuose, tiek svetain\u0117se. Eleganti\u0161ka balta apdaila praskaidrins ir papuo\u0161 bet kuri\u0105 erdv\u0119. Galima rinktis i\u0161 \u012fvairi\u0173 spalv\u0173, tod\u0117l lengvai priderinsite prie savo stiliaus ir pageidavim\u0173.<\/p>","protected":false},"excerpt":{"rendered":"<p>Plotis (cm): 178<br \/>\n\u016agis (cm): 214<br \/>\nGylis (cm): 58<\/p>","protected":false},"featured_media":166402,"comment_status":"open","ping_status":"open","template":"","meta":[],"product_brand":[],"product_cat":[9507,4108,1177],"product_tag":[],"class_list":{"0":"post-166401","1":"product","2":"type-product","3":"status-publish","4":"has-post-thumbnail","6":"product_cat-furniture-system-indianapolis-jarstol-meble","7":"product_cat-jarstol","8":"product_cat-wardrobes","10":"first","11":"instock","12":"purchasable","13":"product-type-simple"},"_links":{"self":[{"href":"https:\/\/baldumarket.lt\/lt\/wp-json\/wp\/v2\/product\/166401","targetHints":{"allow":["GET"]}}],"collection":[{"href":"https:\/\/baldumarket.lt\/lt\/wp-json\/wp\/v2\/product"}],"about":[{"href":"https:\/\/baldumarket.lt\/lt\/wp-json\/wp\/v2\/types\/product"}],"replies":[{"embeddable":true,"href":"https:\/\/baldumarket.lt\/lt\/wp-json\/wp\/v2\/comments?post=166401"}],"wp:featuredmedia":[{"embeddable":true,"href":"https:\/\/baldumarket.lt\/lt\/wp-json\/wp\/v2\/media\/166402"}],"wp:attachment":[{"href":"https:\/\/baldumarket.lt\/lt\/wp-json\/wp\/v2\/media?parent=166401"}],"wp:term":[{"taxonomy":"product_brand","embeddable":true,"href":"https:\/\/baldumarket.lt\/lt\/wp-json\/wp\/v2\/product_brand?post=166401"},{"taxonomy":"product_cat","embeddable":true,"href":"https:\/\/baldumarket.lt\/lt\/wp-json\/wp\/v2\/product_cat?post=166401"},{"taxonomy":"product_tag","embeddable":true,"href":"https:\/\/baldumarket.lt\/lt\/wp-json\/wp\/v2\/product_tag?post=166401"}],"curies":[{"name":"wp","href":"https:\/\/api.w.org\/{rel}","templated":true}]}}