{"id":166396,"date":"2025-12-19T15:59:09","date_gmt":"2025-12-19T12:59:09","guid":{"rendered":"https:\/\/baldumarket.lt\/product\/indianapolis-19-lozko-ze-stelazem-160x200-cm-jesion-ciemny\/"},"modified":"2026-02-09T12:29:14","modified_gmt":"2026-02-09T09:29:14","slug":"indianapolis-19-lozko-ze-stelazem-160x200-cm-jesion-ciemny","status":"publish","type":"product","link":"https:\/\/baldumarket.lt\/lt\/product\/indianapolis-19-lozko-ze-stelazem-160x200-cm-jesion-ciemny\/","title":{"rendered":"INDIANAPOLIS-19 &#8211; Lova su r\u0117mu 160&#215;200 cm, tamsi uosio spalvos"},"content":{"rendered":"<p>Pasiruo\u0161kite ne\u012ftik\u0117tinai patogiam nakties miegui su \u201eIndianapolis-19\u201c r\u0117mo lova. D\u0117l savo unikalaus dizaino ir eleganti\u0161kos tamsaus uosio apdailos \u0161is baldas taps j\u016bs\u0173 miegamojo traukos centru. Auk\u0161tos kokyb\u0117s laminuotos lentos konstrukcija u\u017etikrina ne tik estetin\u012f patrauklum\u0105, bet ir ilgaam\u017ei\u0161kum\u0105, tod\u0117l tai puikus pasirinkimas visiems, vertinantiems stili\u0173 ir funkcionalum\u0105. 160 \u00d7 200 cm dyd\u017eio lova puikiai tinka tiems, kurie vertina erdvum\u0105. 170 cm plo\u010dio ir 210 cm gylio lova suteikia patogias miego s\u0105lygas dviem asmenims. Didelis 100 cm auk\u0161tis suteikia elegancijos ir palengvina i\u0161lipim\u0105 i\u0161 lovos. Tamsi r\u0117mo spalva sukuria jauki\u0105 atmosfer\u0105, tod\u0117l kiekviena akimirka, praleista miegamajame, tampa dar atpalaiduojanti. Pamatykite, kaip \u201eIndianapolis-19\u201c lova gali papuo\u0161ti j\u016bs\u0173 interjer\u0105. Minimalistinis dizainas leid\u017eia jai der\u0117ti prie \u012fvairi\u0173 interjero stili\u0173 \u2013 nuo \u200b\u200bmodernaus iki klasikinio. Ji taip pat si\u016blo papildomo LED ap\u0161vietimo galimyb\u0119, kuris dar labiau sustiprina jos modern\u0173 charakter\u012f ir suteikia unikali\u0105 atmosfer\u0105 vakaro poilsio akimirkoms. Ap\u0161vietimas galimas kaip papildoma \u012franga, \u012fsigyjama atskirai.<\/p>","protected":false},"excerpt":{"rendered":"<p>Plotis (cm): 170<br \/>\n\u016agis (cm): 100<br \/>\nGylis (cm): 58<\/p>","protected":false},"featured_media":166397,"comment_status":"open","ping_status":"open","template":"","meta":[],"product_brand":[],"product_cat":[9507,505,1971,4108],"product_tag":[],"class_list":{"0":"post-166396","1":"product","2":"type-product","3":"status-publish","4":"has-post-thumbnail","6":"product_cat-furniture-system-indianapolis-jarstol-meble","7":"product_cat-bedroom-beds","8":"product_cat-beds-160x200","9":"product_cat-jarstol","11":"first","12":"instock","13":"purchasable","14":"product-type-simple"},"_links":{"self":[{"href":"https:\/\/baldumarket.lt\/lt\/wp-json\/wp\/v2\/product\/166396","targetHints":{"allow":["GET"]}}],"collection":[{"href":"https:\/\/baldumarket.lt\/lt\/wp-json\/wp\/v2\/product"}],"about":[{"href":"https:\/\/baldumarket.lt\/lt\/wp-json\/wp\/v2\/types\/product"}],"replies":[{"embeddable":true,"href":"https:\/\/baldumarket.lt\/lt\/wp-json\/wp\/v2\/comments?post=166396"}],"wp:featuredmedia":[{"embeddable":true,"href":"https:\/\/baldumarket.lt\/lt\/wp-json\/wp\/v2\/media\/166397"}],"wp:attachment":[{"href":"https:\/\/baldumarket.lt\/lt\/wp-json\/wp\/v2\/media?parent=166396"}],"wp:term":[{"taxonomy":"product_brand","embeddable":true,"href":"https:\/\/baldumarket.lt\/lt\/wp-json\/wp\/v2\/product_brand?post=166396"},{"taxonomy":"product_cat","embeddable":true,"href":"https:\/\/baldumarket.lt\/lt\/wp-json\/wp\/v2\/product_cat?post=166396"},{"taxonomy":"product_tag","embeddable":true,"href":"https:\/\/baldumarket.lt\/lt\/wp-json\/wp\/v2\/product_tag?post=166396"}],"curies":[{"name":"wp","href":"https:\/\/api.w.org\/{rel}","templated":true}]}}