{"id":166391,"date":"2025-12-19T15:58:59","date_gmt":"2025-12-19T12:58:59","guid":{"rendered":"https:\/\/baldumarket.lt\/product\/indianapolis-19-lozko-ze-stelazem-160x200-cm-jesion-jasny\/"},"modified":"2026-02-09T12:29:14","modified_gmt":"2026-02-09T09:29:14","slug":"indianapolis-19-lozko-ze-stelazem-160x200-cm-jesion-jasny","status":"publish","type":"product","link":"https:\/\/baldumarket.lt\/lt\/product\/indianapolis-19-lozko-ze-stelazem-160x200-cm-jesion-jasny\/","title":{"rendered":"INDIANAPOLIS-19 &#8211; Lova su r\u0117mu 160&#215;200 cm, \u0161viesaus uosio spalvos"},"content":{"rendered":"<p>Lova \u201eIndianapolis-19\u201c su r\u0117mu \u2013 puikus pasirinkimas tiems, kurie vertina elegancijos ir funkcionalumo derin\u012f. Pagaminta i\u0161 auk\u0161tos kokyb\u0117s \u0161viesios pelen\u0173 spalvos laminuotos plok\u0161t\u0117s, lova puikiai der\u0117s prie \u012fvairi\u0173 miegam\u0173j\u0173 dizain\u0173, sukurdama jauki\u0105 ir nat\u016brali\u0105 atmosfer\u0105. Minimalistinis dizainas daro j\u0105 nepaprastai universali\u0105, ta\u010diau kartu \u017eavi\u0105 subtilumu. Atsi\u017evelgiant \u012f naudotojo patogum\u0105, \u201eIndianapolis-19\u201c lova si\u016blo didel\u012f 160 \u00d7 200 cm miegojimo plot\u0105, tod\u0117l tai puiki vieta poroms atsipalaiduoti. Pridedamas tvirtas r\u0117mas u\u017etikrina stabilum\u0105 ir ilgaam\u017ei\u0161kum\u0105, o LED ap\u0161vietimo galimyb\u0117 leid\u017eia sukurti jauki\u0105 atmosfer\u0105, puikiai tinkan\u010di\u0105 vakaro poilsiui. Ap\u0161vietimas parduodamas atskirai ir yra papildomas pasirinkimas. \u012erengiant miegam\u0105j\u012f, verta atkreipti d\u0117mes\u012f \u012f detales, ir \u201eIndianapolis-19\u201c lova tikrai pateisina visus l\u016bkes\u010dius. \u0160viesi spalva ir paprasta forma pabr\u0117\u017eia modern\u0173 stili\u0173 ir suteikia visam interjerui lengvumo. Galimyb\u0117 rinktis i\u0161 trij\u0173 spalv\u0173 rei\u0161kia, kad jas galima puikiai derinti prie kit\u0173 bald\u0173, sukuriant darn\u0173 i\u0161d\u0117stym\u0105.<\/p>","protected":false},"excerpt":{"rendered":"<p>Plotis (cm): 170<br \/>\n\u016agis (cm): 100<br \/>\nGylis (cm): 210<\/p>","protected":false},"featured_media":166392,"comment_status":"open","ping_status":"open","template":"","meta":[],"product_brand":[],"product_cat":[9507,505,1971,4108],"product_tag":[],"class_list":{"0":"post-166391","1":"product","2":"type-product","3":"status-publish","4":"has-post-thumbnail","6":"product_cat-furniture-system-indianapolis-jarstol-meble","7":"product_cat-bedroom-beds","8":"product_cat-beds-160x200","9":"product_cat-jarstol","11":"first","12":"instock","13":"purchasable","14":"product-type-simple"},"_links":{"self":[{"href":"https:\/\/baldumarket.lt\/lt\/wp-json\/wp\/v2\/product\/166391","targetHints":{"allow":["GET"]}}],"collection":[{"href":"https:\/\/baldumarket.lt\/lt\/wp-json\/wp\/v2\/product"}],"about":[{"href":"https:\/\/baldumarket.lt\/lt\/wp-json\/wp\/v2\/types\/product"}],"replies":[{"embeddable":true,"href":"https:\/\/baldumarket.lt\/lt\/wp-json\/wp\/v2\/comments?post=166391"}],"wp:featuredmedia":[{"embeddable":true,"href":"https:\/\/baldumarket.lt\/lt\/wp-json\/wp\/v2\/media\/166392"}],"wp:attachment":[{"href":"https:\/\/baldumarket.lt\/lt\/wp-json\/wp\/v2\/media?parent=166391"}],"wp:term":[{"taxonomy":"product_brand","embeddable":true,"href":"https:\/\/baldumarket.lt\/lt\/wp-json\/wp\/v2\/product_brand?post=166391"},{"taxonomy":"product_cat","embeddable":true,"href":"https:\/\/baldumarket.lt\/lt\/wp-json\/wp\/v2\/product_cat?post=166391"},{"taxonomy":"product_tag","embeddable":true,"href":"https:\/\/baldumarket.lt\/lt\/wp-json\/wp\/v2\/product_tag?post=166391"}],"curies":[{"name":"wp","href":"https:\/\/api.w.org\/{rel}","templated":true}]}}