{"id":166386,"date":"2025-12-19T15:58:50","date_gmt":"2025-12-19T12:58:50","guid":{"rendered":"https:\/\/baldumarket.lt\/product\/indianapolis-19-lozko-ze-stelazem-160x200-cm-kraft-bialy\/"},"modified":"2026-02-09T12:29:14","modified_gmt":"2026-02-09T09:29:14","slug":"indianapolis-19-lozko-ze-stelazem-160x200-cm-kraft-bialy","status":"publish","type":"product","link":"https:\/\/baldumarket.lt\/lt\/product\/indianapolis-19-lozko-ze-stelazem-160x200-cm-kraft-bialy\/","title":{"rendered":"INDIANAPOLIS-19 &#8211; Lova su r\u0117mu 160&#215;200 cm, balta, kraft spalvos"},"content":{"rendered":"<p>Atraskite elegancij\u0105 ir funkcionalum\u0105 su \u201eIndianapolis-19\u201c r\u0117mo lova. \u0160i unikali 160 \u00d7 200 cm lova yra puikus sprendimas visiems, norintiems suteikti savo miegamajam unikal\u0173 stili\u0173. Pagaminta i\u0161 laminuotos baltos spalvos \u201eKraft White\u201c plok\u0161t\u0117s, \u0161i lova puikiai dera prie modernaus interjero, suteikdama kambariui gaiv\u0173 ir \u0161vies\u0173 vaizd\u0105. Vienas did\u017eiausi\u0173 \u201eIndianapolis-19\u201c lovos privalum\u0173 \u2013 tvirta konstrukcija, u\u017etikrinanti ilgalaik\u012f naudojim\u0105. D\u0117l patvarios konstrukcijos gal\u0117site m\u0117gautis patogiu miegu daugel\u012f met\u0173. Be to, galite lengvai prid\u0117ti LED ap\u0161vietim\u0105, kuris sukurs nuostabi\u0105 atmosfer\u0105 miegamajame ir pavers jame praleistas akimirkas ypatingomis. Ap\u0161vietimas yra papildomas pasirinkimas, \u012fsigyjamas atskirai. Lova yra trij\u0173 stiling\u0173 spalv\u0173, tod\u0117l gal\u0117site j\u0105 priderinti prie savo individualaus skonio ir interjero charakterio. Nesvarbu, ar m\u0117gstate minimalizm\u0105, ar klasikinius akcentus, \u201eIndianapolis-19\u201c tikrai pateisins j\u016bs\u0173 l\u016bkes\u010dius. D\u0117l paprast\u0173 linij\u0173 ir funkcionalaus dizaino lova tiks prie \u012fvairi\u0173 miegam\u0173j\u0173 i\u0161d\u0117stym\u0173, pabr\u0117\u017edama j\u0173 \u017eaves\u012f.<\/p>","protected":false},"excerpt":{"rendered":"<p>Plotis (cm): 170<br \/>\n\u016agis (cm): 100<br \/>\nGylis (cm): 210<\/p>","protected":false},"featured_media":166387,"comment_status":"open","ping_status":"open","template":"","meta":[],"product_brand":[],"product_cat":[9507,505,1971,4108],"product_tag":[],"class_list":{"0":"post-166386","1":"product","2":"type-product","3":"status-publish","4":"has-post-thumbnail","6":"product_cat-furniture-system-indianapolis-jarstol-meble","7":"product_cat-bedroom-beds","8":"product_cat-beds-160x200","9":"product_cat-jarstol","11":"first","12":"instock","13":"purchasable","14":"product-type-simple"},"_links":{"self":[{"href":"https:\/\/baldumarket.lt\/lt\/wp-json\/wp\/v2\/product\/166386","targetHints":{"allow":["GET"]}}],"collection":[{"href":"https:\/\/baldumarket.lt\/lt\/wp-json\/wp\/v2\/product"}],"about":[{"href":"https:\/\/baldumarket.lt\/lt\/wp-json\/wp\/v2\/types\/product"}],"replies":[{"embeddable":true,"href":"https:\/\/baldumarket.lt\/lt\/wp-json\/wp\/v2\/comments?post=166386"}],"wp:featuredmedia":[{"embeddable":true,"href":"https:\/\/baldumarket.lt\/lt\/wp-json\/wp\/v2\/media\/166387"}],"wp:attachment":[{"href":"https:\/\/baldumarket.lt\/lt\/wp-json\/wp\/v2\/media?parent=166386"}],"wp:term":[{"taxonomy":"product_brand","embeddable":true,"href":"https:\/\/baldumarket.lt\/lt\/wp-json\/wp\/v2\/product_brand?post=166386"},{"taxonomy":"product_cat","embeddable":true,"href":"https:\/\/baldumarket.lt\/lt\/wp-json\/wp\/v2\/product_cat?post=166386"},{"taxonomy":"product_tag","embeddable":true,"href":"https:\/\/baldumarket.lt\/lt\/wp-json\/wp\/v2\/product_tag?post=166386"}],"curies":[{"name":"wp","href":"https:\/\/api.w.org\/{rel}","templated":true}]}}