{"id":166378,"date":"2025-12-19T15:58:32","date_gmt":"2025-12-19T12:58:32","guid":{"rendered":"https:\/\/baldumarket.lt\/product\/indianapolis-21-polka-szklana-wiszaca-2d-jesion-ciemny\/"},"modified":"2026-02-09T12:29:24","modified_gmt":"2026-02-09T09:29:24","slug":"indianapolis-21-polka-szklana-wiszaca-2d-jesion-ciemny","status":"publish","type":"product","link":"https:\/\/baldumarket.lt\/lt\/product\/indianapolis-21-polka-szklana-wiszaca-2d-jesion-ciemny\/","title":{"rendered":"INDIANAPOLIS-21 &#8211; 2D stiklin\u0117 pakabinama lentyna, tamsi uosio spalvos"},"content":{"rendered":"<p>Individualumo ir stiliaus lentyna \u2013 atraskite unikali\u0105 2D stiklin\u0119 pakabinam\u0105 lentyn\u0105 i\u0161 \u201eJarstol\u201c Indianapolio kolekcijos, kuri puikiai papildys bet kok\u012f interjer\u0105, suteikdama elegancijos ir modernumo. Unikalus dizainas dera su funkcionalumu, sukurdamas puiki\u0105 viet\u0105 laikyti m\u0117gstamas knygas, dekoracijas ir ak\u012f traukian\u010dius aksesuarus, kurie prad\u017eiugins kiekvien\u0105 \u012feinant\u012f. Pagaminta i\u0161 tamsaus uosio atspalvio, \u0161i lentyna spinduliuoja \u0161ilum\u0105 ir jaukum\u0105, tod\u0117l tampa bet kurio kambario \u0161irdimi. Stiklin\u0117s durel\u0117s ir lentynos ne tik suteikia lengvumo, bet ir leid\u017eia eksponuoti brangiausius daiktus. Kartu su matin\u0117mis juodomis metalin\u0117mis rankenomis visa tai sukuria harmoning\u0105 kompozicij\u0105, kuri \u017eavi ne tik savo i\u0161vaizda, bet ir tvirta apdaila. Unikalus \u0161ios lentynos privalumas \u2013 jos pritaikymo galimyb\u0117s \u2013 galite ne tik prid\u0117ti LED ap\u0161vietim\u0105, kad sukurtum\u0117te unikali\u0105 atmosfer\u0105, bet ir pasirinkti vientisos plok\u0161t\u0117s priekin\u0119 dal\u012f vietoj stiklo, o tai savo ruo\u017etu leid\u017eia sukurti tradici\u0161kesn\u0119 i\u0161vaizd\u0105. Lentyna yra trij\u0173 skirting\u0173 spalv\u0173, tod\u0117l galite lengvai j\u0105 priderinti prie savo stiliaus ir pageidavim\u0173. Ap\u0161vietimas galimas kaip papildoma \u012franga, \u012fsigyjama atskirai.<\/p>","protected":false},"excerpt":{"rendered":"<p>Plotis (cm): 138<br \/>\n\u016agis (cm): 40<br \/>\nGylis (cm): 210<\/p>","protected":false},"featured_media":166379,"comment_status":"open","ping_status":"open","template":"","meta":[],"product_brand":[],"product_cat":[9507,1174,4108],"product_tag":[],"class_list":{"0":"post-166378","1":"product","2":"type-product","3":"status-publish","4":"has-post-thumbnail","6":"product_cat-furniture-system-indianapolis-jarstol-meble","7":"product_cat-hanging-shelves","8":"product_cat-jarstol","10":"first","11":"instock","12":"purchasable","13":"product-type-simple"},"_links":{"self":[{"href":"https:\/\/baldumarket.lt\/lt\/wp-json\/wp\/v2\/product\/166378","targetHints":{"allow":["GET"]}}],"collection":[{"href":"https:\/\/baldumarket.lt\/lt\/wp-json\/wp\/v2\/product"}],"about":[{"href":"https:\/\/baldumarket.lt\/lt\/wp-json\/wp\/v2\/types\/product"}],"replies":[{"embeddable":true,"href":"https:\/\/baldumarket.lt\/lt\/wp-json\/wp\/v2\/comments?post=166378"}],"wp:featuredmedia":[{"embeddable":true,"href":"https:\/\/baldumarket.lt\/lt\/wp-json\/wp\/v2\/media\/166379"}],"wp:attachment":[{"href":"https:\/\/baldumarket.lt\/lt\/wp-json\/wp\/v2\/media?parent=166378"}],"wp:term":[{"taxonomy":"product_brand","embeddable":true,"href":"https:\/\/baldumarket.lt\/lt\/wp-json\/wp\/v2\/product_brand?post=166378"},{"taxonomy":"product_cat","embeddable":true,"href":"https:\/\/baldumarket.lt\/lt\/wp-json\/wp\/v2\/product_cat?post=166378"},{"taxonomy":"product_tag","embeddable":true,"href":"https:\/\/baldumarket.lt\/lt\/wp-json\/wp\/v2\/product_tag?post=166378"}],"curies":[{"name":"wp","href":"https:\/\/api.w.org\/{rel}","templated":true}]}}