{"id":166371,"date":"2025-12-19T15:58:18","date_gmt":"2025-12-19T12:58:18","guid":{"rendered":"https:\/\/baldumarket.lt\/product\/indianapolis-21-polka-szklana-wiszaca-2d-jesion-jasny\/"},"modified":"2026-02-09T12:29:24","modified_gmt":"2026-02-09T09:29:24","slug":"indianapolis-21-polka-szklana-wiszaca-2d-jesion-jasny","status":"publish","type":"product","link":"https:\/\/baldumarket.lt\/lt\/product\/indianapolis-21-polka-szklana-wiszaca-2d-jesion-jasny\/","title":{"rendered":"INDIANAPOLIS-21 &#8211; 2D \u0161viesaus uosio stiklo pakabinama lentyna"},"content":{"rendered":"<p>Pakabinama lentyna INDIANAPOLIS-21 \u2013 tai unikalus interjero dizaino elementas, puikiai derantis su moderniomis ir eleganti\u0161komis tendencijomis. Pagaminta i\u0161 auk\u0161tos kokyb\u0117s \u0161viesios pelen\u0173 spalvos laminuotos plok\u0161t\u0117s, ji suteikia bet kokiam kambariui lengvumo ir gaivumo. Minimalistinis, ta\u010diau stilingas dizainas puikiai tinka tiek svetainei, tiek miegamajam, \u012fne\u0161damas harmonijos ir estetikos. Stiklas, naudojamas priekin\u0117se dalyse ir lentynose, suteikia lentynai ne tik rafinuotumo, bet ir elegancijos. Permatomos durel\u0117s skatina eksponuoti m\u0117gstamus daiktus, tokius kaip knygos, dekoracijos ar vazoniniai augalai. Tai daro lentyn\u0105 ne tik funkcionaliu baldu, bet ir patraukliu interjero elementu, sukurian\u010diu jauki\u0105 atmosfer\u0105. Be to, INDIANAPOLIS-21 lentyna pasi\u017eymi ne tik estetine verte, bet ir prakti\u0161kumu. Gerai apgalvotas dizainas leid\u017eia efektyviai i\u0161naudoti erdv\u0119, o tai ypa\u010d svarbu ma\u017eesniuose butuose. Metalin\u0117s rankenos ir galimyb\u0117 \u012fmontuoti LED ap\u0161vietim\u0105 daro lentyn\u0105 ne tik vizualiai patraukli\u0105, bet ir pritaikom\u0105 individualiems naudotojo poreikiams. Ap\u0161vietimas galimas kaip papildoma \u012franga, \u012fsigyjama atskirai.<\/p>","protected":false},"excerpt":{"rendered":"<p>Plotis (cm): 138<br \/>\n\u016agis (cm): 40<br \/>\nGylis (cm): 30<\/p>","protected":false},"featured_media":166372,"comment_status":"open","ping_status":"open","template":"","meta":[],"product_brand":[],"product_cat":[9507,1174,4108],"product_tag":[],"class_list":{"0":"post-166371","1":"product","2":"type-product","3":"status-publish","4":"has-post-thumbnail","6":"product_cat-furniture-system-indianapolis-jarstol-meble","7":"product_cat-hanging-shelves","8":"product_cat-jarstol","10":"first","11":"instock","12":"purchasable","13":"product-type-simple"},"_links":{"self":[{"href":"https:\/\/baldumarket.lt\/lt\/wp-json\/wp\/v2\/product\/166371","targetHints":{"allow":["GET"]}}],"collection":[{"href":"https:\/\/baldumarket.lt\/lt\/wp-json\/wp\/v2\/product"}],"about":[{"href":"https:\/\/baldumarket.lt\/lt\/wp-json\/wp\/v2\/types\/product"}],"replies":[{"embeddable":true,"href":"https:\/\/baldumarket.lt\/lt\/wp-json\/wp\/v2\/comments?post=166371"}],"wp:featuredmedia":[{"embeddable":true,"href":"https:\/\/baldumarket.lt\/lt\/wp-json\/wp\/v2\/media\/166372"}],"wp:attachment":[{"href":"https:\/\/baldumarket.lt\/lt\/wp-json\/wp\/v2\/media?parent=166371"}],"wp:term":[{"taxonomy":"product_brand","embeddable":true,"href":"https:\/\/baldumarket.lt\/lt\/wp-json\/wp\/v2\/product_brand?post=166371"},{"taxonomy":"product_cat","embeddable":true,"href":"https:\/\/baldumarket.lt\/lt\/wp-json\/wp\/v2\/product_cat?post=166371"},{"taxonomy":"product_tag","embeddable":true,"href":"https:\/\/baldumarket.lt\/lt\/wp-json\/wp\/v2\/product_tag?post=166371"}],"curies":[{"name":"wp","href":"https:\/\/api.w.org\/{rel}","templated":true}]}}