{"id":166364,"date":"2025-12-19T15:58:04","date_gmt":"2025-12-19T12:58:04","guid":{"rendered":"https:\/\/baldumarket.lt\/product\/indianapolis-21-polka-szklana-wiszaca-2d-kraft-bialy\/"},"modified":"2026-02-09T12:29:24","modified_gmt":"2026-02-09T09:29:24","slug":"indianapolis-21-polka-szklana-wiszaca-2d-kraft-bialy","status":"publish","type":"product","link":"https:\/\/baldumarket.lt\/lt\/product\/indianapolis-21-polka-szklana-wiszaca-2d-kraft-bialy\/","title":{"rendered":"INDIANAPOLIS-21 &#8211; 2D Kraft balta pakabinama stiklin\u0117 lentyna"},"content":{"rendered":"<p>2D Kraft balto stiklo pakabinama lentyna \u2013 tai unikalus baldas, kuris j\u016bs\u0173 interjerui suteiks unikalaus stiliaus ir elegancijos. Sukurta galvojant apie modernias erdves, ji derina minimalistin\u012f dizain\u0105 su jaukumu. Baltas laminuotos plok\u0161t\u0117s korpusas ir eleganti\u0161kos stiklin\u0117s durel\u0117s sukuria ry\u0161ki\u0105 harmonij\u0105, kuri sustiprins bet kurio kambario charakter\u012f. \u0160i\u0105 lentyn\u0105 puikiai renkasi ne tik estetika, bet ir funkcionalumas. D\u0117l savo talpos joje lengvai tilps knygos, dekoracijos ar kiti daiktai, kuriuos norite visada tur\u0117ti po ranka. Metalin\u0117s rankenos suteikia modernumo, o galimyb\u0117 \u012fmontuoti LED ap\u0161vietim\u0105 paver\u010dia lentyn\u0105 j\u016bs\u0173 interjero traukos centru, subtiliai pary\u0161kinan\u010diu jos \u017eaves\u012f. Ap\u0161vietimas si\u016blomas kaip papildoma \u012franga, \u012fsigyjama atskirai. 2D Kraft balto stiklo pakabinama lentyna yra trij\u0173 spalv\u0173, tod\u0117l galite j\u0105 pritaikyti pagal savo individualius poreikius ir pageidavimus. D\u0117l modernaus dizaino ji puikiai dera prie \u012fvairi\u0173 interjero dizaino stili\u0173 \u2013 nuo skandinavi\u0161ko, industrinio iki eleganti\u0161ko minimalizmo.<\/p>","protected":false},"excerpt":{"rendered":"<p>Plotis (cm): 138<br \/>\n\u016agis (cm): 40<br \/>\nGylis (cm): 30<\/p>","protected":false},"featured_media":166365,"comment_status":"open","ping_status":"open","template":"","meta":[],"product_brand":[],"product_cat":[9507,1174,4108],"product_tag":[],"class_list":{"0":"post-166364","1":"product","2":"type-product","3":"status-publish","4":"has-post-thumbnail","6":"product_cat-furniture-system-indianapolis-jarstol-meble","7":"product_cat-hanging-shelves","8":"product_cat-jarstol","10":"first","11":"instock","12":"purchasable","13":"product-type-simple"},"_links":{"self":[{"href":"https:\/\/baldumarket.lt\/lt\/wp-json\/wp\/v2\/product\/166364","targetHints":{"allow":["GET"]}}],"collection":[{"href":"https:\/\/baldumarket.lt\/lt\/wp-json\/wp\/v2\/product"}],"about":[{"href":"https:\/\/baldumarket.lt\/lt\/wp-json\/wp\/v2\/types\/product"}],"replies":[{"embeddable":true,"href":"https:\/\/baldumarket.lt\/lt\/wp-json\/wp\/v2\/comments?post=166364"}],"wp:featuredmedia":[{"embeddable":true,"href":"https:\/\/baldumarket.lt\/lt\/wp-json\/wp\/v2\/media\/166365"}],"wp:attachment":[{"href":"https:\/\/baldumarket.lt\/lt\/wp-json\/wp\/v2\/media?parent=166364"}],"wp:term":[{"taxonomy":"product_brand","embeddable":true,"href":"https:\/\/baldumarket.lt\/lt\/wp-json\/wp\/v2\/product_brand?post=166364"},{"taxonomy":"product_cat","embeddable":true,"href":"https:\/\/baldumarket.lt\/lt\/wp-json\/wp\/v2\/product_cat?post=166364"},{"taxonomy":"product_tag","embeddable":true,"href":"https:\/\/baldumarket.lt\/lt\/wp-json\/wp\/v2\/product_tag?post=166364"}],"curies":[{"name":"wp","href":"https:\/\/api.w.org\/{rel}","templated":true}]}}