{"id":166357,"date":"2025-12-19T15:57:49","date_gmt":"2025-12-19T12:57:49","guid":{"rendered":"https:\/\/baldumarket.lt\/product\/indianapolis-22-komoda-4d3s-jesion-ciemny\/"},"modified":"2026-02-09T12:29:24","modified_gmt":"2026-02-09T09:29:24","slug":"indianapolis-22-komoda-4d3s-jesion-ciemny","status":"publish","type":"product","link":"https:\/\/baldumarket.lt\/lt\/product\/indianapolis-22-komoda-4d3s-jesion-ciemny\/","title":{"rendered":"INDIANAPOLIS-22 &#8211; Komoda 4D3S Tamsaus uosio spalvos"},"content":{"rendered":"<p>Komoda INDIANAPOLIS-22 suteiks j\u016bs\u0173 interjerui elegancijos ir funkcionalumo. Tamsaus uosio medienos derinys su moderniomis, matin\u0117mis juodomis rankenomis sukuria harmoning\u0105 ir stiling\u0105 visum\u0105, puikiai papildan\u010di\u0105 \u012fvairius i\u0161d\u0117stymus. D\u0117l gerai apgalvoto dizaino ir didelio pavir\u0161iaus ploto \u0161i komoda bus ne tik puikus sprendimas daiktams laikyti, bet ir patrauklus dizaino elementas. 137 cm plo\u010dio ir 141,5 cm auk\u0161\u010dio INDIANAPOLIS-22 komoda si\u016blo daug erdv\u0117s organizavimui. Trimis erdviais stal\u010diais ir penkiomis lentynomis ji u\u017etikrina patog\u0173 tiek papuo\u0161al\u0173, tiek kasdieni\u0173 daikt\u0173 laikym\u0105. Stikliniai fasadai, kuriuos pasirinktinai galima pakeisti vientisu stiklu, suteikia baldui unikalumo ir pagyvina interjer\u0105. Ap\u0161vietimas si\u016blomas kaip papildoma \u012franga, \u012fsigyjamas atskirai. Pagaminta i\u0161 stor\u0173 laminuot\u0173 plok\u0161\u010di\u0173, \u0161i komoda derina patvarum\u0105 ir estetik\u0105, tod\u0117l idealiai tinka bet kokiems namams. Be to, metalin\u0117s rankenos ir vyriai ne tik pabr\u0117\u017eia konstrukcijos tvirtum\u0105, bet ir u\u017etikrina patogum\u0105 kasdien naudojant. Tamsaus uosio atspalvis u\u017etikrina universalum\u0105 \u2013 j\u0105 lengvai priderinsite prie kit\u0173 bald\u0173.<\/p>","protected":false},"excerpt":{"rendered":"<p>Plotis (cm): 137<br \/>\n\u016agis (cm): 141,5<br \/>\nGylis (cm): 30<\/p>","protected":false},"featured_media":166358,"comment_status":"open","ping_status":"open","template":"","meta":[],"product_brand":[],"product_cat":[9507,1173,4108],"product_tag":[],"class_list":{"0":"post-166357","1":"product","2":"type-product","3":"status-publish","4":"has-post-thumbnail","6":"product_cat-furniture-system-indianapolis-jarstol-meble","7":"product_cat-chests-of-drawers","8":"product_cat-jarstol","10":"first","11":"instock","12":"purchasable","13":"product-type-simple"},"_links":{"self":[{"href":"https:\/\/baldumarket.lt\/lt\/wp-json\/wp\/v2\/product\/166357","targetHints":{"allow":["GET"]}}],"collection":[{"href":"https:\/\/baldumarket.lt\/lt\/wp-json\/wp\/v2\/product"}],"about":[{"href":"https:\/\/baldumarket.lt\/lt\/wp-json\/wp\/v2\/types\/product"}],"replies":[{"embeddable":true,"href":"https:\/\/baldumarket.lt\/lt\/wp-json\/wp\/v2\/comments?post=166357"}],"wp:featuredmedia":[{"embeddable":true,"href":"https:\/\/baldumarket.lt\/lt\/wp-json\/wp\/v2\/media\/166358"}],"wp:attachment":[{"href":"https:\/\/baldumarket.lt\/lt\/wp-json\/wp\/v2\/media?parent=166357"}],"wp:term":[{"taxonomy":"product_brand","embeddable":true,"href":"https:\/\/baldumarket.lt\/lt\/wp-json\/wp\/v2\/product_brand?post=166357"},{"taxonomy":"product_cat","embeddable":true,"href":"https:\/\/baldumarket.lt\/lt\/wp-json\/wp\/v2\/product_cat?post=166357"},{"taxonomy":"product_tag","embeddable":true,"href":"https:\/\/baldumarket.lt\/lt\/wp-json\/wp\/v2\/product_tag?post=166357"}],"curies":[{"name":"wp","href":"https:\/\/api.w.org\/{rel}","templated":true}]}}