{"id":166351,"date":"2025-12-19T15:57:36","date_gmt":"2025-12-19T12:57:36","guid":{"rendered":"https:\/\/baldumarket.lt\/product\/indianapolis-22-komoda-4d3s-jesion-jasny\/"},"modified":"2026-02-09T12:29:24","modified_gmt":"2026-02-09T09:29:24","slug":"indianapolis-22-komoda-4d3s-jesion-jasny","status":"publish","type":"product","link":"https:\/\/baldumarket.lt\/lt\/product\/indianapolis-22-komoda-4d3s-jesion-jasny\/","title":{"rendered":"INDIANAPOLIS-22 &#8211; Komoda 4D3S \u0161viesaus uosio spalvos"},"content":{"rendered":"<p>\u201eIndianapolis-22\u201c \u2013 tai komoda, kurioje dera funkcionalumas ir estetika, puikiai papildanti modern\u0173 interjer\u0105. 137 cm plo\u010dio, 141,5 cm auk\u0161\u010dio ir 42 cm gylio, ji taps ry\u0161kiu j\u016bs\u0173 svetain\u0117s ar miegamojo akcentu. \u0160viesi uosio mediena kartu su sidabrin\u0117mis rankenomis sukuria eleganti\u0161k\u0105 ir gaiv\u0173 vaizd\u0105, kuris tikrai patrauks ak\u012f. \u0160i komoda si\u016blo puikius daikt\u0173 laikymo sprendimus su trimis erdviais stal\u010diais ir penkiomis lentynomis. Ji puikiai tinka laikyti papuo\u0161alus ir suvenyrus, taip pat porceliano rinkinius, nieku\u010dius ir knygas. Stikliniai fasadai suteikia unikalumo ir sukuria maloni\u0105 atmosfer\u0105 bet kuriame kambaryje. Be to, galite pasirinkti versij\u0105 su tvirtais fasadais, kurie leid\u017eia dar labiau suasmeninti interjer\u0105. Ap\u0161vietimas gali b\u016bti \u012fsigyjamas atskirai. Saugum\u0105 ir ilgaam\u017ei\u0161kum\u0105 u\u017etikrina auk\u0161tos kokyb\u0117s med\u017eiagos, i\u0161 kuri\u0173 pagaminta \u201eIndianapolis-22\u201c komoda. Pagaminta i\u0161 stor\u0173 laminuot\u0173 plok\u0161\u010di\u0173, ji u\u017etikrina tvirtum\u0105 ir atsparum\u0105 pa\u017eeidimams. Metalin\u0117s rankenos yra ne tik stilingos, bet ir patogios naudoti, o \u0161velniai u\u017esidarantys vyriai garantuoja komfort\u0105 kasdien naudojant. \u0160is baldas puikiai tiks bet kuriai \u0161eimai, derindamas komfort\u0105 ir patraukl\u0173 dizain\u0105.<\/p>","protected":false},"excerpt":{"rendered":"<p>Plotis (cm): 137<br \/>\n\u016agis (cm): 141,5<br \/>\nGylis (cm): 42<\/p>","protected":false},"featured_media":166352,"comment_status":"open","ping_status":"open","template":"","meta":[],"product_brand":[],"product_cat":[9507,1173,4108],"product_tag":[],"class_list":{"0":"post-166351","1":"product","2":"type-product","3":"status-publish","4":"has-post-thumbnail","6":"product_cat-furniture-system-indianapolis-jarstol-meble","7":"product_cat-chests-of-drawers","8":"product_cat-jarstol","10":"first","11":"instock","12":"purchasable","13":"product-type-simple"},"_links":{"self":[{"href":"https:\/\/baldumarket.lt\/lt\/wp-json\/wp\/v2\/product\/166351","targetHints":{"allow":["GET"]}}],"collection":[{"href":"https:\/\/baldumarket.lt\/lt\/wp-json\/wp\/v2\/product"}],"about":[{"href":"https:\/\/baldumarket.lt\/lt\/wp-json\/wp\/v2\/types\/product"}],"replies":[{"embeddable":true,"href":"https:\/\/baldumarket.lt\/lt\/wp-json\/wp\/v2\/comments?post=166351"}],"wp:featuredmedia":[{"embeddable":true,"href":"https:\/\/baldumarket.lt\/lt\/wp-json\/wp\/v2\/media\/166352"}],"wp:attachment":[{"href":"https:\/\/baldumarket.lt\/lt\/wp-json\/wp\/v2\/media?parent=166351"}],"wp:term":[{"taxonomy":"product_brand","embeddable":true,"href":"https:\/\/baldumarket.lt\/lt\/wp-json\/wp\/v2\/product_brand?post=166351"},{"taxonomy":"product_cat","embeddable":true,"href":"https:\/\/baldumarket.lt\/lt\/wp-json\/wp\/v2\/product_cat?post=166351"},{"taxonomy":"product_tag","embeddable":true,"href":"https:\/\/baldumarket.lt\/lt\/wp-json\/wp\/v2\/product_tag?post=166351"}],"curies":[{"name":"wp","href":"https:\/\/api.w.org\/{rel}","templated":true}]}}