{"id":166345,"date":"2025-12-19T15:57:23","date_gmt":"2025-12-19T12:57:23","guid":{"rendered":"https:\/\/baldumarket.lt\/product\/indianapolis-22-komoda-4d3s-kraft-bialy\/"},"modified":"2026-02-09T12:29:24","modified_gmt":"2026-02-09T09:29:24","slug":"indianapolis-22-komoda-4d3s-kraft-bialy","status":"publish","type":"product","link":"https:\/\/baldumarket.lt\/lt\/product\/indianapolis-22-komoda-4d3s-kraft-bialy\/","title":{"rendered":"INDIANAPOLIS-22 \u2013 Komoda 4D3S Kraft White"},"content":{"rendered":"<p>Erdv\u0117s k\u016brimas su INDIANAPOLIS-22 komoda yra ne\u012ftik\u0117tinai paprastas d\u0117l unikalaus stiliaus ir funkcionalumo derinio. \u0160i eleganti\u0161ka komoda, kurios plotis yra 137 cm, o auk\u0161tis \u2013 141,5 cm, pasi\u017eymi subtilia Kraft White apdaila, kuri harmoningai \u012fsilies \u012f bet kok\u012f interjer\u0105. D\u0117l modernaus dizaino ji yra ne tik prakti\u0161ka, bet ir dekoratyvi bet kurios erdv\u0117s dalis, suteikianti jai unikal\u0173 charakter\u012f. INDIANAPOLIS-22 komoda si\u016blo pla\u010dias daikt\u0173 laikymo galimybes d\u0117l trij\u0173 erdvi\u0173 stal\u010di\u0173 ir penki\u0173 funkcini\u0173 lentyn\u0173, kuriose galite susitvarkyti \u012fvairius nieku\u010dius, papuo\u0161alus ar net porceliano servizus. Stikliniai fasadai ne tik traukia ak\u012f, bet ir sukuria erdvumo bei lengvumo poj\u016bt\u012f, \u012fne\u0161dami \u012f kambar\u012f maloni\u0105 atmosfer\u0105. Tvirt\u0173 fasad\u0173 pasirinkimas suteikia papildomo lankstumo, leid\u017eian\u010dio pritaikyti komod\u0105 pagal savo poreikius ir stili\u0173. \u201eJarstol\u201c baldai, kuriems priklauso ir \u0161i komoda, gars\u0117ja auk\u0161tos kokyb\u0117s meistri\u0161kumu. Naudotos med\u017eiagos, tokios kaip tvirtos laminuotos plok\u0161t\u0117s ir metalin\u0117s rankenos, u\u017etikrina ne tik patvarum\u0105, bet ir estetin\u012f patrauklum\u0105. D\u017eiaugiam\u0117s gal\u0117dami pasi\u016blyti produkt\u0105, kuriame dera modernumas ir klasika. Be to, trij\u0173 skirting\u0173 spalv\u0173 pasirinkimas u\u017etikrina, kad kiekvienas ras sau tobul\u0105 versij\u0105.<\/p>","protected":false},"excerpt":{"rendered":"<p>Plotis (cm): 137<br \/>\n\u016agis (cm): 141,5<br \/>\nGylis (cm): 42<\/p>","protected":false},"featured_media":166346,"comment_status":"open","ping_status":"open","template":"","meta":[],"product_brand":[],"product_cat":[9507,1173,4108],"product_tag":[],"class_list":{"0":"post-166345","1":"product","2":"type-product","3":"status-publish","4":"has-post-thumbnail","6":"product_cat-furniture-system-indianapolis-jarstol-meble","7":"product_cat-chests-of-drawers","8":"product_cat-jarstol","10":"first","11":"instock","12":"purchasable","13":"product-type-simple"},"_links":{"self":[{"href":"https:\/\/baldumarket.lt\/lt\/wp-json\/wp\/v2\/product\/166345","targetHints":{"allow":["GET"]}}],"collection":[{"href":"https:\/\/baldumarket.lt\/lt\/wp-json\/wp\/v2\/product"}],"about":[{"href":"https:\/\/baldumarket.lt\/lt\/wp-json\/wp\/v2\/types\/product"}],"replies":[{"embeddable":true,"href":"https:\/\/baldumarket.lt\/lt\/wp-json\/wp\/v2\/comments?post=166345"}],"wp:featuredmedia":[{"embeddable":true,"href":"https:\/\/baldumarket.lt\/lt\/wp-json\/wp\/v2\/media\/166346"}],"wp:attachment":[{"href":"https:\/\/baldumarket.lt\/lt\/wp-json\/wp\/v2\/media?parent=166345"}],"wp:term":[{"taxonomy":"product_brand","embeddable":true,"href":"https:\/\/baldumarket.lt\/lt\/wp-json\/wp\/v2\/product_brand?post=166345"},{"taxonomy":"product_cat","embeddable":true,"href":"https:\/\/baldumarket.lt\/lt\/wp-json\/wp\/v2\/product_cat?post=166345"},{"taxonomy":"product_tag","embeddable":true,"href":"https:\/\/baldumarket.lt\/lt\/wp-json\/wp\/v2\/product_tag?post=166345"}],"curies":[{"name":"wp","href":"https:\/\/api.w.org\/{rel}","templated":true}]}}