{"id":166338,"date":"2025-12-19T15:57:09","date_gmt":"2025-12-19T12:57:09","guid":{"rendered":"https:\/\/baldumarket.lt\/product\/indianapolis-23-witryna-2-drzwiowa-jesion-ciemny\/"},"modified":"2026-02-09T12:29:24","modified_gmt":"2026-02-09T09:29:24","slug":"indianapolis-23-witryna-2-drzwiowa-jesion-ciemny","status":"publish","type":"product","link":"https:\/\/baldumarket.lt\/lt\/product\/indianapolis-23-witryna-2-drzwiowa-jesion-ciemny\/","title":{"rendered":"INDIANAPOLIS-23 \u2013 2 dur\u0173 vitrina, tamsaus uosio spalvos"},"content":{"rendered":"<p>Dviej\u0173 dur\u0173 vitrina \u201eIndianapolis-23\u201c yra tikras bet kokio interjero puo\u0161muo, \u017eavintis eleganti\u0161ku dizainu ir funkcionalumu. Pagaminta i\u0161 tamsaus uosio, \u0161i unikali \u201eJarstol\u201c kolekcijos vitrina ne tik suteikia klasikinio gro\u017eio atmosfer\u0105 bet kuriame kambaryje, bet ir yra puiki vieta eksponuoti m\u0117gstamiausius daiktus. D\u0117l gerai apgalvoto dizaino ir matmen\u0173 (plotis 56 cm, auk\u0161tis 192 cm, gylis 47 cm) j\u0105 galite lengvai integruoti \u012f bet kur\u012f savo nam\u0173 kampel\u012f. Vitrinos konstrukcija sukurta taip, kad maksimaliai i\u0161naudot\u0173 turim\u0105 erdv\u0119. U\u017e eleganti\u0161ko stiklinio fasado yra dvi lentynos, puikiai tinkan\u010dios eksponuoti ornamentus, knyg\u0173 kolekcij\u0105 ar porceliano rinkin\u012f. Be to, tre\u010dioji lentyna, pasl\u0117pta u\u017e vientiso fasado, gali b\u016bti naudojama ma\u017eiau dekoratyviems, bet ne ma\u017eiau svarbiems daiktams laikyti. Toks sumanus erdv\u0117s organizavimas daro vitrin\u0105 ne tik patraukli\u0105, bet ir itin prakti\u0161k\u0105. Matin\u0117s juodos metalin\u0117s rankenos, puikiai papildan\u010dios vis\u0105 dizain\u0105, suteikia modernumo ir i\u0161rai\u0161kingumo. Galimyb\u0117 stiklin\u012f fasad\u0105 pakeisti vientisu fasadu leid\u017eia pritaikyti vitrin\u0105 pagal individualius poreikius ir pageidavimus, tod\u0117l ji tampa dar universalesniu baldu. Nesvarbu, ar jums labiau patinka minimalistinis interjeras, ar puo\u0161nios erdv\u0117s, \u201eIndianapolis-23\u201c vitrina yra puikus pasirinkimas.<\/p>","protected":false},"excerpt":{"rendered":"<p>Plotis (cm): 56<br \/>\n\u016agis (cm): 192<br \/>\nGylis (cm): 42<\/p>","protected":false},"featured_media":166339,"comment_status":"open","ping_status":"open","template":"","meta":[],"product_brand":[],"product_cat":[9507,4108,2006],"product_tag":[],"class_list":{"0":"post-166338","1":"product","2":"type-product","3":"status-publish","4":"has-post-thumbnail","6":"product_cat-furniture-system-indianapolis-jarstol-meble","7":"product_cat-jarstol","8":"product_cat-vitrines","10":"first","11":"instock","12":"purchasable","13":"product-type-simple"},"_links":{"self":[{"href":"https:\/\/baldumarket.lt\/lt\/wp-json\/wp\/v2\/product\/166338","targetHints":{"allow":["GET"]}}],"collection":[{"href":"https:\/\/baldumarket.lt\/lt\/wp-json\/wp\/v2\/product"}],"about":[{"href":"https:\/\/baldumarket.lt\/lt\/wp-json\/wp\/v2\/types\/product"}],"replies":[{"embeddable":true,"href":"https:\/\/baldumarket.lt\/lt\/wp-json\/wp\/v2\/comments?post=166338"}],"wp:featuredmedia":[{"embeddable":true,"href":"https:\/\/baldumarket.lt\/lt\/wp-json\/wp\/v2\/media\/166339"}],"wp:attachment":[{"href":"https:\/\/baldumarket.lt\/lt\/wp-json\/wp\/v2\/media?parent=166338"}],"wp:term":[{"taxonomy":"product_brand","embeddable":true,"href":"https:\/\/baldumarket.lt\/lt\/wp-json\/wp\/v2\/product_brand?post=166338"},{"taxonomy":"product_cat","embeddable":true,"href":"https:\/\/baldumarket.lt\/lt\/wp-json\/wp\/v2\/product_cat?post=166338"},{"taxonomy":"product_tag","embeddable":true,"href":"https:\/\/baldumarket.lt\/lt\/wp-json\/wp\/v2\/product_tag?post=166338"}],"curies":[{"name":"wp","href":"https:\/\/api.w.org\/{rel}","templated":true}]}}