{"id":166332,"date":"2025-12-19T15:56:56","date_gmt":"2025-12-19T12:56:56","guid":{"rendered":"https:\/\/baldumarket.lt\/product\/indianapolis-23-witryna-2-drzwiowa-jesion-jasny\/"},"modified":"2026-02-09T12:29:24","modified_gmt":"2026-02-09T09:29:24","slug":"indianapolis-23-witryna-2-drzwiowa-jesion-jasny","status":"publish","type":"product","link":"https:\/\/baldumarket.lt\/lt\/product\/indianapolis-23-witryna-2-drzwiowa-jesion-jasny\/","title":{"rendered":"INDIANAPOLIS-23 \u2013 Dviej\u0173 dur\u0173 vitrina, \u0161viesaus uosio spalvos"},"content":{"rendered":"<p>Atraskite nauj\u0105 elegancijos ir funkcionalumo dimensij\u0105 su garsaus \u201eJarstol\u201c prek\u0117s \u017eenklo \u201eIndiana-23\u201c 2 dur\u0173 vitrina. \u0160i unikali vitrina buvo sukurta galvojant apie stiling\u0105 interjer\u0105, suteikiant bet kokiam kambariui subtilumo. Jos \u0161viesi uosio estetika puikiai papildo naujausias tendencijas, sukurdama erdv\u0119, kuri d\u017eiugina kiekviena detale. \u0160i vitrina yra puikus sprendimas tiems, kurie vertina ir funkcionalum\u0105, ir estetik\u0105. Joje galite eksponuoti m\u0117gstamas knygas, eleganti\u0161kus papuo\u0161alus ar kruop\u0161\u010diai atrinktus porceliano servizus, kurie, d\u0117ka stiklini\u0173 fasad\u0173, ry\u0161kiai spind\u0117s. Dvi lentynos u\u017e stiklo u\u017etikrina, kad kiekvienas daiktas b\u016bt\u0173 puikiai matomas, o papildoma lentyna u\u017edaroje dalyje leid\u017eia maksimaliai i\u0161naudoti erdv\u0119. \u201eIndian-23\u201c vitrina i\u0161siskiria ne tik moderniu dizainu, bet ir prakti\u0161komis detal\u0117mis. Metalin\u0117s rankenos suteikia elegancijos, o j\u0173 sidabrin\u0117 spalva puikiai papildo bendr\u0105 dizain\u0105. Be to, galimyb\u0117 stiklin\u0119 fasad\u0105 pakeisti vientisa daro \u0161\u012f bald\u0105 dar universalesn\u012f, pritaikant j\u012f prie individuali\u0173 poreiki\u0173 ir skonio. Ap\u0161vietimas galimas kaip papildoma \u012franga, \u012fsigyjamas atskirai.<\/p>","protected":false},"excerpt":{"rendered":"<p>Plotis (cm): 56<br \/>\n\u016agis (cm): 192<br \/>\nGylis (cm): 47<\/p>","protected":false},"featured_media":166333,"comment_status":"open","ping_status":"open","template":"","meta":[],"product_brand":[],"product_cat":[9507,4108,2006],"product_tag":[],"class_list":{"0":"post-166332","1":"product","2":"type-product","3":"status-publish","4":"has-post-thumbnail","6":"product_cat-furniture-system-indianapolis-jarstol-meble","7":"product_cat-jarstol","8":"product_cat-vitrines","10":"first","11":"instock","12":"purchasable","13":"product-type-simple"},"_links":{"self":[{"href":"https:\/\/baldumarket.lt\/lt\/wp-json\/wp\/v2\/product\/166332","targetHints":{"allow":["GET"]}}],"collection":[{"href":"https:\/\/baldumarket.lt\/lt\/wp-json\/wp\/v2\/product"}],"about":[{"href":"https:\/\/baldumarket.lt\/lt\/wp-json\/wp\/v2\/types\/product"}],"replies":[{"embeddable":true,"href":"https:\/\/baldumarket.lt\/lt\/wp-json\/wp\/v2\/comments?post=166332"}],"wp:featuredmedia":[{"embeddable":true,"href":"https:\/\/baldumarket.lt\/lt\/wp-json\/wp\/v2\/media\/166333"}],"wp:attachment":[{"href":"https:\/\/baldumarket.lt\/lt\/wp-json\/wp\/v2\/media?parent=166332"}],"wp:term":[{"taxonomy":"product_brand","embeddable":true,"href":"https:\/\/baldumarket.lt\/lt\/wp-json\/wp\/v2\/product_brand?post=166332"},{"taxonomy":"product_cat","embeddable":true,"href":"https:\/\/baldumarket.lt\/lt\/wp-json\/wp\/v2\/product_cat?post=166332"},{"taxonomy":"product_tag","embeddable":true,"href":"https:\/\/baldumarket.lt\/lt\/wp-json\/wp\/v2\/product_tag?post=166332"}],"curies":[{"name":"wp","href":"https:\/\/api.w.org\/{rel}","templated":true}]}}