{"id":166326,"date":"2025-12-19T15:56:44","date_gmt":"2025-12-19T12:56:44","guid":{"rendered":"https:\/\/baldumarket.lt\/product\/indianapolis-23-witryna-2-drzwiowa-kraft-bialy\/"},"modified":"2026-02-09T12:29:32","modified_gmt":"2026-02-09T09:29:32","slug":"indianapolis-23-witryna-2-drzwiowa-kraft-bialy","status":"publish","type":"product","link":"https:\/\/baldumarket.lt\/lt\/product\/indianapolis-23-witryna-2-drzwiowa-kraft-bialy\/","title":{"rendered":"INDIANAPOLIS-23 &#8211; Dviej\u0173 dur\u0173 Kraft vitrina, balta"},"content":{"rendered":"<p>\u201eJarstol\u201c dviej\u0173 dur\u0173 vitrina \u201eIndianapolis-23\u201c \u2013 tai tobulas elegancijos ir funkcionalumo derinys, kuris papuo\u0161 bet kok\u012f interjer\u0105. Unikalus baltas korpusas ir priekis i\u0161 \u201eKraft\u201c kolekcijos suteikia spintelei modern\u0173, ta\u010diau \u0161ilt\u0105 charakter\u012f. \u0160i vitrina puikiai papildys minimalistin\u012f, skandinavi\u0161k\u0105 ar klasikin\u012f stili\u0173, suteikdama \u017eavesio bet kokiam kambariui. Be estetinio patrauklumo, i\u0161skirtinis meistri\u0161kumas u\u017etikrina, kad ji tarnaus ilgus metus. D\u0117l prakti\u0161ko vidinio i\u0161d\u0117stymo \u201eIndianapolis-23\u201c vitrina turi dvi lentynas u\u017e stiklinio priekio, tod\u0117l puikiai tinka eksponuoti m\u0117gstamus papuo\u0161alus, knygas ar porceliano kolekcijas. Skaidrus stiklas ne tik suteikia lengvumo, bet ir yra puikus sprendimas tiems, kurie m\u0117gsta dalintis savo aistra gra\u017eiems daiktams. Papildoma tre\u010dia lentyna u\u017e tvirto priekio leid\u017eia sumaniai ir prakti\u0161kai padalyti erdv\u0119, maksimaliai i\u0161naudojant baldo potencial\u0105. \u201eIndianapolis-23\u201c vitrina buvo sukurta galvojant apie kasdien\u012f naudojim\u0105. Metalin\u0117s rankenos ir auk\u0161tos kokyb\u0117s vyriai ne tik suteikia stiliaus, bet ir u\u017etikrina patvarum\u0105 bei funkcionalum\u0105. Surinkimo procesas yra paprastas ir lengvai atliekamas patiems, tod\u0117l j\u0105 lengva pritaikyti prie savo interjero. Galimyb\u0117 stiklin\u0119 priekin\u0119 dal\u012f pakeisti vientisa priekine dalimi daro \u0161\u012f bald\u0105 dar universalesn\u012f.<\/p>","protected":false},"excerpt":{"rendered":"<p>Plotis (cm): 56<br \/>\n\u016agis (cm): 192<br \/>\nGylis (cm): 47<\/p>","protected":false},"featured_media":166327,"comment_status":"open","ping_status":"open","template":"","meta":[],"product_brand":[],"product_cat":[9507,4108,2006],"product_tag":[],"class_list":{"0":"post-166326","1":"product","2":"type-product","3":"status-publish","4":"has-post-thumbnail","6":"product_cat-furniture-system-indianapolis-jarstol-meble","7":"product_cat-jarstol","8":"product_cat-vitrines","10":"first","11":"instock","12":"purchasable","13":"product-type-simple"},"_links":{"self":[{"href":"https:\/\/baldumarket.lt\/lt\/wp-json\/wp\/v2\/product\/166326","targetHints":{"allow":["GET"]}}],"collection":[{"href":"https:\/\/baldumarket.lt\/lt\/wp-json\/wp\/v2\/product"}],"about":[{"href":"https:\/\/baldumarket.lt\/lt\/wp-json\/wp\/v2\/types\/product"}],"replies":[{"embeddable":true,"href":"https:\/\/baldumarket.lt\/lt\/wp-json\/wp\/v2\/comments?post=166326"}],"wp:featuredmedia":[{"embeddable":true,"href":"https:\/\/baldumarket.lt\/lt\/wp-json\/wp\/v2\/media\/166327"}],"wp:attachment":[{"href":"https:\/\/baldumarket.lt\/lt\/wp-json\/wp\/v2\/media?parent=166326"}],"wp:term":[{"taxonomy":"product_brand","embeddable":true,"href":"https:\/\/baldumarket.lt\/lt\/wp-json\/wp\/v2\/product_brand?post=166326"},{"taxonomy":"product_cat","embeddable":true,"href":"https:\/\/baldumarket.lt\/lt\/wp-json\/wp\/v2\/product_cat?post=166326"},{"taxonomy":"product_tag","embeddable":true,"href":"https:\/\/baldumarket.lt\/lt\/wp-json\/wp\/v2\/product_tag?post=166326"}],"curies":[{"name":"wp","href":"https:\/\/api.w.org\/{rel}","templated":true}]}}