{"id":166320,"date":"2025-12-19T15:56:32","date_gmt":"2025-12-19T12:56:32","guid":{"rendered":"https:\/\/baldumarket.lt\/product\/indianapolis-24-szafka-nocna-1-drzwiowa-jesion-ciemny\/"},"modified":"2026-02-09T12:29:32","modified_gmt":"2026-02-09T09:29:32","slug":"indianapolis-24-szafka-nocna-1-drzwiowa-jesion-ciemny","status":"publish","type":"product","link":"https:\/\/baldumarket.lt\/lt\/product\/indianapolis-24-szafka-nocna-1-drzwiowa-jesion-ciemny\/","title":{"rendered":"INDIANAPOLIS-24 \u2013 Vien\u0173 dur\u0173 tamsaus uosio spalvos naktinis staliukas"},"content":{"rendered":"<p>\u201eIndianapolis-24\u201c \u2013 eleganti\u0161kas ir funkcionalus naktinis staliukas, puikiai tiksiantis bet kuriame miegamajame. Pagamintas i\u0161 auk\u0161tos kokyb\u0117s laminuotos plok\u0161t\u0117s, jis pasi\u017eymi gra\u017eia tamsaus uosio apdaila, suteikian\u010dia jam unikal\u0173 charakter\u012f. Minimalistinis dizainas derina modernum\u0105 su klasikiniu stiliumi, o paprasta, bet ry\u0161ki forma neabejotinai pritrauks d\u0117mes\u012f. \u0160is baldas tampa puikiu akcentu, deran\u010diu su kitais miegamojo baldais. \u0160io naktinio staliuko prakti\u0161kumas paver\u010dia j\u012f nepakei\u010diamu bet kurio miegamojo erdv\u0117s elementu. Jo matmenys \u2013 45 cm plo\u010dio, 55 cm auk\u0161\u010dio ir 42 cm gylio \u2013 daro j\u012f idealiu sprendimu net ir ma\u017eesn\u0117se erdv\u0117se. Ant stalvir\u0161io patogiai telpa \u017eadintuvas, naktinio stalelio lempa ar stiklin\u0117 vandens, tod\u0117l lengva pasiekti b\u016btiniausius daiktus. Viduje lentyna padalija erdv\u0119, leid\u017eian\u010di\u0105 tvarkingai ir tvarkingai laikyti smulkius daiktus. Tai leid\u017eia lengvai laikyti aksesuarus ar m\u0117gstamas knygas, sukuriant jauk\u0173 kampel\u012f poilsiui. Be to, matin\u0117s juodos spalvos metalin\u0117 rankena u\u017etikrina auk\u0161t\u0105 kokyb\u0119 ir modern\u0173 vaizd\u0105, puikiai dera su visais baldais.<\/p>","protected":false},"excerpt":{"rendered":"<p>Plotis (cm): 45<br \/>\n\u016agis (cm): 55<br \/>\nGylis (cm): 47<\/p>","protected":false},"featured_media":166321,"comment_status":"open","ping_status":"open","template":"","meta":[],"product_brand":[],"product_cat":[9507,1176,4108],"product_tag":[],"class_list":{"0":"post-166320","1":"product","2":"type-product","3":"status-publish","4":"has-post-thumbnail","6":"product_cat-furniture-system-indianapolis-jarstol-meble","7":"product_cat-bedside-tables","8":"product_cat-jarstol","10":"first","11":"instock","12":"purchasable","13":"product-type-simple"},"_links":{"self":[{"href":"https:\/\/baldumarket.lt\/lt\/wp-json\/wp\/v2\/product\/166320","targetHints":{"allow":["GET"]}}],"collection":[{"href":"https:\/\/baldumarket.lt\/lt\/wp-json\/wp\/v2\/product"}],"about":[{"href":"https:\/\/baldumarket.lt\/lt\/wp-json\/wp\/v2\/types\/product"}],"replies":[{"embeddable":true,"href":"https:\/\/baldumarket.lt\/lt\/wp-json\/wp\/v2\/comments?post=166320"}],"wp:featuredmedia":[{"embeddable":true,"href":"https:\/\/baldumarket.lt\/lt\/wp-json\/wp\/v2\/media\/166321"}],"wp:attachment":[{"href":"https:\/\/baldumarket.lt\/lt\/wp-json\/wp\/v2\/media?parent=166320"}],"wp:term":[{"taxonomy":"product_brand","embeddable":true,"href":"https:\/\/baldumarket.lt\/lt\/wp-json\/wp\/v2\/product_brand?post=166320"},{"taxonomy":"product_cat","embeddable":true,"href":"https:\/\/baldumarket.lt\/lt\/wp-json\/wp\/v2\/product_cat?post=166320"},{"taxonomy":"product_tag","embeddable":true,"href":"https:\/\/baldumarket.lt\/lt\/wp-json\/wp\/v2\/product_tag?post=166320"}],"curies":[{"name":"wp","href":"https:\/\/api.w.org\/{rel}","templated":true}]}}