{"id":166315,"date":"2025-12-19T15:56:21","date_gmt":"2025-12-19T12:56:21","guid":{"rendered":"https:\/\/baldumarket.lt\/product\/indianapolis-24-szafka-nocna-1-drzwiowa-jesion-jasny\/"},"modified":"2026-02-09T12:29:32","modified_gmt":"2026-02-09T09:29:32","slug":"indianapolis-24-szafka-nocna-1-drzwiowa-jesion-jasny","status":"publish","type":"product","link":"https:\/\/baldumarket.lt\/lt\/product\/indianapolis-24-szafka-nocna-1-drzwiowa-jesion-jasny\/","title":{"rendered":"INDIANAPOLIS-24 \u2013 \u0160viesaus uosio spalvos naktin\u0117 spintel\u0117 su vienomis durimis"},"content":{"rendered":"<p>Pristatome \u201eIndianapolis-24\u201c \u2013 eleganti\u0161k\u0105 naktin\u012f staliuk\u0105, kuris taps nepakei\u010diamu j\u016bs\u0173 miegamojo elementu. Pagamintas i\u0161 \u0161viesaus uosio medienos, \u0161is baldas pasi\u017eymi minimalistiniu dizainu, kuris puikiai papildys modern\u0173 interjer\u0105, suteikdamas jam jaukumo. Prislopintos spalvos pagyvina erdv\u0119, o subtil\u016bs akcentai puikiai der\u0117s prie kit\u0173 kambario bald\u0173. \u0160is vien\u0173 dureli\u0173 naktinis staliukas ne tik \u017eavi savo i\u0161vaizda, bet ir yra ne\u012ftik\u0117tinai funkcionalus. D\u0117l i\u0161manaus dizaino vir\u0161uje rasite pakankamai vietos m\u0117gstamai naktinio staliuko lempai, telefonui ar stiklinei vandens. Viduje pasl\u0117pta lentyna padalija erdv\u0119, u\u017etikrindama puiki\u0105 tvark\u0105 visoms smulkmenoms, kuri\u0173 jums visada reikia po ranka nakt\u012f. Jau nekalbant apie kruop\u0161\u010diai parinkt\u0105 metalin\u0119 eleganti\u0161kos matin\u0117s juodos spalvos ranken\u0117l\u0119, kuri suteikia naktiniam staliukui modernumo. \u0160i detal\u0117 ne tik palengvina kasdien\u012f naudojim\u0105, bet ir pagerina bendr\u0105 estetik\u0105. Spintel\u0117 yra trij\u0173 skirting\u0173 spalv\u0173, tod\u0117l j\u0105 gal\u0117site visi\u0161kai priderinti prie savo miegamojo stiliaus.<\/p>","protected":false},"excerpt":{"rendered":"<p>Plotis (cm): 45<br \/>\n\u016agis (cm): 55<br \/>\nGylis (cm): 42<\/p>","protected":false},"featured_media":166316,"comment_status":"open","ping_status":"open","template":"","meta":[],"product_brand":[],"product_cat":[9507,1176,4108],"product_tag":[],"class_list":{"0":"post-166315","1":"product","2":"type-product","3":"status-publish","4":"has-post-thumbnail","6":"product_cat-furniture-system-indianapolis-jarstol-meble","7":"product_cat-bedside-tables","8":"product_cat-jarstol","10":"first","11":"instock","12":"purchasable","13":"product-type-simple"},"_links":{"self":[{"href":"https:\/\/baldumarket.lt\/lt\/wp-json\/wp\/v2\/product\/166315","targetHints":{"allow":["GET"]}}],"collection":[{"href":"https:\/\/baldumarket.lt\/lt\/wp-json\/wp\/v2\/product"}],"about":[{"href":"https:\/\/baldumarket.lt\/lt\/wp-json\/wp\/v2\/types\/product"}],"replies":[{"embeddable":true,"href":"https:\/\/baldumarket.lt\/lt\/wp-json\/wp\/v2\/comments?post=166315"}],"wp:featuredmedia":[{"embeddable":true,"href":"https:\/\/baldumarket.lt\/lt\/wp-json\/wp\/v2\/media\/166316"}],"wp:attachment":[{"href":"https:\/\/baldumarket.lt\/lt\/wp-json\/wp\/v2\/media?parent=166315"}],"wp:term":[{"taxonomy":"product_brand","embeddable":true,"href":"https:\/\/baldumarket.lt\/lt\/wp-json\/wp\/v2\/product_brand?post=166315"},{"taxonomy":"product_cat","embeddable":true,"href":"https:\/\/baldumarket.lt\/lt\/wp-json\/wp\/v2\/product_cat?post=166315"},{"taxonomy":"product_tag","embeddable":true,"href":"https:\/\/baldumarket.lt\/lt\/wp-json\/wp\/v2\/product_tag?post=166315"}],"curies":[{"name":"wp","href":"https:\/\/api.w.org\/{rel}","templated":true}]}}