{"id":166310,"date":"2025-12-19T15:56:11","date_gmt":"2025-12-19T12:56:11","guid":{"rendered":"https:\/\/baldumarket.lt\/product\/indianapolis-24-szafka-nocna-1-drzwiowa-kraft-bialy\/"},"modified":"2026-02-09T12:29:32","modified_gmt":"2026-02-09T09:29:32","slug":"indianapolis-24-szafka-nocna-1-drzwiowa-kraft-bialy","status":"publish","type":"product","link":"https:\/\/baldumarket.lt\/lt\/product\/indianapolis-24-szafka-nocna-1-drzwiowa-kraft-bialy\/","title":{"rendered":"INDIANAPOLIS-24 &#8211; Vienv\u0117r\u0117 balta Kraft stiliaus naktinis staliukas"},"content":{"rendered":"<p>Susipa\u017einkite su \u201eIndianapolis-24\u201c \u2013 eleganti\u0161ku naktiniu staliuku, kuris pakeis j\u016bs\u0173 miegam\u0105j\u012f. Minimalistinis \u201eKraft White\u201c dizainas suteikia interjerui lengvumo ir modernumo. Dideli matmenys (45 cm plo\u010dio, 55 cm auk\u0161\u010dio ir 42 cm gylio) leid\u017eia jam puikiai der\u0117ti bet kuriame kampelyje, tod\u0117l jis yra prakti\u0161kas ir stilingas j\u016bs\u0173 erdv\u0117s papildymas. \u0160is ma\u017eas, bet funkcionalus naktinis staliukas yra puikus sprendimas smulkiems daiktams laikyti. D\u0117l kruop\u0161\u010diai suprojektuotos vidin\u0117s lentynos galite lengvai susitvarkyti savo erdv\u0119, kad viskas b\u016bt\u0173 lengvai pasiekiama. Ant jo puikiai tinka \u017eadintuvas, stiklin\u0117 vandens ar telefonas, tod\u0117l rytai taps daug jaukesni. Spintel\u0117je naudojamos auk\u0161tos kokyb\u0117s med\u017eiagos, tokios kaip laminuota plok\u0161t\u0117, nereikalauja daug prie\u017ei\u016bros, o j\u0173 stilinga i\u0161vaizda i\u0161lieka nepakitusi daugel\u012f met\u0173. Matin\u0117s juodos spalvos metalin\u0117 rankena harmoningai papildo bendr\u0105 dizain\u0105, suteikdama elegancijos ir modernumo.<\/p>","protected":false},"excerpt":{"rendered":"<p>Plotis (cm): 45<br \/>\n\u016agis (cm): 55<br \/>\nGylis (cm): 42<\/p>","protected":false},"featured_media":166311,"comment_status":"open","ping_status":"open","template":"","meta":[],"product_brand":[],"product_cat":[9507,1176,4108],"product_tag":[],"class_list":{"0":"post-166310","1":"product","2":"type-product","3":"status-publish","4":"has-post-thumbnail","6":"product_cat-furniture-system-indianapolis-jarstol-meble","7":"product_cat-bedside-tables","8":"product_cat-jarstol","10":"first","11":"instock","12":"purchasable","13":"product-type-simple"},"_links":{"self":[{"href":"https:\/\/baldumarket.lt\/lt\/wp-json\/wp\/v2\/product\/166310","targetHints":{"allow":["GET"]}}],"collection":[{"href":"https:\/\/baldumarket.lt\/lt\/wp-json\/wp\/v2\/product"}],"about":[{"href":"https:\/\/baldumarket.lt\/lt\/wp-json\/wp\/v2\/types\/product"}],"replies":[{"embeddable":true,"href":"https:\/\/baldumarket.lt\/lt\/wp-json\/wp\/v2\/comments?post=166310"}],"wp:featuredmedia":[{"embeddable":true,"href":"https:\/\/baldumarket.lt\/lt\/wp-json\/wp\/v2\/media\/166311"}],"wp:attachment":[{"href":"https:\/\/baldumarket.lt\/lt\/wp-json\/wp\/v2\/media?parent=166310"}],"wp:term":[{"taxonomy":"product_brand","embeddable":true,"href":"https:\/\/baldumarket.lt\/lt\/wp-json\/wp\/v2\/product_brand?post=166310"},{"taxonomy":"product_cat","embeddable":true,"href":"https:\/\/baldumarket.lt\/lt\/wp-json\/wp\/v2\/product_cat?post=166310"},{"taxonomy":"product_tag","embeddable":true,"href":"https:\/\/baldumarket.lt\/lt\/wp-json\/wp\/v2\/product_tag?post=166310"}],"curies":[{"name":"wp","href":"https:\/\/api.w.org\/{rel}","templated":true}]}}