{"id":166295,"date":"2025-12-19T15:55:39","date_gmt":"2025-12-19T12:55:39","guid":{"rendered":"https:\/\/baldumarket.lt\/product\/linkastyles-3-komoda-rtv-2d1s-indigo\/"},"modified":"2026-04-12T15:49:33","modified_gmt":"2026-04-12T12:49:33","slug":"linkastyles-3-komoda-rtv-2d1s-indigo","status":"publish","type":"product","link":"https:\/\/baldumarket.lt\/lt\/product\/linkastyles-3-komoda-rtv-2d1s-indigo\/","title":{"rendered":"LINKaSTYLES-3 \u2013 2D1S Indigo TV komoda"},"content":{"rendered":"<p>Atraskite modernaus LINKaSTYLES-3 televizoriaus staliuko gro\u017e\u012f \u2013 b\u016btinas bet kurio stilingo svetain\u0117s atributas. Pagamintas i\u0161 auk\u0161tos kokyb\u0117s med\u017eiag\u0173, toki\u0173 kaip laminuota plok\u0161t\u0117 ir MDF, \u0161is staliuko elegancija alsuoja sodria indigo spalva, suteikdamas interjerui paslapties ir elegancijos. Minimalistinis dizainas su ry\u0161kiomis varin\u0117mis ranken\u0117l\u0117mis ir matin\u0117mis juodomis kojel\u0117mis paver\u010dia j\u012f puikiu pasirinkimu tiek modernaus, tiek klasikinio stiliaus m\u0117g\u0117jams. LINKaSTYLES-3 televizoriaus staliuko ne tik estetinis patrauklumas, bet ir kasdienis funkcionalumas puikiai tinka laikyti smulkius daiktus ir aksesuarus, kuriuos norite tur\u0117ti po ranka. Erdvi lentyna patogiai talpina pried\u0117l\u012f ar \u017eaidim\u0173 konsol\u0119, tod\u0117l \u0161is staliuko stal\u010dius yra prakti\u0161kas sprendimas bet kuriam \u017einiasklaidos entuziastui. Be to, \u0161onin\u0117s spintel\u0117s puikiai tinka visiems b\u016btiniausiems daiktams ir daiktams, kuriuos norite tvarkingai laikyti, laikyti. D\u0117l tylios nam\u0173 funkcijos dureli\u0173 atidarymas ir u\u017edarymas tampa malonumu, o j\u016bs galite m\u0117gautis savo svetain\u0117s komfortu ir ramybe. \u0160is stiliaus ir patogumo derinys paver\u010dia \u201eLINKaSTYLES-3\u201c gaminiu, atitinkan\u010diu \u0161iuolaikini\u0173 vartotoj\u0173 reikalavimus.<\/p>","protected":false},"excerpt":{"rendered":"<p>Plotis (cm): 135<br \/>\n\u016agis (cm): 56,1<br \/>\nGylis (cm): 40,6<\/p>","protected":false},"featured_media":166296,"comment_status":"open","ping_status":"open","template":"","meta":[],"product_brand":[],"product_cat":[9508,4108,1175],"product_tag":[],"class_list":{"0":"post-166295","1":"product","2":"type-product","3":"status-publish","4":"has-post-thumbnail","6":"product_cat-furniture-system-linkastyles-jarstol-meble","7":"product_cat-jarstol","8":"product_cat-tv-stands","10":"first","11":"instock","12":"purchasable","13":"product-type-simple"},"_links":{"self":[{"href":"https:\/\/baldumarket.lt\/lt\/wp-json\/wp\/v2\/product\/166295","targetHints":{"allow":["GET"]}}],"collection":[{"href":"https:\/\/baldumarket.lt\/lt\/wp-json\/wp\/v2\/product"}],"about":[{"href":"https:\/\/baldumarket.lt\/lt\/wp-json\/wp\/v2\/types\/product"}],"replies":[{"embeddable":true,"href":"https:\/\/baldumarket.lt\/lt\/wp-json\/wp\/v2\/comments?post=166295"}],"wp:featuredmedia":[{"embeddable":true,"href":"https:\/\/baldumarket.lt\/lt\/wp-json\/wp\/v2\/media\/166296"}],"wp:attachment":[{"href":"https:\/\/baldumarket.lt\/lt\/wp-json\/wp\/v2\/media?parent=166295"}],"wp:term":[{"taxonomy":"product_brand","embeddable":true,"href":"https:\/\/baldumarket.lt\/lt\/wp-json\/wp\/v2\/product_brand?post=166295"},{"taxonomy":"product_cat","embeddable":true,"href":"https:\/\/baldumarket.lt\/lt\/wp-json\/wp\/v2\/product_cat?post=166295"},{"taxonomy":"product_tag","embeddable":true,"href":"https:\/\/baldumarket.lt\/lt\/wp-json\/wp\/v2\/product_tag?post=166295"}],"curies":[{"name":"wp","href":"https:\/\/api.w.org\/{rel}","templated":true}]}}