{"id":166288,"date":"2025-12-19T15:55:25","date_gmt":"2025-12-19T12:55:25","guid":{"rendered":"https:\/\/baldumarket.lt\/product\/linkastyles-4-komoda-rtv-2d1s-cashmere\/"},"modified":"2026-04-12T15:49:33","modified_gmt":"2026-04-12T12:49:33","slug":"linkastyles-4-komoda-rtv-2d1s-cashmere","status":"publish","type":"product","link":"https:\/\/baldumarket.lt\/lt\/product\/linkastyles-4-komoda-rtv-2d1s-cashmere\/","title":{"rendered":"LINKaSTYLES-4 \u2013 TV komoda su stal\u010diais 2D1S ka\u0161myro spalvos"},"content":{"rendered":"<p>Garsaus \u201eJarstol\u201c prek\u0117s \u017eenklo 2D1S ka\u0161myro televizoriaus spintel\u0117 \u2013 puikus sprendimas visiems, norintiems suderinti modern\u0173 stili\u0173 su funkcionalumu. Subtilus ka\u0161myro spalvos spintel\u0117 puikiai papildys eleganti\u0161k\u0105 bet kurio svetain\u0117s interjer\u0105, suteikdama rafinuotumo. Minimalistin\u0117 forma ir \u0161velnios linijos suteikia \u0161iam televizoriaus spinteliui modernumo ir jaukumo bet kuriuose namuose. Spintel\u0117s centre yra prakti\u0161ka lentyna, puikiai tinkanti dekoderiui ar kitai elektronikai. I\u0161radingos savyb\u0117s, tokios kaip erdvus stal\u010dius smulkiems daiktams ir dvi \u0161onin\u0117s spintel\u0117s papildomiems priedams, derina funkcionalum\u0105 ir stili\u0173. \u0160is baldas ne tik palengvina svetain\u0117s organizavim\u0105, bet ir tampa traukos centru, traukian\u010diu sve\u010di\u0173 ak\u012f. 2D1S ka\u0161myro televizoriaus spintel\u0117 pagaminta i\u0161 auk\u0161tos kokyb\u0117s med\u017eiag\u0173, laminuotos plok\u0161t\u0117s ir MDF plok\u0161t\u0117s, u\u017etikrinan\u010dios patvarum\u0105 ir lengv\u0105 prie\u017ei\u016br\u0105. Matin\u0117s juodos rankenos ir metalin\u0117s kojel\u0117s suteikia visai konstrukcijai modernumo, puikiai papildydamos minimalistin\u012f stili\u0173. D\u0117l \u0161velnaus u\u017edarymo mechanizmo naudotis \u0161ia komoda dar patogiau ir maloniau.<\/p>","protected":false},"excerpt":{"rendered":"<p>Plotis (cm): 165,3<br \/>\n\u016agis (cm): 56,1<br \/>\nGylis (cm): 40,6<\/p>","protected":false},"featured_media":166289,"comment_status":"open","ping_status":"open","template":"","meta":[],"product_brand":[],"product_cat":[9508,4108,1175],"product_tag":[],"class_list":{"0":"post-166288","1":"product","2":"type-product","3":"status-publish","4":"has-post-thumbnail","6":"product_cat-furniture-system-linkastyles-jarstol-meble","7":"product_cat-jarstol","8":"product_cat-tv-stands","10":"first","11":"instock","12":"purchasable","13":"product-type-simple"},"_links":{"self":[{"href":"https:\/\/baldumarket.lt\/lt\/wp-json\/wp\/v2\/product\/166288","targetHints":{"allow":["GET"]}}],"collection":[{"href":"https:\/\/baldumarket.lt\/lt\/wp-json\/wp\/v2\/product"}],"about":[{"href":"https:\/\/baldumarket.lt\/lt\/wp-json\/wp\/v2\/types\/product"}],"replies":[{"embeddable":true,"href":"https:\/\/baldumarket.lt\/lt\/wp-json\/wp\/v2\/comments?post=166288"}],"wp:featuredmedia":[{"embeddable":true,"href":"https:\/\/baldumarket.lt\/lt\/wp-json\/wp\/v2\/media\/166289"}],"wp:attachment":[{"href":"https:\/\/baldumarket.lt\/lt\/wp-json\/wp\/v2\/media?parent=166288"}],"wp:term":[{"taxonomy":"product_brand","embeddable":true,"href":"https:\/\/baldumarket.lt\/lt\/wp-json\/wp\/v2\/product_brand?post=166288"},{"taxonomy":"product_cat","embeddable":true,"href":"https:\/\/baldumarket.lt\/lt\/wp-json\/wp\/v2\/product_cat?post=166288"},{"taxonomy":"product_tag","embeddable":true,"href":"https:\/\/baldumarket.lt\/lt\/wp-json\/wp\/v2\/product_tag?post=166288"}],"curies":[{"name":"wp","href":"https:\/\/api.w.org\/{rel}","templated":true}]}}