{"id":166280,"date":"2025-12-19T15:55:08","date_gmt":"2025-12-19T12:55:08","guid":{"rendered":"https:\/\/baldumarket.lt\/product\/linkastyles-4-komoda-rtv-2d1s-indigo\/"},"modified":"2026-04-12T15:49:33","modified_gmt":"2026-04-12T12:49:33","slug":"linkastyles-4-komoda-rtv-2d1s-indigo","status":"publish","type":"product","link":"https:\/\/baldumarket.lt\/lt\/product\/linkastyles-4-komoda-rtv-2d1s-indigo\/","title":{"rendered":"LINKaSTYLES-4 \u2013 2D1S Indigo TV komoda"},"content":{"rendered":"<p>\u201eLINKaSTYLES-4\u201c televizoriaus staliukas \u2013 puikus sprendimas tiems, kurie vertina modern\u0173 dizain\u0105 ir funkcionalum\u0105. Pagamintas i\u0161 auk\u0161tos kokyb\u0117s med\u017eiag\u0173, jis pasi\u017eymi stilinga indigo apdaila. Eleganti\u0161kas gaubtas, derinamas su varin\u0117mis ranken\u0117l\u0117mis ir matin\u0117mis juodomis kojel\u0117mis, suteikia stal\u010diui unikal\u0173 charakter\u012f, tod\u0117l jis taps bet kurio svetain\u0117s traukos centru. \u0160is modernus televizoriaus staliukas buvo sukurtas atsi\u017evelgiant \u012f kasdienius poreikius. D\u0117l erdvios centrin\u0117s lentynos jis puikiai tinka laikyti pried\u0117l\u012f ar kit\u0105 elektronik\u0105. Be to, erdvus stal\u010dius leid\u017eia patogiai laikyti smulkius aksesuarus, u\u017etikrinant tvark\u0105 ir lengv\u0105 prieig\u0105 prie b\u016btiniausi\u0173 daikt\u0173. Dvi \u0161onin\u0117s spintel\u0117s suteikia papildomos vietos multimedijos ir asmeniniams daiktams. \u201eLINKaSTYLES-4\u201c staliukas puikiai dera su kitais svetain\u0117s baldais, sukurdamas darn\u0173 ir harmoning\u0105 interjero dizain\u0105. Galima rinktis i\u0161 trij\u0173 patraukli\u0173 spalv\u0173 \u2013 ka\u0161myro, indigo ir \u017ealio akmens \u2013 tod\u0117l j\u012f lengvai priderinsite prie savo stiliaus ir pageidavim\u0173. D\u0117l to kiekviena erdv\u0117 gali sukurti unikali\u0105 atmosfer\u0105, atspindin\u010di\u0105 j\u016bs\u0173 skon\u012f ir asmenyb\u0119.<\/p>","protected":false},"excerpt":{"rendered":"<p>Plotis (cm): 165,3<br \/>\n\u016agis (cm): 56,1<br \/>\nGylis (cm): 40,6<\/p>","protected":false},"featured_media":166281,"comment_status":"open","ping_status":"open","template":"","meta":[],"product_brand":[],"product_cat":[9508,4108,1175],"product_tag":[],"class_list":{"0":"post-166280","1":"product","2":"type-product","3":"status-publish","4":"has-post-thumbnail","6":"product_cat-furniture-system-linkastyles-jarstol-meble","7":"product_cat-jarstol","8":"product_cat-tv-stands","10":"first","11":"instock","12":"purchasable","13":"product-type-simple"},"_links":{"self":[{"href":"https:\/\/baldumarket.lt\/lt\/wp-json\/wp\/v2\/product\/166280","targetHints":{"allow":["GET"]}}],"collection":[{"href":"https:\/\/baldumarket.lt\/lt\/wp-json\/wp\/v2\/product"}],"about":[{"href":"https:\/\/baldumarket.lt\/lt\/wp-json\/wp\/v2\/types\/product"}],"replies":[{"embeddable":true,"href":"https:\/\/baldumarket.lt\/lt\/wp-json\/wp\/v2\/comments?post=166280"}],"wp:featuredmedia":[{"embeddable":true,"href":"https:\/\/baldumarket.lt\/lt\/wp-json\/wp\/v2\/media\/166281"}],"wp:attachment":[{"href":"https:\/\/baldumarket.lt\/lt\/wp-json\/wp\/v2\/media?parent=166280"}],"wp:term":[{"taxonomy":"product_brand","embeddable":true,"href":"https:\/\/baldumarket.lt\/lt\/wp-json\/wp\/v2\/product_brand?post=166280"},{"taxonomy":"product_cat","embeddable":true,"href":"https:\/\/baldumarket.lt\/lt\/wp-json\/wp\/v2\/product_cat?post=166280"},{"taxonomy":"product_tag","embeddable":true,"href":"https:\/\/baldumarket.lt\/lt\/wp-json\/wp\/v2\/product_tag?post=166280"}],"curies":[{"name":"wp","href":"https:\/\/api.w.org\/{rel}","templated":true}]}}