{"id":166274,"date":"2025-12-19T15:54:55","date_gmt":"2025-12-19T12:54:55","guid":{"rendered":"https:\/\/baldumarket.lt\/product\/linkastyles-5-witryna-2d1s-cashmere\/"},"modified":"2026-04-12T15:49:33","modified_gmt":"2026-04-12T12:49:33","slug":"linkastyles-5-witryna-2d1s-cashmere","status":"publish","type":"product","link":"https:\/\/baldumarket.lt\/lt\/product\/linkastyles-5-witryna-2d1s-cashmere\/","title":{"rendered":"LINKaSTYLES-5 \u2013 2D1S ka\u0161myro vitrina"},"content":{"rendered":"<p>\u201eJarstol\u201c 2D1S ka\u0161myro vitrina \u2013 eleganti\u0161kas pasirinkimas, kuris suteiks charakterio bet kuriam kambariui. Jos modernus ka\u0161myro spalvos dizainas puikiai atspindi dabartines tendencijas, o kruop\u0161\u010diai atrinktos med\u017eiagos u\u017etikrina ne tik estetik\u0105, bet ir patvarum\u0105. 196,1 cm auk\u0161\u010dio ir 54,5 cm plo\u010dio ji puikiai tinka erdvioms svetain\u0117ms ir ma\u017eoms erdv\u0117ms, kur svarbus kiekvienas centimetras. \u0160io modelio \u012fkv\u0117pimas kilo i\u0161 noro suderinti funkcionalum\u0105 ir estetik\u0105. Apatin\u0117je spintel\u0117s dalyje yra spintel\u0117 su prakti\u0161ka lentyna ir erdviu stal\u010diumi, leid\u017eian\u010diu lengvai laikyti \u012fvairius daiktus. Vir\u0161utin\u0117 dalis apdailinta eleganti\u0161ku stiklu, kuris suteikia lengvumo ir atveria erdv\u0119, o dvi lentynos puikiai tinka \u012fvairioms dekoracijoms ar \u0161eimos relikvijoms eksponuoti. Vitrina turi atidarymo spustel\u0117jus sistem\u0105, tod\u0117l ja naudotis itin patogu ir intuityvu. I\u0161siki\u0161usi\u0173 ranken\u0117li\u0173 nebuvimas ne tik sustiprina minimalistin\u0119 i\u0161vaizd\u0105, bet ir leid\u017eia lengvai atidaryti dureles viena ranka. Gamyboje naudojamos med\u017eiagos, tokios kaip laminuota plok\u0161t\u0117 ir MDF, taip pat metaliniai elementai, u\u017etikrina ne tik estetik\u0105, bet ir patvarum\u0105 bei eleganti\u0161k\u0105 apdail\u0105.<\/p>","protected":false},"excerpt":{"rendered":"<p>Plotis (cm): 54,5<br \/>\n\u016agis (cm): 196,1<br \/>\nGylis (cm): 40,6<\/p>","protected":false},"featured_media":166275,"comment_status":"open","ping_status":"open","template":"","meta":[],"product_brand":[],"product_cat":[9508,4108,2006],"product_tag":[],"class_list":{"0":"post-166274","1":"product","2":"type-product","3":"status-publish","4":"has-post-thumbnail","6":"product_cat-furniture-system-linkastyles-jarstol-meble","7":"product_cat-jarstol","8":"product_cat-vitrines","10":"first","11":"instock","12":"purchasable","13":"product-type-simple"},"_links":{"self":[{"href":"https:\/\/baldumarket.lt\/lt\/wp-json\/wp\/v2\/product\/166274","targetHints":{"allow":["GET"]}}],"collection":[{"href":"https:\/\/baldumarket.lt\/lt\/wp-json\/wp\/v2\/product"}],"about":[{"href":"https:\/\/baldumarket.lt\/lt\/wp-json\/wp\/v2\/types\/product"}],"replies":[{"embeddable":true,"href":"https:\/\/baldumarket.lt\/lt\/wp-json\/wp\/v2\/comments?post=166274"}],"wp:featuredmedia":[{"embeddable":true,"href":"https:\/\/baldumarket.lt\/lt\/wp-json\/wp\/v2\/media\/166275"}],"wp:attachment":[{"href":"https:\/\/baldumarket.lt\/lt\/wp-json\/wp\/v2\/media?parent=166274"}],"wp:term":[{"taxonomy":"product_brand","embeddable":true,"href":"https:\/\/baldumarket.lt\/lt\/wp-json\/wp\/v2\/product_brand?post=166274"},{"taxonomy":"product_cat","embeddable":true,"href":"https:\/\/baldumarket.lt\/lt\/wp-json\/wp\/v2\/product_cat?post=166274"},{"taxonomy":"product_tag","embeddable":true,"href":"https:\/\/baldumarket.lt\/lt\/wp-json\/wp\/v2\/product_tag?post=166274"}],"curies":[{"name":"wp","href":"https:\/\/api.w.org\/{rel}","templated":true}]}}