{"id":166266,"date":"2025-12-19T15:54:37","date_gmt":"2025-12-19T12:54:37","guid":{"rendered":"https:\/\/baldumarket.lt\/product\/linkastyles-5-witryna-2d1s-indigo\/"},"modified":"2026-04-12T15:49:33","modified_gmt":"2026-04-12T12:49:33","slug":"linkastyles-5-witryna-2d1s-indigo","status":"publish","type":"product","link":"https:\/\/baldumarket.lt\/lt\/product\/linkastyles-5-witryna-2d1s-indigo\/","title":{"rendered":"LINKaSTYLES-5 \u2013 2D1S Indigo vitrina"},"content":{"rendered":"<p>2D1S Indigo spalvos vitrina \u2013 tikras aki\u0173 malonumas, suteikiantis bet kokiai svetainei klas\u0117s ir elegancijos. Jos dizainerio apdaila, tamsi indigo atspalvis, pagaminta i\u0161 auk\u0161tos kokyb\u0117s med\u017eiag\u0173, tikrai patrauks kiekvieno sve\u010dio ak\u012f. Be estetinio patrauklumo, vitrina taip pat pasi\u017eymi funkcionalumu \u2013 spintel\u0117s su lentyna, erdvaus stal\u010diaus ir stiklin\u0117s vitrinos derinys paver\u010dia j\u0105 puikia vieta eksponuoti m\u0117gstamiausias dekoracijas ir laikyti b\u016btiniausius aksesuarus. Apatin\u0117je vitrinos dalyje yra prakti\u0161ka spintel\u0117 \u012fvairiems daiktams laikyti, o vir\u0161uje \u2013 erdvus stal\u010dius, puikiai tinkantis nieku\u010diams laikyti. Vir\u0161utin\u0117je dalyje su stiklin\u0117mis durel\u0117mis galite eksponuoti vertingus nieku\u010dius ar \u0161eimos nuotraukas, taip sukurdami \u0161viesumo ir erdv\u0117s poj\u016bt\u012f kambaryje. Paspaudus atidaroma sistema u\u017etikrina komfort\u0105 ir modernum\u0105 kasdien naudojant, tod\u0117l nereikia ranken\u0173. Gra\u017ei indigo spalva korpuse ir fasaduose dera su varin\u0117mis ranken\u0173 detal\u0117mis ir matin\u0117mis juodomis kojel\u0117mis, kurios suteikia modernumo. \u0160i spalv\u0173 schema leid\u017eia vitrinai der\u0117ti prie \u012fvairi\u0173 interjero dizain\u0173 \u2013 nuo minimalistini\u0173 iki gausesni\u0173 funkcij\u0173. Nepriklausomai nuo stiliaus, vitrina taps j\u016bs\u0173 svetain\u0117s traukos centru.<\/p>","protected":false},"excerpt":{"rendered":"<p>Plotis (cm): 54,5<br \/>\n\u016agis (cm): 196,1<br \/>\nGylis (cm): 40,6<\/p>","protected":false},"featured_media":166267,"comment_status":"open","ping_status":"open","template":"","meta":[],"product_brand":[],"product_cat":[9508,4108,2006],"product_tag":[],"class_list":{"0":"post-166266","1":"product","2":"type-product","3":"status-publish","4":"has-post-thumbnail","6":"product_cat-furniture-system-linkastyles-jarstol-meble","7":"product_cat-jarstol","8":"product_cat-vitrines","10":"first","11":"instock","12":"purchasable","13":"product-type-simple"},"_links":{"self":[{"href":"https:\/\/baldumarket.lt\/lt\/wp-json\/wp\/v2\/product\/166266","targetHints":{"allow":["GET"]}}],"collection":[{"href":"https:\/\/baldumarket.lt\/lt\/wp-json\/wp\/v2\/product"}],"about":[{"href":"https:\/\/baldumarket.lt\/lt\/wp-json\/wp\/v2\/types\/product"}],"replies":[{"embeddable":true,"href":"https:\/\/baldumarket.lt\/lt\/wp-json\/wp\/v2\/comments?post=166266"}],"wp:featuredmedia":[{"embeddable":true,"href":"https:\/\/baldumarket.lt\/lt\/wp-json\/wp\/v2\/media\/166267"}],"wp:attachment":[{"href":"https:\/\/baldumarket.lt\/lt\/wp-json\/wp\/v2\/media?parent=166266"}],"wp:term":[{"taxonomy":"product_brand","embeddable":true,"href":"https:\/\/baldumarket.lt\/lt\/wp-json\/wp\/v2\/product_brand?post=166266"},{"taxonomy":"product_cat","embeddable":true,"href":"https:\/\/baldumarket.lt\/lt\/wp-json\/wp\/v2\/product_cat?post=166266"},{"taxonomy":"product_tag","embeddable":true,"href":"https:\/\/baldumarket.lt\/lt\/wp-json\/wp\/v2\/product_tag?post=166266"}],"curies":[{"name":"wp","href":"https:\/\/api.w.org\/{rel}","templated":true}]}}