{"id":166260,"date":"2025-12-19T15:54:24","date_gmt":"2025-12-19T12:54:24","guid":{"rendered":"https:\/\/baldumarket.lt\/product\/linkastyles-6-stolik-kawowy-1-szuflada-cashmere\/"},"modified":"2026-04-12T15:49:33","modified_gmt":"2026-04-12T12:49:33","slug":"linkastyles-6-stolik-kawowy-1-szuflada-cashmere","status":"publish","type":"product","link":"https:\/\/baldumarket.lt\/lt\/product\/linkastyles-6-stolik-kawowy-1-szuflada-cashmere\/","title":{"rendered":"LINKaSTYLES-6 \u2013 Kavos staliukas su 1 stal\u010diumi, ka\u0161myro spalvos"},"content":{"rendered":"<p>Atraskite elegancij\u0105 ir funkcionalum\u0105 kiekvienoje detal\u0117je su \u017einomo \u201eJarstol\u201c prek\u0117s \u017eenklo kavos staliuku \u201eLINKaSTYLES-6\u201c. Minimalistinis ka\u0161myro atspalvio dizainas suteikia j\u016bs\u0173 interjerui lengvumo ir gaivos poj\u016bt\u012f, puikiai der\u0117damas tiek su moderniais, tiek su klasikiniais stiliais. Subtili\u0173 spalv\u0173 staliukas suteiks j\u016bs\u0173 svetainei unikalumo, paversdamas j\u0105 harmoninga ir \u017eavinga erdve. 90 cm plo\u010dio ir 45,5 cm auk\u0161\u010dio staliukas yra ne tik esteti\u0161kai patrauklus, bet ir labai funkcionalus. Galvodami apie j\u016bs\u0173 patogum\u0105, j\u012f apr\u016bpinome prakti\u0161ku, erdviu stal\u010diumi, kuriame tilps visi b\u016btini j\u016bs\u0173 poilsio reikmenys. Papildoma lentyna leid\u017eia laikyti knygas, \u017eurnalus ar dekoracijas, u\u017etikrinant, kad viskas, ko jums reikia, visada b\u016bt\u0173 po ranka, ir j\u016bs\u0173 erdv\u0117 b\u016bt\u0173 tvarkinga. Stalo kojos pagamintos i\u0161 matin\u0117s juodos spalvos metalo, kuris ne tik pabr\u0117\u017eia jo modern\u0173 \u017eaves\u012f, bet ir u\u017etikrina stabilum\u0105 bei ilgaam\u017ei\u0161kum\u0105. Naudotos med\u017eiagos, tokios kaip MDF ir laminuota plok\u0161t\u0117, yra auk\u0161tos kokyb\u0117s, u\u017etikrinan\u010dios ilgalaik\u012f naudojim\u0105. Nesvarbu, ar stal\u0105 naudosite svetain\u0117je, ar terasoje \u0161iltomis dienomis, jo tvirta konstrukcija atlaikys visus kasdienio gyvenimo i\u0161\u0161\u016bkius.<\/p>","protected":false},"excerpt":{"rendered":"<p>Plotis (cm): 90<br \/>\n\u016agis (cm): 45,5<br \/>\nGylis (cm): 40,6<\/p>","protected":false},"featured_media":166261,"comment_status":"open","ping_status":"open","template":"","meta":[],"product_brand":[],"product_cat":[9508,866,4108],"product_tag":[],"class_list":{"0":"post-166260","1":"product","2":"type-product","3":"status-publish","4":"has-post-thumbnail","6":"product_cat-furniture-system-linkastyles-jarstol-meble","7":"product_cat-coffee-tables","8":"product_cat-jarstol","10":"first","11":"instock","12":"purchasable","13":"product-type-simple"},"_links":{"self":[{"href":"https:\/\/baldumarket.lt\/lt\/wp-json\/wp\/v2\/product\/166260","targetHints":{"allow":["GET"]}}],"collection":[{"href":"https:\/\/baldumarket.lt\/lt\/wp-json\/wp\/v2\/product"}],"about":[{"href":"https:\/\/baldumarket.lt\/lt\/wp-json\/wp\/v2\/types\/product"}],"replies":[{"embeddable":true,"href":"https:\/\/baldumarket.lt\/lt\/wp-json\/wp\/v2\/comments?post=166260"}],"wp:featuredmedia":[{"embeddable":true,"href":"https:\/\/baldumarket.lt\/lt\/wp-json\/wp\/v2\/media\/166261"}],"wp:attachment":[{"href":"https:\/\/baldumarket.lt\/lt\/wp-json\/wp\/v2\/media?parent=166260"}],"wp:term":[{"taxonomy":"product_brand","embeddable":true,"href":"https:\/\/baldumarket.lt\/lt\/wp-json\/wp\/v2\/product_brand?post=166260"},{"taxonomy":"product_cat","embeddable":true,"href":"https:\/\/baldumarket.lt\/lt\/wp-json\/wp\/v2\/product_cat?post=166260"},{"taxonomy":"product_tag","embeddable":true,"href":"https:\/\/baldumarket.lt\/lt\/wp-json\/wp\/v2\/product_tag?post=166260"}],"curies":[{"name":"wp","href":"https:\/\/api.w.org\/{rel}","templated":true}]}}