{"id":166253,"date":"2025-12-19T15:54:08","date_gmt":"2025-12-19T12:54:08","guid":{"rendered":"https:\/\/baldumarket.lt\/product\/linkastyles-6-stolik-kawowy-1-szuflada-indigo\/"},"modified":"2026-04-12T15:49:25","modified_gmt":"2026-04-12T12:49:25","slug":"linkastyles-6-stolik-kawowy-1-szuflada-indigo","status":"publish","type":"product","link":"https:\/\/baldumarket.lt\/lt\/product\/linkastyles-6-stolik-kawowy-1-szuflada-indigo\/","title":{"rendered":"LINKaSTYLES-6 \u2013 Indigo kavos staliukas su 1 stal\u010diumi"},"content":{"rendered":"<p>LINKaSTYLES-6 kavos staliukas puikiai papildys bet kok\u012f modern\u0173 interjer\u0105. Unikali indigo spalva suteikia erdvei gylio ir elegancijos, o minimalistinis dizainas puikiai dera su kitais interjero dizaino stiliais. Harmoningas priekin\u0117s dalies spalvos ir kompakti\u0161k\u0173 juod\u0173 kojeli\u0173 derinys paver\u010dia \u0161\u012f bald\u0105 ne tik prakti\u0161ku baldu, bet ir esteti\u0161kai patraukliu akcentu. LINKaSTYLES-6 i\u0161siskiria ne tik mergaiti\u0161ka spalva. \u012esp\u016bdingas ir jo funkcionalumas. Prakti\u0161kas stal\u010dius ir erdvi lentyna leid\u017eia lengvai laikyti visus b\u016btiniausius daiktus po ranka. Tai puiki vieta knygoms, nuotolinio valdymo pultams ar puodeliui kavos, kurie visada bus po ranka, kai prireiks atsipalaidavimo akimirkos. Pagamintas i\u0161 auk\u0161tos kokyb\u0117s med\u017eiag\u0173, kavos staliukas pasi\u017eymi tvirtumu ir ilgaam\u017ei\u0161kumu. MDF plok\u0161t\u0117 u\u017etikrina tinkam\u0105 stabilum\u0105, o matin\u0117s juodos spalvos metalin\u0117s kojel\u0117s suteikia modernumo. \u0160is baldas, sukurtas savaranki\u0161kam surinkimui, yra lengvai paruo\u0161iamas naudojimui, o tai tikrai \u012fvertins bet kuris u\u017eimtas nam\u0173 savininkas.<\/p>","protected":false},"excerpt":{"rendered":"<p>Plotis (cm): 90<br \/>\n\u016agis (cm): 45,5<br \/>\nGylis (cm): 58<\/p>","protected":false},"featured_media":166254,"comment_status":"open","ping_status":"open","template":"","meta":[],"product_brand":[],"product_cat":[9508,866,4108],"product_tag":[],"class_list":{"0":"post-166253","1":"product","2":"type-product","3":"status-publish","4":"has-post-thumbnail","6":"product_cat-furniture-system-linkastyles-jarstol-meble","7":"product_cat-coffee-tables","8":"product_cat-jarstol","10":"first","11":"instock","12":"purchasable","13":"product-type-simple"},"_links":{"self":[{"href":"https:\/\/baldumarket.lt\/lt\/wp-json\/wp\/v2\/product\/166253","targetHints":{"allow":["GET"]}}],"collection":[{"href":"https:\/\/baldumarket.lt\/lt\/wp-json\/wp\/v2\/product"}],"about":[{"href":"https:\/\/baldumarket.lt\/lt\/wp-json\/wp\/v2\/types\/product"}],"replies":[{"embeddable":true,"href":"https:\/\/baldumarket.lt\/lt\/wp-json\/wp\/v2\/comments?post=166253"}],"wp:featuredmedia":[{"embeddable":true,"href":"https:\/\/baldumarket.lt\/lt\/wp-json\/wp\/v2\/media\/166254"}],"wp:attachment":[{"href":"https:\/\/baldumarket.lt\/lt\/wp-json\/wp\/v2\/media?parent=166253"}],"wp:term":[{"taxonomy":"product_brand","embeddable":true,"href":"https:\/\/baldumarket.lt\/lt\/wp-json\/wp\/v2\/product_brand?post=166253"},{"taxonomy":"product_cat","embeddable":true,"href":"https:\/\/baldumarket.lt\/lt\/wp-json\/wp\/v2\/product_cat?post=166253"},{"taxonomy":"product_tag","embeddable":true,"href":"https:\/\/baldumarket.lt\/lt\/wp-json\/wp\/v2\/product_tag?post=166253"}],"curies":[{"name":"wp","href":"https:\/\/api.w.org\/{rel}","templated":true}]}}