{"id":166247,"date":"2025-12-19T15:53:54","date_gmt":"2025-12-19T12:53:54","guid":{"rendered":"https:\/\/baldumarket.lt\/product\/linkastyles-7-szafka-nocna-1-szuflada-cashmere\/"},"modified":"2026-04-12T16:46:43","modified_gmt":"2026-04-12T13:46:43","slug":"linkastyles-7-szafka-nocna-1-szuflada-cashmere","status":"publish","type":"product","link":"https:\/\/baldumarket.lt\/lt\/product\/linkastyles-7-szafka-nocna-1-szuflada-cashmere\/","title":{"rendered":"LINKaSTYLES-7 \u2013 Naktinis staliukas su 1 stal\u010diumi, ka\u0161myro spalvos"},"content":{"rendered":"<p>Atraskite LINKaSTYLES-7 naktin\u012f staliuk\u0105, kuris unikaliai papildys j\u016bs\u0173 miegamojo atmosfer\u0105. Eleganti\u0161ka ka\u0161myro konstrukcija ne tik suteikia \u017eavesio, bet ir sukuria jauki\u0105 atmosfer\u0105, skatinan\u010di\u0105 atsipalaiduoti. Stilingas dizainas su matine juoda rankena ir kojel\u0117mis daro \u0161\u012f bald\u0105 nesenstant\u012f ir puikiai tinkant\u012f \u012fvairiems interjerams \u2013 nuo klasikinio iki modernaus. Naktinis staliukas turi vien\u0105 prakti\u0161k\u0105 stal\u010di\u0173, kuriame tilps visi j\u016bs\u0173 reikalingi daiktai, taip pat eleganti\u0161k\u0105 lentyn\u0105, puikiai tinkan\u010di\u0105 knygoms, naktinei lempai ar dekoracijoms. D\u0117l savo matmen\u0173 (54,4 cm plo\u010dio, 55,1 cm auk\u0161\u010dio ir 40,6 cm gylio) baldas yra pakankamai kompakti\u0161kas, kad tilpt\u0173 bet kuriame miegamajame, tuo pa\u010diu suteikdamas daug vietos daiktams susid\u0117ti. Tai puikus sprendimas tiems, kurie vertina funkcionalum\u0105 ir estetik\u0105. Auk\u0161tos kokyb\u0117s med\u017eiagos yra dar vienas \u0161io naktinio staliuko privalumas. Korpusas pagamintas i\u0161 tvirtos laminuotos plok\u0161t\u0117s, o priekin\u0117 dalis papuo\u0161ta eleganti\u0161ka MDF plok\u0161te, u\u017etikrinan\u010dia patvarum\u0105 ir ilgaam\u017ei\u0161kum\u0105. Be to, metalin\u0117s kreipian\u010diosios garantuoja skland\u0173 ir tyl\u0173 atidarym\u0105, o vis\u0105 staliuk\u0105 lengva surinkti patiems, tod\u0117l galite greitai m\u0117gautis nauju pirkiniu savo interjere.<\/p>","protected":false},"excerpt":{"rendered":"<p>Plotis (cm): 54,4<br \/>\n\u016agis (cm): 55,1<br \/>\nGylis (cm): 58<\/p>","protected":false},"featured_media":166248,"comment_status":"open","ping_status":"open","template":"","meta":[],"product_brand":[],"product_cat":[9508,1176,4108],"product_tag":[],"class_list":{"0":"post-166247","1":"product","2":"type-product","3":"status-publish","4":"has-post-thumbnail","6":"product_cat-furniture-system-linkastyles-jarstol-meble","7":"product_cat-bedside-tables","8":"product_cat-jarstol","10":"first","11":"instock","12":"purchasable","13":"product-type-simple"},"_links":{"self":[{"href":"https:\/\/baldumarket.lt\/lt\/wp-json\/wp\/v2\/product\/166247","targetHints":{"allow":["GET"]}}],"collection":[{"href":"https:\/\/baldumarket.lt\/lt\/wp-json\/wp\/v2\/product"}],"about":[{"href":"https:\/\/baldumarket.lt\/lt\/wp-json\/wp\/v2\/types\/product"}],"replies":[{"embeddable":true,"href":"https:\/\/baldumarket.lt\/lt\/wp-json\/wp\/v2\/comments?post=166247"}],"wp:featuredmedia":[{"embeddable":true,"href":"https:\/\/baldumarket.lt\/lt\/wp-json\/wp\/v2\/media\/166248"}],"wp:attachment":[{"href":"https:\/\/baldumarket.lt\/lt\/wp-json\/wp\/v2\/media?parent=166247"}],"wp:term":[{"taxonomy":"product_brand","embeddable":true,"href":"https:\/\/baldumarket.lt\/lt\/wp-json\/wp\/v2\/product_brand?post=166247"},{"taxonomy":"product_cat","embeddable":true,"href":"https:\/\/baldumarket.lt\/lt\/wp-json\/wp\/v2\/product_cat?post=166247"},{"taxonomy":"product_tag","embeddable":true,"href":"https:\/\/baldumarket.lt\/lt\/wp-json\/wp\/v2\/product_tag?post=166247"}],"curies":[{"name":"wp","href":"https:\/\/api.w.org\/{rel}","templated":true}]}}