{"id":166239,"date":"2025-12-19T15:53:37","date_gmt":"2025-12-19T12:53:37","guid":{"rendered":"https:\/\/baldumarket.lt\/product\/linkastyles-7-szafka-nocna-1-szuflada-indigo\/"},"modified":"2026-04-12T15:49:25","modified_gmt":"2026-04-12T12:49:25","slug":"linkastyles-7-szafka-nocna-1-szuflada-indigo","status":"publish","type":"product","link":"https:\/\/baldumarket.lt\/lt\/product\/linkastyles-7-szafka-nocna-1-szuflada-indigo\/","title":{"rendered":"LINKaSTYLES-7 \u2013 Indigo naktinis staliukas su 1 stal\u010diumi"},"content":{"rendered":"<p>Atraskite \u201eLINKaSTYLES-7\u201c naktinio stalelio elegancij\u0105 ir funkcionalum\u0105. Pasinerkite \u012f indigo m\u0117lynos spalvos gelmes \u2013 \u0161io unikalaus naktinio stalelio korpuso ir priekin\u0117s dalies spalv\u0105. Universalus dizainas puikiai tinka bet kokiam miegamojo stiliui \u2013 nuo modernaus iki klasikinio. Subtil\u016bs metaliniai elementai, tokie kaip vario spalvos rankena ir matin\u0117s juodos kojel\u0117s, suteikia jam unikal\u0173 charakter\u012f, tod\u0117l tai ne tik baldas, bet ir stilingas j\u016bs\u0173 interjero papildymas. \u0160io naktinio stalelio prakti\u0161kumas slypi gerai apgalvotame i\u0161d\u0117styme. Vienas stal\u010dius ir lentyna suteikia daug vietos b\u016btiniausiems daiktams laikyti. Tai leid\u017eia lengvai susitvarkyti asmeninius daiktus neprarandant estetikos. Naktinis staliukas tampa puikia vieta knygoms, naktinio stalelio lempai ar smulkiems aksesuarams, kuriuos visada norite tur\u0117ti po ranka. \u201eLINKaSTYLES-7\u201c naktinis staliukas yra trij\u0173 nuostabi\u0173 spalv\u0173 \u2013 ka\u0161myro, indigo ir \u017ealio akmens \u2013 tod\u0117l galite rinktis i\u0161 daugyb\u0117s i\u0161d\u0117stymo galimybi\u0173. Pasirinkite spalv\u0105, kuri geriausiai atspindi j\u016bs\u0173 stili\u0173, ir sukurkite ramyb\u0117s bei harmonijos atmosfer\u0105 savo miegamajame. Tai suteiks j\u016bs\u0173 vakaro poilsiui nauj\u0105 prasm\u0119 ir padarys j\u016bs\u0173 rytus dar jaukesnius.<\/p>","protected":false},"excerpt":{"rendered":"<p>Plotis (cm): 54,4<br \/>\n\u016agis (cm): 55,1<br \/>\nGylis (cm): 40,6<\/p>","protected":false},"featured_media":166240,"comment_status":"open","ping_status":"open","template":"","meta":[],"product_brand":[],"product_cat":[9508,1176,4108],"product_tag":[],"class_list":{"0":"post-166239","1":"product","2":"type-product","3":"status-publish","4":"has-post-thumbnail","6":"product_cat-furniture-system-linkastyles-jarstol-meble","7":"product_cat-bedside-tables","8":"product_cat-jarstol","10":"first","11":"instock","12":"purchasable","13":"product-type-simple"},"_links":{"self":[{"href":"https:\/\/baldumarket.lt\/lt\/wp-json\/wp\/v2\/product\/166239","targetHints":{"allow":["GET"]}}],"collection":[{"href":"https:\/\/baldumarket.lt\/lt\/wp-json\/wp\/v2\/product"}],"about":[{"href":"https:\/\/baldumarket.lt\/lt\/wp-json\/wp\/v2\/types\/product"}],"replies":[{"embeddable":true,"href":"https:\/\/baldumarket.lt\/lt\/wp-json\/wp\/v2\/comments?post=166239"}],"wp:featuredmedia":[{"embeddable":true,"href":"https:\/\/baldumarket.lt\/lt\/wp-json\/wp\/v2\/media\/166240"}],"wp:attachment":[{"href":"https:\/\/baldumarket.lt\/lt\/wp-json\/wp\/v2\/media?parent=166239"}],"wp:term":[{"taxonomy":"product_brand","embeddable":true,"href":"https:\/\/baldumarket.lt\/lt\/wp-json\/wp\/v2\/product_brand?post=166239"},{"taxonomy":"product_cat","embeddable":true,"href":"https:\/\/baldumarket.lt\/lt\/wp-json\/wp\/v2\/product_cat?post=166239"},{"taxonomy":"product_tag","embeddable":true,"href":"https:\/\/baldumarket.lt\/lt\/wp-json\/wp\/v2\/product_tag?post=166239"}],"curies":[{"name":"wp","href":"https:\/\/api.w.org\/{rel}","templated":true}]}}