{"id":166232,"date":"2025-12-19T15:53:22","date_gmt":"2025-12-19T12:53:22","guid":{"rendered":"https:\/\/baldumarket.lt\/product\/linkastyles-8-witryna-2-drzwiowa-cashmere\/"},"modified":"2026-04-12T15:49:25","modified_gmt":"2026-04-12T12:49:25","slug":"linkastyles-8-witryna-2-drzwiowa-cashmere","status":"publish","type":"product","link":"https:\/\/baldumarket.lt\/lt\/product\/linkastyles-8-witryna-2-drzwiowa-cashmere\/","title":{"rendered":"LINKaSTYLES-8 \u2013 Ka\u0161myro dviej\u0173 dur\u0173 vitrina"},"content":{"rendered":"<p>Eleganti\u0161ka \u201eJarstol\u201c ka\u0161myro spalvos dvidur\u0117 vitrina bet kokiam interjerui suteikia stiliaus ir rafinuotos estetikos. Jos modernus dizainas puikiai dera su dabartin\u0117mis interjero dizaino tendencijomis, sukurdamas harmoning\u0105 kompozicij\u0105 svetain\u0117je, valgomajame ar biure. Ka\u0161myro spalva korpusui ir fasadui suteikia elegancijos ir jaukumo, tod\u0117l ji tampa bet kurio kambario traukos centru. Vitrina yra ne tik gra\u017ei, bet ir funkcionali. D\u0117l erdvi\u0173 lentyn\u0173 galite lengvai eksponuoti m\u0117gstamus stalo \u012frankius, stiklines ar dekoratyvines vazas. Verta atkreipti d\u0117mes\u012f \u012f novatori\u0161k\u0105 LED ap\u0161vietim\u0105, kuris ap\u0161vie\u010dia lentyn\u0173 vid\u0173, sukurdamas nuostabi\u0105 atmosfer\u0105 romanti\u0161k\u0173 vakarieni\u0173 ar \u0161eimos susib\u016brim\u0173 metu. Tai puiki vieta eksponuoti l\u0117k\u0161\u010di\u0173 kolekcij\u0105 ar unikal\u0173 suvenyr\u0105 su istorija. \u201eLINKaSTYLE\u201c vitrina taip pat i\u0161siskiria originaliais, grioveliais i\u0161rai\u017eytais fasadais, kurie suteikia jai unikal\u0173 charakter\u012f. \u0160ios detal\u0117s derinys su permatomu stiklu suteikia baldui modern\u0173 ir eleganti\u0161k\u0105 vaizd\u0105, puikiai papildant\u012f juodas metalines kojeles. \u0160ios kojel\u0117s ne tik suteikia vitrinai puiki\u0105 i\u0161vaizd\u0105, bet ir prakti\u0161kumo \u2013 valymo robotas gali lengvai praslysti po spintele, tod\u0117l kasdieniai darbai tampa ma\u017eiau na\u0161ta.<\/p>","protected":false},"excerpt":{"rendered":"<p>Plotis (cm): 104,8<br \/>\n\u016agis (cm): 150<br \/>\nGylis (cm): 40,6<\/p>","protected":false},"featured_media":166233,"comment_status":"open","ping_status":"open","template":"","meta":[],"product_brand":[],"product_cat":[9508,4108,2006],"product_tag":[],"class_list":{"0":"post-166232","1":"product","2":"type-product","3":"status-publish","4":"has-post-thumbnail","6":"product_cat-furniture-system-linkastyles-jarstol-meble","7":"product_cat-jarstol","8":"product_cat-vitrines","10":"first","11":"instock","12":"purchasable","13":"product-type-simple"},"_links":{"self":[{"href":"https:\/\/baldumarket.lt\/lt\/wp-json\/wp\/v2\/product\/166232","targetHints":{"allow":["GET"]}}],"collection":[{"href":"https:\/\/baldumarket.lt\/lt\/wp-json\/wp\/v2\/product"}],"about":[{"href":"https:\/\/baldumarket.lt\/lt\/wp-json\/wp\/v2\/types\/product"}],"replies":[{"embeddable":true,"href":"https:\/\/baldumarket.lt\/lt\/wp-json\/wp\/v2\/comments?post=166232"}],"wp:featuredmedia":[{"embeddable":true,"href":"https:\/\/baldumarket.lt\/lt\/wp-json\/wp\/v2\/media\/166233"}],"wp:attachment":[{"href":"https:\/\/baldumarket.lt\/lt\/wp-json\/wp\/v2\/media?parent=166232"}],"wp:term":[{"taxonomy":"product_brand","embeddable":true,"href":"https:\/\/baldumarket.lt\/lt\/wp-json\/wp\/v2\/product_brand?post=166232"},{"taxonomy":"product_cat","embeddable":true,"href":"https:\/\/baldumarket.lt\/lt\/wp-json\/wp\/v2\/product_cat?post=166232"},{"taxonomy":"product_tag","embeddable":true,"href":"https:\/\/baldumarket.lt\/lt\/wp-json\/wp\/v2\/product_tag?post=166232"}],"curies":[{"name":"wp","href":"https:\/\/api.w.org\/{rel}","templated":true}]}}