{"id":166224,"date":"2025-12-19T15:53:04","date_gmt":"2025-12-19T12:53:04","guid":{"rendered":"https:\/\/baldumarket.lt\/product\/linkastyles-8-witryna-2-drzwiowa-indigo\/"},"modified":"2026-04-12T15:49:25","modified_gmt":"2026-04-12T12:49:25","slug":"linkastyles-8-witryna-2-drzwiowa-indigo","status":"publish","type":"product","link":"https:\/\/baldumarket.lt\/lt\/product\/linkastyles-8-witryna-2-drzwiowa-indigo\/","title":{"rendered":"LINKaSTYLES-8 \u2013 Indigo dviej\u0173 spalv\u0173 dur\u0173 vitrina"},"content":{"rendered":"<p>\u201eJarstol\u201c \u201eIndigo\u201c 2 dur\u0173 vitrina \u2013 tai eleganti\u0161kas baldas, kuris neabejotinai papuo\u0161 bet kok\u012f interjer\u0105. Unikalus dizainas ir intensyvi indigo spalva korpusui bei priekiui suteikia kambariui i\u0161skirtinumo. Subtilios detal\u0117s, tokios kaip varin\u0117s ranken\u0117l\u0117s ir dekoratyviniai, grioveliai, suteikia spintelei elegancijos ir stiliaus j\u016bs\u0173 namams. Unikalus spalv\u0173 derinys daro j\u0105 puikiai tinkan\u010di\u0105 tiek moderniam, tiek klasikiniam interjerui. \u0160ios 2 dur\u0173 vitrinos funkcionalumas yra neprilygstamas. Puikiai tinkanti stalo \u012frankiams, stiklin\u0117ms ir dekoratyviniams daiktams, pavyzd\u017eiui, vazoms ar \u0161eimos relikvijoms, laikyti, spintel\u0117 suteiks klas\u0117s bet kuriai svetainei ar valgomajam. Be to, \u012fmontuoto LED ap\u0161vietimo d\u0117ka gal\u0117site puikiai eksponuoti savo brangiausius stalo \u012frankius ar kri\u0161tolines vazas. \u0160is ry\u0161kus akcentas j\u016bs\u0173 interjer\u0105 pavers ne tik gra\u017eiu, bet ir i\u0161skirtinai funkcionaliu. Stabili vitrinos konstrukcija remiasi \u012f metalines kojeles su matine juoda apdaila, kurios suteikia lengvumo ir modernumo. Tai palengvina valym\u0105, o valymo robotai gali lengvai pasiekti erdv\u0119 po ja. Vitrina yra trij\u0173 mading\u0173 spalv\u0173: ka\u0161myro, indigo ir \u017ealio akmens, tod\u0117l galite j\u0105 pritaikyti pagal savo individualius pageidavimus.<\/p>","protected":false},"excerpt":{"rendered":"<p>Plotis (cm): 104,8<br \/>\n\u016agis (cm): 150<br \/>\nGylis (cm): 40,6<\/p>","protected":false},"featured_media":166225,"comment_status":"open","ping_status":"open","template":"","meta":[],"product_brand":[],"product_cat":[9508,4108,2006],"product_tag":[],"class_list":{"0":"post-166224","1":"product","2":"type-product","3":"status-publish","4":"has-post-thumbnail","6":"product_cat-furniture-system-linkastyles-jarstol-meble","7":"product_cat-jarstol","8":"product_cat-vitrines","10":"first","11":"instock","12":"purchasable","13":"product-type-simple"},"_links":{"self":[{"href":"https:\/\/baldumarket.lt\/lt\/wp-json\/wp\/v2\/product\/166224","targetHints":{"allow":["GET"]}}],"collection":[{"href":"https:\/\/baldumarket.lt\/lt\/wp-json\/wp\/v2\/product"}],"about":[{"href":"https:\/\/baldumarket.lt\/lt\/wp-json\/wp\/v2\/types\/product"}],"replies":[{"embeddable":true,"href":"https:\/\/baldumarket.lt\/lt\/wp-json\/wp\/v2\/comments?post=166224"}],"wp:featuredmedia":[{"embeddable":true,"href":"https:\/\/baldumarket.lt\/lt\/wp-json\/wp\/v2\/media\/166225"}],"wp:attachment":[{"href":"https:\/\/baldumarket.lt\/lt\/wp-json\/wp\/v2\/media?parent=166224"}],"wp:term":[{"taxonomy":"product_brand","embeddable":true,"href":"https:\/\/baldumarket.lt\/lt\/wp-json\/wp\/v2\/product_brand?post=166224"},{"taxonomy":"product_cat","embeddable":true,"href":"https:\/\/baldumarket.lt\/lt\/wp-json\/wp\/v2\/product_cat?post=166224"},{"taxonomy":"product_tag","embeddable":true,"href":"https:\/\/baldumarket.lt\/lt\/wp-json\/wp\/v2\/product_tag?post=166224"}],"curies":[{"name":"wp","href":"https:\/\/api.w.org\/{rel}","templated":true}]}}