{"id":166218,"date":"2025-12-19T15:52:50","date_gmt":"2025-12-19T12:52:50","guid":{"rendered":"https:\/\/baldumarket.lt\/product\/linkastyles-9-toaletka-konsola-2-szuflady-cashmere\/"},"modified":"2026-04-12T15:49:25","modified_gmt":"2026-04-12T12:49:25","slug":"linkastyles-9-toaletka-konsola-2-szuflady-cashmere","status":"publish","type":"product","link":"https:\/\/baldumarket.lt\/lt\/product\/linkastyles-9-toaletka-konsola-2-szuflady-cashmere\/","title":{"rendered":"LINKaSTYLES-9 \u2013 Dviej\u0173 stal\u010di\u0173 konsolinis tualetinis staliukas, ka\u0161myro spalvos"},"content":{"rendered":"<p>Atraskite minimalistinio elegancijos gro\u017e\u012f su \u017einomo prek\u0117s \u017eenklo \u201eJarstol\u201c konsoliniu tualetiniu staliuku \u201eLINKaSTYLES-9\u201c. D\u0117l eleganti\u0161k\u0173 linij\u0173 ir klasikin\u0117s ka\u0161myro spalvos jis puikiai tinka moderniam interjerui. \u0160is baldas \u017eavi savo stiliumi ir funkcionalumu, tapdamas b\u016btinu bet kurio prie\u0161kambario, miegamojo ar svetain\u0117s elementu. Jis puikiai tinka daiktams susid\u0117ti ir suteikia j\u016bs\u0173 erdvei unikalumo. Su dviem prakti\u0161kais stal\u010diais \u0161is konsolinis staliukas puikiai tinka raktams, kosmetikai ar kitiems smulkiems daiktams, kuriuos norite laikyti po ranka. Pavert\u0119 j\u012f miegamojo tualetiniu staliuku, gausite funkcional\u0173 bald\u0105, kur\u012f gal\u0117site naudoti ruo\u0161damiesi vakarui ar atsipalaiduodami prie\u0161 mieg\u0105. \u0160is universalus baldas derina elegancij\u0105 ir prakti\u0161kum\u0105, tod\u0117l tai puikus sprendimas tiems, kurie kasdieniame gyvenime vertina harmonij\u0105, tvark\u0105 ir estetik\u0105. \u201eLINKaSTYLES-9\u201c konsolinis staliukas yra trij\u0173 rafinuot\u0173 spalv\u0173: ka\u0161myro, indigo ir \u017ealio akmens, tod\u0117l j\u012f lengva priderinti prie j\u016bs\u0173 interjero. Matin\u0117s juodos rankenos ir kojel\u0117s suteikia jam unikal\u0173 stili\u0173, o konstrukcija i\u0161 auk\u0161tos kokyb\u0117s med\u017eiag\u0173, toki\u0173 kaip laminuota plok\u0161t\u0117 ir MDF, u\u017etikrina patvarum\u0105 ir komfort\u0105. \u0160is baldas tikrai pritrauks sve\u010di\u0173 d\u0117mes\u012f ir taps bet kurio kambario akcentu.<\/p>","protected":false},"excerpt":{"rendered":"<p>Plotis (cm): 110<br \/>\n\u016agis (cm): 78<br \/>\nGylis (cm): 40,6<\/p>","protected":false},"featured_media":166219,"comment_status":"open","ping_status":"open","template":"","meta":[],"product_brand":[],"product_cat":[9508,1237,4108],"product_tag":[],"class_list":{"0":"post-166218","1":"product","2":"type-product","3":"status-publish","4":"has-post-thumbnail","6":"product_cat-furniture-system-linkastyles-jarstol-meble","7":"product_cat-dressing-tables","8":"product_cat-jarstol","10":"first","11":"instock","12":"purchasable","13":"product-type-simple"},"_links":{"self":[{"href":"https:\/\/baldumarket.lt\/lt\/wp-json\/wp\/v2\/product\/166218","targetHints":{"allow":["GET"]}}],"collection":[{"href":"https:\/\/baldumarket.lt\/lt\/wp-json\/wp\/v2\/product"}],"about":[{"href":"https:\/\/baldumarket.lt\/lt\/wp-json\/wp\/v2\/types\/product"}],"replies":[{"embeddable":true,"href":"https:\/\/baldumarket.lt\/lt\/wp-json\/wp\/v2\/comments?post=166218"}],"wp:featuredmedia":[{"embeddable":true,"href":"https:\/\/baldumarket.lt\/lt\/wp-json\/wp\/v2\/media\/166219"}],"wp:attachment":[{"href":"https:\/\/baldumarket.lt\/lt\/wp-json\/wp\/v2\/media?parent=166218"}],"wp:term":[{"taxonomy":"product_brand","embeddable":true,"href":"https:\/\/baldumarket.lt\/lt\/wp-json\/wp\/v2\/product_brand?post=166218"},{"taxonomy":"product_cat","embeddable":true,"href":"https:\/\/baldumarket.lt\/lt\/wp-json\/wp\/v2\/product_cat?post=166218"},{"taxonomy":"product_tag","embeddable":true,"href":"https:\/\/baldumarket.lt\/lt\/wp-json\/wp\/v2\/product_tag?post=166218"}],"curies":[{"name":"wp","href":"https:\/\/api.w.org\/{rel}","templated":true}]}}