{"id":166210,"date":"2025-12-19T15:52:32","date_gmt":"2025-12-19T12:52:32","guid":{"rendered":"https:\/\/baldumarket.lt\/product\/linkastyles-9-toaletka-konsola-2-szuflady-indigo\/"},"modified":"2026-04-12T15:49:25","modified_gmt":"2026-04-12T12:49:25","slug":"linkastyles-9-toaletka-konsola-2-szuflady-indigo","status":"publish","type":"product","link":"https:\/\/baldumarket.lt\/lt\/product\/linkastyles-9-toaletka-konsola-2-szuflady-indigo\/","title":{"rendered":"LINKaSTYLES-9 \u2013 Indigo spalvos dviej\u0173 stal\u010di\u0173 konsolinis tualetinis staliukas"},"content":{"rendered":"<p>Sveiki atvyk\u0119 \u012f elegancijos ir minimalizmo pasaul\u012f su m\u016bs\u0173 indigo spalvos LINKaSTYLES-9 konsoliniu tualetiniu staliuku. \u0160is unikalus, garsaus \u201eJarstol\u201c prek\u0117s \u017eenklo sukurtas baldas neabejotinai suteiks j\u016bs\u0173 interjerui unikalumo. Modernus stilius, harmoningai derinamas su funkcionalumu, idealiai tinka bet kokiam kambariui \u2013 nuo prie\u0161kambario iki miegamojo ar svetain\u0117s. 110 cm plo\u010dio, 78 cm auk\u0161\u010dio ir 40,6 cm gylio konsolinis staliukas yra puikus sprendimas daikt\u0173 laikymui. Jame yra du erdv\u016bs stal\u010diai, leid\u017eiantys esteti\u0161kai ir funkcionaliai laikyti b\u016btiniausius daiktus, tokius kaip kosmetika ar raktai. D\u0117l metalini\u0173 b\u0117geli\u0173 ir auk\u0161tos kokyb\u0117s med\u017eiag\u0173, toki\u0173 kaip MDF ir laminuota plok\u0161t\u0117, naudojimo garantuojamas patvarumas ir patogumas kasdieniam naudojimui. Indigo spalva korpusui ir fasadams suteikia ne tik gylio, bet ir i\u0161skirtin\u0117s elegancijos. Varin\u0117s rankenos suteikia interjerui \u0161ilumos, o matin\u0117s juodos kojel\u0117s \u2013 stabilumo ir modernumo. Tai puikus derinys, d\u0117l kurio \u0161i konsol\u0117 yra ne tik prakti\u0161kas elementas, bet ir stilingas akcentas j\u016bs\u0173 namuose.<\/p>","protected":false},"excerpt":{"rendered":"<p>Plotis (cm): 110<br \/>\n\u016agis (cm): 78<br \/>\nGylis (cm): 40,6<\/p>","protected":false},"featured_media":166211,"comment_status":"open","ping_status":"open","template":"","meta":[],"product_brand":[],"product_cat":[9508,1237,4108],"product_tag":[],"class_list":{"0":"post-166210","1":"product","2":"type-product","3":"status-publish","4":"has-post-thumbnail","6":"product_cat-furniture-system-linkastyles-jarstol-meble","7":"product_cat-dressing-tables","8":"product_cat-jarstol","10":"first","11":"instock","12":"purchasable","13":"product-type-simple"},"_links":{"self":[{"href":"https:\/\/baldumarket.lt\/lt\/wp-json\/wp\/v2\/product\/166210","targetHints":{"allow":["GET"]}}],"collection":[{"href":"https:\/\/baldumarket.lt\/lt\/wp-json\/wp\/v2\/product"}],"about":[{"href":"https:\/\/baldumarket.lt\/lt\/wp-json\/wp\/v2\/types\/product"}],"replies":[{"embeddable":true,"href":"https:\/\/baldumarket.lt\/lt\/wp-json\/wp\/v2\/comments?post=166210"}],"wp:featuredmedia":[{"embeddable":true,"href":"https:\/\/baldumarket.lt\/lt\/wp-json\/wp\/v2\/media\/166211"}],"wp:attachment":[{"href":"https:\/\/baldumarket.lt\/lt\/wp-json\/wp\/v2\/media?parent=166210"}],"wp:term":[{"taxonomy":"product_brand","embeddable":true,"href":"https:\/\/baldumarket.lt\/lt\/wp-json\/wp\/v2\/product_brand?post=166210"},{"taxonomy":"product_cat","embeddable":true,"href":"https:\/\/baldumarket.lt\/lt\/wp-json\/wp\/v2\/product_cat?post=166210"},{"taxonomy":"product_tag","embeddable":true,"href":"https:\/\/baldumarket.lt\/lt\/wp-json\/wp\/v2\/product_tag?post=166210"}],"curies":[{"name":"wp","href":"https:\/\/api.w.org\/{rel}","templated":true}]}}