{"id":166204,"date":"2025-12-19T15:52:19","date_gmt":"2025-12-19T12:52:19","guid":{"rendered":"https:\/\/baldumarket.lt\/product\/linkastyles-10-polka-wiszaca-cashmere\/"},"modified":"2026-04-12T15:49:25","modified_gmt":"2026-04-12T12:49:25","slug":"linkastyles-10-polka-wiszaca-cashmere","status":"publish","type":"product","link":"https:\/\/baldumarket.lt\/lt\/product\/linkastyles-10-polka-wiszaca-cashmere\/","title":{"rendered":"LINKaSTYLES-10 &#8211; Ka\u0161myro pakabinama lentyna"},"content":{"rendered":"<p>Suteikite savo interjerui stiliaus ir kokyb\u0117s su garsaus prek\u0117s \u017eenklo \u201eJarstol\u201c ka\u0161myro pakabinama lentyna. \u0160i eleganti\u0161ka lentyna, kurios plotis \u2013 120 cm, auk\u0161tis \u2013 32 cm, o gylis \u2013 18 cm, derina modern\u0173 dizain\u0105 su funkcionalumu, tikrai patraukdama kiekvieno sve\u010dio ak\u012f. Jos ka\u0161myro spalvos korpusas, pagamintas i\u0161 auk\u0161tos kokyb\u0117s laminuotos plok\u0161t\u0117s, suteikia \u0161ilt\u0105 ir jauki\u0105 atmosfer\u0105 bet kuriame kambaryje. Ka\u0161myro pakabinama lentyna \u2013 puiki vieta eksponuoti m\u0117gstamiausius nieku\u010dius, knygas ar gra\u017eias g\u0117les, pagyvindama erdv\u0119. Minimalistin\u0117 i\u0161vaizda tinka tiek moderniam, tiek klasikiniam interjero dizainui. Galima rinktis i\u0161 trij\u0173 spalv\u0173 \u2013 ka\u0161myro, indigo ir \u017ealio akmens \u2013 tod\u0117l galite j\u0105 priderinti prie savo interjero charakterio, tod\u0117l ji taps tikrai universaliu dekoratyviniu elementu. Auk\u0161tos kokyb\u0117s med\u017eiagos, i\u0161 kuri\u0173 pagaminta \u0161i lentyna, garantuoja ne tik estetik\u0105, bet ir ilgaam\u017ei\u0161kum\u0105. Laminuota plok\u0161t\u0117, i\u0161 kurios pagaminta pakabinama lentyna, yra atspari pa\u017eeidimams ir lengvai pri\u017ei\u016brima. Tai rei\u0161kia, kad gal\u0117site m\u0117gautis jos gro\u017eiu daugel\u012f met\u0173, nesijaudindami d\u0117l kasdienio naudojimo. Nesvarbu, ar planuojate j\u012f pastatyti svetain\u0117je, miegamajame ar biure, tai puikus sprendimas \u012fvairiems daiktams laikyti ir eksponuoti.<\/p>","protected":false},"excerpt":{"rendered":"<p>Plotis (cm): 120<br \/>\n\u016agis (cm): 32<br \/>\nGylis (cm): 40,6<\/p>","protected":false},"featured_media":166205,"comment_status":"open","ping_status":"open","template":"","meta":[],"product_brand":[],"product_cat":[9508,1174,4108],"product_tag":[],"class_list":{"0":"post-166204","1":"product","2":"type-product","3":"status-publish","4":"has-post-thumbnail","6":"product_cat-furniture-system-linkastyles-jarstol-meble","7":"product_cat-hanging-shelves","8":"product_cat-jarstol","10":"first","11":"instock","12":"purchasable","13":"product-type-simple"},"_links":{"self":[{"href":"https:\/\/baldumarket.lt\/lt\/wp-json\/wp\/v2\/product\/166204","targetHints":{"allow":["GET"]}}],"collection":[{"href":"https:\/\/baldumarket.lt\/lt\/wp-json\/wp\/v2\/product"}],"about":[{"href":"https:\/\/baldumarket.lt\/lt\/wp-json\/wp\/v2\/types\/product"}],"replies":[{"embeddable":true,"href":"https:\/\/baldumarket.lt\/lt\/wp-json\/wp\/v2\/comments?post=166204"}],"wp:featuredmedia":[{"embeddable":true,"href":"https:\/\/baldumarket.lt\/lt\/wp-json\/wp\/v2\/media\/166205"}],"wp:attachment":[{"href":"https:\/\/baldumarket.lt\/lt\/wp-json\/wp\/v2\/media?parent=166204"}],"wp:term":[{"taxonomy":"product_brand","embeddable":true,"href":"https:\/\/baldumarket.lt\/lt\/wp-json\/wp\/v2\/product_brand?post=166204"},{"taxonomy":"product_cat","embeddable":true,"href":"https:\/\/baldumarket.lt\/lt\/wp-json\/wp\/v2\/product_cat?post=166204"},{"taxonomy":"product_tag","embeddable":true,"href":"https:\/\/baldumarket.lt\/lt\/wp-json\/wp\/v2\/product_tag?post=166204"}],"curies":[{"name":"wp","href":"https:\/\/api.w.org\/{rel}","templated":true}]}}