{"id":166197,"date":"2025-12-19T15:52:04","date_gmt":"2025-12-19T12:52:04","guid":{"rendered":"https:\/\/baldumarket.lt\/product\/linkastyles-10-polka-wiszaca-indigo\/"},"modified":"2026-04-12T15:49:25","modified_gmt":"2026-04-12T12:49:25","slug":"linkastyles-10-polka-wiszaca-indigo","status":"publish","type":"product","link":"https:\/\/baldumarket.lt\/lt\/product\/linkastyles-10-polka-wiszaca-indigo\/","title":{"rendered":"LINKaSTYLES-10 \u2013 Indigo spalvos pakabinama lentyna"},"content":{"rendered":"<p>Su \u201eJarstol\u201c pakabinama \u201eIndigo\u201c lentyna suteikite savo interjerui stiliaus ir funkcionalumo. \u0160i paprasta, bet eleganti\u0161ka \u201eLINKaSTYLES\u201c kolekcijos lentyna puikiai tinka moderniam dekorui, suteikdama rafinuotumo. Jos sodri, intensyvi indigo spalva i\u0161siskirs \u0161viesi\u0173 sien\u0173 fone, sukurdama harmoning\u0105 kompozicij\u0105, kuri pritrauks kiekvieno sve\u010dio ak\u012f. Pakabinama \u201eIndigo\u201c lentyna, padedanti organizuoti erdv\u0119, yra puiki vieta eksponuoti m\u0117gstamiausius nieku\u010dius, augalus ar knygas. D\u0117l didelio 120 cm plo\u010dio ji suteikia pakankamai vietos \u012fvairiems dekoracij\u0173 ir aksesuar\u0173, kuriuos nor\u0117tum\u0117te prid\u0117ti prie savo interjero. Minimalistinio dizaino ji puikiai tinka \u012fvairiems interjero stiliams \u2013 nuo skandinavi\u0161ko iki industrinio. Pagaminta i\u0161 patvarios laminuotos plok\u0161t\u0117s, \u201eIndigo\u201c pakabinama lentyna derina estetik\u0105 ir prakti\u0161kum\u0105. Lengvas surinkimas leid\u017eia greitai ir lengvai atnaujinti savo interjero dizain\u0105. Indigo spalvos priekin\u0117 dalis ir korpusas pagaminti i\u0161 auk\u0161tos kokyb\u0117s med\u017eiag\u0173, kurios u\u017etikrina ne tik eleganti\u0161k\u0105 i\u0161vaizd\u0105, bet ir ilgalaik\u012f naudojim\u0105.<\/p>","protected":false},"excerpt":{"rendered":"<p>Plotis (cm): 120<br \/>\n\u016agis (cm): 32<br \/>\nGylis (cm): 18<\/p>","protected":false},"featured_media":166198,"comment_status":"open","ping_status":"open","template":"","meta":[],"product_brand":[],"product_cat":[9508,1174,4108],"product_tag":[],"class_list":{"0":"post-166197","1":"product","2":"type-product","3":"status-publish","4":"has-post-thumbnail","6":"product_cat-furniture-system-linkastyles-jarstol-meble","7":"product_cat-hanging-shelves","8":"product_cat-jarstol","10":"first","11":"instock","12":"purchasable","13":"product-type-simple"},"_links":{"self":[{"href":"https:\/\/baldumarket.lt\/lt\/wp-json\/wp\/v2\/product\/166197","targetHints":{"allow":["GET"]}}],"collection":[{"href":"https:\/\/baldumarket.lt\/lt\/wp-json\/wp\/v2\/product"}],"about":[{"href":"https:\/\/baldumarket.lt\/lt\/wp-json\/wp\/v2\/types\/product"}],"replies":[{"embeddable":true,"href":"https:\/\/baldumarket.lt\/lt\/wp-json\/wp\/v2\/comments?post=166197"}],"wp:featuredmedia":[{"embeddable":true,"href":"https:\/\/baldumarket.lt\/lt\/wp-json\/wp\/v2\/media\/166198"}],"wp:attachment":[{"href":"https:\/\/baldumarket.lt\/lt\/wp-json\/wp\/v2\/media?parent=166197"}],"wp:term":[{"taxonomy":"product_brand","embeddable":true,"href":"https:\/\/baldumarket.lt\/lt\/wp-json\/wp\/v2\/product_brand?post=166197"},{"taxonomy":"product_cat","embeddable":true,"href":"https:\/\/baldumarket.lt\/lt\/wp-json\/wp\/v2\/product_cat?post=166197"},{"taxonomy":"product_tag","embeddable":true,"href":"https:\/\/baldumarket.lt\/lt\/wp-json\/wp\/v2\/product_tag?post=166197"}],"curies":[{"name":"wp","href":"https:\/\/api.w.org\/{rel}","templated":true}]}}