{"id":166190,"date":"2025-12-19T15:51:47","date_gmt":"2025-12-19T12:51:47","guid":{"rendered":"https:\/\/baldumarket.lt\/product\/livinio-1-szafa-2-drzwiowa-ribbeck-bialy-polysk\/"},"modified":"2026-02-09T12:39:59","modified_gmt":"2026-02-09T09:39:59","slug":"livinio-1-szafa-2-drzwiowa-ribbeck-bialy-polysk","status":"publish","type":"product","link":"https:\/\/baldumarket.lt\/lt\/product\/livinio-1-szafa-2-drzwiowa-ribbeck-bialy-polysk\/","title":{"rendered":"LIVINIO-1 \u2013 Ribbeck dviej\u0173 dur\u0173 spinta, balta blizgi"},"content":{"rendered":"<p>Atraskite modernum\u0105 ir stili\u0173 su m\u016bs\u0173 eleganti\u0161ka blizgios baltos spalvos \u201eRibbeck\u201c 2 dur\u0173 spinta. \u0160i unikali, garsaus prek\u0117s \u017eenklo \u201eJarstol\u201c sukurta spinta neabejotinai suteiks \u017eavesio bet kuriam kambariui. Harmoningas \u0161iltos \u201eRibbeck\u201c ir baltos spalvos derinys ne tik traukia ak\u012f, bet ir sukuria jaukumo bei elegancijos atmosfer\u0105. Gerai apgalvotas dizainas si\u016blo ne tik estetin\u012f patrauklum\u0105, bet ir funkcionalum\u0105, kuris patenkins kiekvienos \u0161eimos poreikius. Spintos viduje lengvai tilps visi j\u016bs\u0173 drabu\u017eiai. D\u0117l didel\u0117s pakabinimo vietos ir daugyb\u0117s lentyn\u0173 galite prakti\u0161kai ir patraukliai susitvarkyti savo daiktus. Pasiruo\u0161kite tvarkai, kuri palengvins j\u016bs\u0173 gyvenim\u0105 kiekvien\u0105 dien\u0105. N\u0117ra nieko labiau patenkinan\u010dio u\u017e bald\u0105, kuris taip pat pagerina kambario charakter\u012f. Blizgios baltos spintos fasadai bus puikus akcentas, praturtinsiantis interjer\u0105 ir suteiksiantis jam \u0161iuolaiki\u0161k\u0105 i\u0161vaizd\u0105. \u201eRibbeck\u201c spinta puikiai atitinka tendencijas, derindama elegancij\u0105 su funkcionaliu dizainu, tod\u0117l tai puikus pasirinkimas miegamajam, prie\u0161kambariui ar jaunimo kambariui.<\/p>","protected":false},"excerpt":{"rendered":"<p>Plotis (cm): 98<br \/>\n\u016agis (cm): 197<br \/>\nGylis (cm): 18<\/p>","protected":false},"featured_media":166191,"comment_status":"open","ping_status":"open","template":"","meta":[],"product_brand":[],"product_cat":[9509,4108,1177],"product_tag":[],"class_list":{"0":"post-166190","1":"product","2":"type-product","3":"status-publish","4":"has-post-thumbnail","6":"product_cat-furniture-system-livinio-jarstol-meble","7":"product_cat-jarstol","8":"product_cat-wardrobes","10":"first","11":"instock","12":"purchasable","13":"product-type-simple"},"_links":{"self":[{"href":"https:\/\/baldumarket.lt\/lt\/wp-json\/wp\/v2\/product\/166190","targetHints":{"allow":["GET"]}}],"collection":[{"href":"https:\/\/baldumarket.lt\/lt\/wp-json\/wp\/v2\/product"}],"about":[{"href":"https:\/\/baldumarket.lt\/lt\/wp-json\/wp\/v2\/types\/product"}],"replies":[{"embeddable":true,"href":"https:\/\/baldumarket.lt\/lt\/wp-json\/wp\/v2\/comments?post=166190"}],"wp:featuredmedia":[{"embeddable":true,"href":"https:\/\/baldumarket.lt\/lt\/wp-json\/wp\/v2\/media\/166191"}],"wp:attachment":[{"href":"https:\/\/baldumarket.lt\/lt\/wp-json\/wp\/v2\/media?parent=166190"}],"wp:term":[{"taxonomy":"product_brand","embeddable":true,"href":"https:\/\/baldumarket.lt\/lt\/wp-json\/wp\/v2\/product_brand?post=166190"},{"taxonomy":"product_cat","embeddable":true,"href":"https:\/\/baldumarket.lt\/lt\/wp-json\/wp\/v2\/product_cat?post=166190"},{"taxonomy":"product_tag","embeddable":true,"href":"https:\/\/baldumarket.lt\/lt\/wp-json\/wp\/v2\/product_tag?post=166190"}],"curies":[{"name":"wp","href":"https:\/\/api.w.org\/{rel}","templated":true}]}}