{"id":166183,"date":"2025-12-19T15:51:32","date_gmt":"2025-12-19T12:51:32","guid":{"rendered":"https:\/\/baldumarket.lt\/product\/livinio-2-szafa-1-drzwiowa-ribbeck-bialy-polysk\/"},"modified":"2026-02-09T12:39:59","modified_gmt":"2026-02-09T09:39:59","slug":"livinio-2-szafa-1-drzwiowa-ribbeck-bialy-polysk","status":"publish","type":"product","link":"https:\/\/baldumarket.lt\/lt\/product\/livinio-2-szafa-1-drzwiowa-ribbeck-bialy-polysk\/","title":{"rendered":"LIVINIO-2 \u2013 Ribbeck 1 dur\u0173 spinta, balta blizgi"},"content":{"rendered":"<p>Atraskite nauj\u0105 organizavimo dimensij\u0105 savo interjere su vien\u0173 dur\u0173 blizgios baltos spalvos \u201eRibbeck\u201c spinta, kuri patiks tiek modernaus dizaino, tiek klasikinio interjero m\u0117g\u0117jams. Minimalistin\u0117 forma ir eleganti\u0161ka spalv\u0173 gama paver\u010dia j\u0105 stilingu bet kurio kambario akcentu. Blizgi balta priekin\u0117 dalis suteikia lengvumo, erdvumo poj\u016bt\u012f, o tai labai svarbu ma\u017eesn\u0117se erdv\u0117se. \u0160i spinta pasi\u017eymi ne tik estetiniu patrauklumu, bet ir kasdieniu prakti\u0161kumu. 72,5 cm plo\u010dio ir 197 cm auk\u0161\u010dio tai puikus sprendimas m\u0117gstamiems drabu\u017eiams laikyti. Viduje pakabinimo b\u0117gelis patogiai pakabina mar\u0161kinius, sukneles ar \u017eieminius paltus. Kadangi spinta pritaikoma \u012fvairiems interjero stiliams, j\u0105 galite lengvai priderinti prie esam\u0173 bald\u0173, derindami funkcionalum\u0105 su estetika. Novatori\u0161ka \u0161velnaus u\u017edarymo sistema kasdien\u012f spintos naudojim\u0105 paver\u010dia malonumu. Pamir\u0161kite apie dur\u0173 trenksm\u0105 \u2013 su \u201eRibbeck\u201c spinta kiekvienas atidarymas ir u\u017edarymas bus sklandus ir tylus. Tai puikus sprendimas, kuris kartu su prakti\u0161ku vidiniu i\u0161d\u0117stymu leid\u017eia lengvai palaikyti tvark\u0105 spintoje.<\/p>","protected":false},"excerpt":{"rendered":"<p>Plotis (cm): 72,5<br \/>\n\u016agis (cm): 197<br \/>\nGylis (cm): 59<\/p>","protected":false},"featured_media":166184,"comment_status":"open","ping_status":"open","template":"","meta":[],"product_brand":[],"product_cat":[9509,4108,1177],"product_tag":[],"class_list":{"0":"post-166183","1":"product","2":"type-product","3":"status-publish","4":"has-post-thumbnail","6":"product_cat-furniture-system-livinio-jarstol-meble","7":"product_cat-jarstol","8":"product_cat-wardrobes","10":"first","11":"instock","12":"purchasable","13":"product-type-simple"},"_links":{"self":[{"href":"https:\/\/baldumarket.lt\/lt\/wp-json\/wp\/v2\/product\/166183","targetHints":{"allow":["GET"]}}],"collection":[{"href":"https:\/\/baldumarket.lt\/lt\/wp-json\/wp\/v2\/product"}],"about":[{"href":"https:\/\/baldumarket.lt\/lt\/wp-json\/wp\/v2\/types\/product"}],"replies":[{"embeddable":true,"href":"https:\/\/baldumarket.lt\/lt\/wp-json\/wp\/v2\/comments?post=166183"}],"wp:featuredmedia":[{"embeddable":true,"href":"https:\/\/baldumarket.lt\/lt\/wp-json\/wp\/v2\/media\/166184"}],"wp:attachment":[{"href":"https:\/\/baldumarket.lt\/lt\/wp-json\/wp\/v2\/media?parent=166183"}],"wp:term":[{"taxonomy":"product_brand","embeddable":true,"href":"https:\/\/baldumarket.lt\/lt\/wp-json\/wp\/v2\/product_brand?post=166183"},{"taxonomy":"product_cat","embeddable":true,"href":"https:\/\/baldumarket.lt\/lt\/wp-json\/wp\/v2\/product_cat?post=166183"},{"taxonomy":"product_tag","embeddable":true,"href":"https:\/\/baldumarket.lt\/lt\/wp-json\/wp\/v2\/product_tag?post=166183"}],"curies":[{"name":"wp","href":"https:\/\/api.w.org\/{rel}","templated":true}]}}