{"id":166175,"date":"2025-12-19T15:51:14","date_gmt":"2025-12-19T12:51:14","guid":{"rendered":"https:\/\/baldumarket.lt\/product\/livinio-3-komoda-3-drzwiowa-ribbeck-bialy-polysk\/"},"modified":"2026-04-12T16:06:37","modified_gmt":"2026-04-12T13:06:37","slug":"livinio-3-komoda-3-drzwiowa-ribbeck-bialy-polysk","status":"publish","type":"product","link":"https:\/\/baldumarket.lt\/lt\/product\/livinio-3-komoda-3-drzwiowa-ribbeck-bialy-polysk\/","title":{"rendered":"LIVINIO-3 \u2013 Ribbeck komoda su 3 durimis, blizgi balta"},"content":{"rendered":"<p>Atraskite elegancij\u0105 ir modernum\u0105 su \u201eJarstol\u201c baltos blizgios spalvos \u201eLIVINIO-3 Ribbeck\u201c komoda. Subtilus \u0161ilt\u0173 \u201eRibbeck\u201c korpuso atspalvi\u0173 ir balt\u0173 fasad\u0173 veidrodinio blizgesio derinys sukuria unikali\u0105 harmonij\u0105, kuri puikiai der\u0117s prie bet kokio interjero. \u0160i komoda yra ne tik baldas, bet ir tikras meno k\u016brinys, suteiksiantis j\u016bs\u0173 namams prabangos. Galvodamas apie funkcionalum\u0105, \u201eLIVINIO-3\u201c pasi\u017eymi erdviu dizainu, kuris puikiai tinka tiek daiktams laikyti, tiek eksponuoti. De\u0161in\u0117je pus\u0117je esan\u010dios stiklin\u0117s durel\u0117s tampa puikia vieta eksponuoti m\u0117gstamus porcelianinius ar eleganti\u0161kus stalo \u012frankius, paversdamos juos eleganti\u0161ka indauja. Kair\u0117je pus\u0117je esanti viena lentyna suteikia papildomos vietos daiktams laikyti, tod\u0117l \u0161is baldas yra nepaprastai universalus ir prakti\u0161kas. Siekdamas pabr\u0117\u017eti unikal\u0173 \u201eLIVINIO-3\u201c charakter\u012f, gamintojas \u012fmontavo \u012fmontuot\u0105 LED ap\u0161vietim\u0105. Tai leid\u017eia ap\u0161viestiems baltiems fasadams skleisti \u0161vies\u0105, suteikdamas bet kuriam kambariui unikali\u0105 atmosfer\u0105. Tai ne tik komoda, bet ir dekoratyvinis elementas, kuris d\u017eiugins sve\u010dius ir suteiks i\u0161rai\u0161kingumo net ir papras\u010diausiems i\u0161d\u0117stymams.<\/p>","protected":false},"excerpt":{"rendered":"<p>Plotis (cm): 144<br \/>\n\u016agis (cm): 97,5<br \/>\nGylis (cm): 59<\/p>","protected":false},"featured_media":166176,"comment_status":"open","ping_status":"open","template":"","meta":[],"product_brand":[],"product_cat":[9509,1173,4108],"product_tag":[],"class_list":{"0":"post-166175","1":"product","2":"type-product","3":"status-publish","4":"has-post-thumbnail","6":"product_cat-furniture-system-livinio-jarstol-meble","7":"product_cat-chests-of-drawers","8":"product_cat-jarstol","10":"first","11":"instock","12":"purchasable","13":"product-type-simple"},"_links":{"self":[{"href":"https:\/\/baldumarket.lt\/lt\/wp-json\/wp\/v2\/product\/166175","targetHints":{"allow":["GET"]}}],"collection":[{"href":"https:\/\/baldumarket.lt\/lt\/wp-json\/wp\/v2\/product"}],"about":[{"href":"https:\/\/baldumarket.lt\/lt\/wp-json\/wp\/v2\/types\/product"}],"replies":[{"embeddable":true,"href":"https:\/\/baldumarket.lt\/lt\/wp-json\/wp\/v2\/comments?post=166175"}],"wp:featuredmedia":[{"embeddable":true,"href":"https:\/\/baldumarket.lt\/lt\/wp-json\/wp\/v2\/media\/166176"}],"wp:attachment":[{"href":"https:\/\/baldumarket.lt\/lt\/wp-json\/wp\/v2\/media?parent=166175"}],"wp:term":[{"taxonomy":"product_brand","embeddable":true,"href":"https:\/\/baldumarket.lt\/lt\/wp-json\/wp\/v2\/product_brand?post=166175"},{"taxonomy":"product_cat","embeddable":true,"href":"https:\/\/baldumarket.lt\/lt\/wp-json\/wp\/v2\/product_cat?post=166175"},{"taxonomy":"product_tag","embeddable":true,"href":"https:\/\/baldumarket.lt\/lt\/wp-json\/wp\/v2\/product_tag?post=166175"}],"curies":[{"name":"wp","href":"https:\/\/api.w.org\/{rel}","templated":true}]}}