{"id":166167,"date":"2025-12-19T15:50:57","date_gmt":"2025-12-19T12:50:57","guid":{"rendered":"https:\/\/baldumarket.lt\/product\/livinio-4-witryna-2-drzwiowa-ribbeck-bialy-polysk\/"},"modified":"2026-04-12T16:06:37","modified_gmt":"2026-04-12T13:06:37","slug":"livinio-4-witryna-2-drzwiowa-ribbeck-bialy-polysk","status":"publish","type":"product","link":"https:\/\/baldumarket.lt\/lt\/product\/livinio-4-witryna-2-drzwiowa-ribbeck-bialy-polysk\/","title":{"rendered":"LIVINIO-4 \u2013 Dviej\u0173 dur\u0173 vitrina \u201eRibbeck White Gloss\u201c"},"content":{"rendered":"<p>Blizgios baltos spalvos \u201eLIVINIO-4\u201c dviej\u0173 dur\u0173 \u201eRibbeck\u201c vitrina \u2013 puikus sprendimas tiems, kurie nori \u012f savo interjer\u0105 \u012ftraukti modernaus elegancijos element\u0173. Tobulas \u201eRibbeck\u201c kojeli\u0173 ir blizgiai balt\u0173 fasad\u0173 derinys sukuria harmoning\u0105, ak\u012f traukiant\u012f ansambl\u012f, suteikiant\u012f kambariui unikal\u0173 charakter\u012f. Nesvarbu, ar j\u0105 pastatysite valgomajame, svetain\u0117je, ar net biure, \u0161i vitrina suteikia elegancijos bet kokiam interjerui. Be estetinio patrauklumo, \u201eLIVINIO-4\u201c vitrina buvo sukurta atsi\u017evelgiant \u012f funkcionalum\u0105. D\u0117l papildomo LED ap\u0161vietimo j\u016bs\u0173 m\u0117gstamiausi daiktai, tokie kaip porcelianiniai stalo \u012frankiai, stilingi kristalai ir eleganti\u0161ki puodeliai, atrodys gra\u017eiai ir suteiks j\u016bs\u0173 interjerui unikali\u0105 atmosfer\u0105. J\u0105 taip pat galite naudoti kaip knyg\u0173 lentyn\u0105, kurioje gal\u0117site laikyti savo brangias knygas, suteikdami joms tinkam\u0105 \u012fr\u0117minim\u0105 ir pabr\u0117\u017edami j\u0173 vert\u0119. Prakti\u0161kas \u201eLIVINIO-4\u201c vitrinos dizainas taip pat apima universal\u0173 dureli\u0173 montavim\u0105, kurias galima prisukti, kad atsidaryt\u0173 \u012f kair\u0119 arba \u012f de\u0161in\u0119, u\u017etikrinant patogum\u0105 ir prisitaikant prie j\u016bs\u0173 interjero dizaino. Med\u017eiaga \u2013 itin atspari laminuota plok\u0161t\u0117 \u2013 garantuoja patvarum\u0105 ir lengv\u0105 prie\u017ei\u016br\u0105, o tai labai svarbu kasdieniam naudojimui. Galite b\u016bti tikri, kad vitrina tarnaus jums daugel\u012f met\u0173, i\u0161laikydama savo unikal\u0173 \u017eaves\u012f.<\/p>","protected":false},"excerpt":{"rendered":"<p>Plotis (cm): 144<br \/>\n\u016agis (cm): 97,5<br \/>\nGylis (cm): 40,5<\/p>","protected":false},"featured_media":166168,"comment_status":"open","ping_status":"open","template":"","meta":[],"product_brand":[],"product_cat":[9509,4108,2006],"product_tag":[],"class_list":{"0":"post-166167","1":"product","2":"type-product","3":"status-publish","4":"has-post-thumbnail","6":"product_cat-furniture-system-livinio-jarstol-meble","7":"product_cat-jarstol","8":"product_cat-vitrines","10":"first","11":"instock","12":"purchasable","13":"product-type-simple"},"_links":{"self":[{"href":"https:\/\/baldumarket.lt\/lt\/wp-json\/wp\/v2\/product\/166167","targetHints":{"allow":["GET"]}}],"collection":[{"href":"https:\/\/baldumarket.lt\/lt\/wp-json\/wp\/v2\/product"}],"about":[{"href":"https:\/\/baldumarket.lt\/lt\/wp-json\/wp\/v2\/types\/product"}],"replies":[{"embeddable":true,"href":"https:\/\/baldumarket.lt\/lt\/wp-json\/wp\/v2\/comments?post=166167"}],"wp:featuredmedia":[{"embeddable":true,"href":"https:\/\/baldumarket.lt\/lt\/wp-json\/wp\/v2\/media\/166168"}],"wp:attachment":[{"href":"https:\/\/baldumarket.lt\/lt\/wp-json\/wp\/v2\/media?parent=166167"}],"wp:term":[{"taxonomy":"product_brand","embeddable":true,"href":"https:\/\/baldumarket.lt\/lt\/wp-json\/wp\/v2\/product_brand?post=166167"},{"taxonomy":"product_cat","embeddable":true,"href":"https:\/\/baldumarket.lt\/lt\/wp-json\/wp\/v2\/product_cat?post=166167"},{"taxonomy":"product_tag","embeddable":true,"href":"https:\/\/baldumarket.lt\/lt\/wp-json\/wp\/v2\/product_tag?post=166167"}],"curies":[{"name":"wp","href":"https:\/\/api.w.org\/{rel}","templated":true}]}}