{"id":166159,"date":"2025-12-19T15:50:39","date_gmt":"2025-12-19T12:50:39","guid":{"rendered":"https:\/\/baldumarket.lt\/product\/livinio-5-witryna-2-drzwiowa-ribbeck-bialy-polysk\/"},"modified":"2026-04-12T16:06:26","modified_gmt":"2026-04-12T13:06:26","slug":"livinio-5-witryna-2-drzwiowa-ribbeck-bialy-polysk","status":"publish","type":"product","link":"https:\/\/baldumarket.lt\/lt\/product\/livinio-5-witryna-2-drzwiowa-ribbeck-bialy-polysk\/","title":{"rendered":"LIVINIO-5 \u2013 Dviej\u0173 dur\u0173 vitrina \u201eRibbeck White Gloss\u201c"},"content":{"rendered":"<p>\u201eJarstol\u201c \u201eRibbeck White Gloss\u201c dviej\u0173 dur\u0173 vitrina \u2013 puikus pasirinkimas tiems, kurie vertina elegancij\u0105 ir modernum\u0105. Minimalistinis dizainas kartu su klasikine balta blizgia apdaila leid\u017eia jai lengvai \u012fsilieti \u012f \u012fvairius interjero dizainus. \u201eRibbeck\u201c spalva korpuse suteikia \u0161ilumos ir paver\u010dia spintel\u0119 patraukliu kambario akcentu. Stiklin\u0117 spintel\u0117s dalis su gra\u017eiai pagamintu gr\u016bdintu stiklu leid\u017eia efektyviai eksponuoti m\u0117gstamiausius daiktus \u2013 nuo papuo\u0161al\u0173 iki stiklini\u0173 ind\u0173. D\u0117l i\u0161imam\u0173 lentyn\u0173 \u012fmontuotas LED ap\u0161vietimas, skleid\u017eiantis subtil\u0173 \u0161vyt\u0117jim\u0105, suteiks \u017eavesio j\u016bs\u0173 eksponatams. D\u0117l \u0161ios funkcijos spintel\u0117 yra ne tik daikt\u0173 laikymo vieta, bet ir puikus b\u016bdas sutvarkyti erdv\u0119. Kair\u0117je dalyje yra piln\u0173 dur\u0173 spinta, kurioje yra papildomos vietos daiktams laikyti. Erdvus vidus suteikia ideali\u0105 viet\u0105 \u012fvairiems daiktams, o dvi lentynos leid\u017eia lanks\u010diai organizuoti daiktus. \u0160velniai u\u017esidarantys vyriai u\u017etikrina patog\u0173 naudojim\u0105, nes panaikina dur\u0173 trenksmo gars\u0105, o tai ypa\u010d svarbu namuose su ma\u017eais vaikais arba tyliose vietose.<\/p>","protected":false},"excerpt":{"rendered":"<p>Plotis (cm): 100<br \/>\n\u016agis (cm): 141<br \/>\nGylis (cm): 40,5<\/p>","protected":false},"featured_media":166160,"comment_status":"open","ping_status":"open","template":"","meta":[],"product_brand":[],"product_cat":[9509,4108,2006],"product_tag":[],"class_list":{"0":"post-166159","1":"product","2":"type-product","3":"status-publish","4":"has-post-thumbnail","6":"product_cat-furniture-system-livinio-jarstol-meble","7":"product_cat-jarstol","8":"product_cat-vitrines","10":"first","11":"instock","12":"purchasable","13":"product-type-simple"},"_links":{"self":[{"href":"https:\/\/baldumarket.lt\/lt\/wp-json\/wp\/v2\/product\/166159","targetHints":{"allow":["GET"]}}],"collection":[{"href":"https:\/\/baldumarket.lt\/lt\/wp-json\/wp\/v2\/product"}],"about":[{"href":"https:\/\/baldumarket.lt\/lt\/wp-json\/wp\/v2\/types\/product"}],"replies":[{"embeddable":true,"href":"https:\/\/baldumarket.lt\/lt\/wp-json\/wp\/v2\/comments?post=166159"}],"wp:featuredmedia":[{"embeddable":true,"href":"https:\/\/baldumarket.lt\/lt\/wp-json\/wp\/v2\/media\/166160"}],"wp:attachment":[{"href":"https:\/\/baldumarket.lt\/lt\/wp-json\/wp\/v2\/media?parent=166159"}],"wp:term":[{"taxonomy":"product_brand","embeddable":true,"href":"https:\/\/baldumarket.lt\/lt\/wp-json\/wp\/v2\/product_brand?post=166159"},{"taxonomy":"product_cat","embeddable":true,"href":"https:\/\/baldumarket.lt\/lt\/wp-json\/wp\/v2\/product_cat?post=166159"},{"taxonomy":"product_tag","embeddable":true,"href":"https:\/\/baldumarket.lt\/lt\/wp-json\/wp\/v2\/product_tag?post=166159"}],"curies":[{"name":"wp","href":"https:\/\/api.w.org\/{rel}","templated":true}]}}