{"id":166151,"date":"2025-12-19T15:50:21","date_gmt":"2025-12-19T12:50:21","guid":{"rendered":"https:\/\/baldumarket.lt\/product\/livinio-6-komoda-3-szuflady-ribbeck-bialy-polysk\/"},"modified":"2026-04-12T16:06:26","modified_gmt":"2026-04-12T13:06:26","slug":"livinio-6-komoda-3-szuflady-ribbeck-bialy-polysk","status":"publish","type":"product","link":"https:\/\/baldumarket.lt\/lt\/product\/livinio-6-komoda-3-szuflady-ribbeck-bialy-polysk\/","title":{"rendered":"LIVINIO-6 \u2013 Ribbeck komoda su 3 stal\u010diais, balta blizgi"},"content":{"rendered":"<p>Pristatome LIVINIO-6 komod\u0105, kuri neabejotinai taps pagrindiniu bet kurio modernaus interjero elementu. Jos blizg\u016bs balti fasadai neabejotinai pritrauks d\u0117mes\u012f, suteikdami kambariui elegancijos ir gaivumo. Kartu su briaunoto ra\u0161to korpusu \u0161is baldas i\u0161siskiria i\u0161 minios ir tampa ne tik prakti\u0161ku, bet ir estetiniu akcentu j\u016bs\u0173 namuose. \u0160i tvirta ir erdvi komoda turi tris erdvius stal\u010dius, kurie pad\u0117s jums susitvarkyti drabu\u017eius, nieku\u010dius ir kitus aksesuarus. D\u0117l apgalvoto dizaino ji puikiai tinka \u012fvairiems interjerams \u2013 tiek miegamajam, tiek svetainei. D\u0117l laminuotos plok\u0161t\u0117s panaudojimo komoda yra ne tik esteti\u0161kai patraukli, bet ir patvari, u\u017etikrinanti ilgalaik\u012f naudojim\u0105. Vienas \u012fdomiausi\u0173 \u0161io baldo savybi\u0173 \u2013 LED ap\u0161vietimas, kuris suteikia unikali\u0105 atmosfer\u0105 ir pabr\u0117\u017eia balt\u0173 fasad\u0173 \u017eaves\u012f. Tai puikus sprendimas tiems, kurie nori savo interjerui suteikti modernumo ir jaukios atmosferos. \u0160is ap\u0161vietimas paver\u010dia komod\u0105 ne tik funkcionaliu baldu, bet ir patraukliu bet kurio kambario dekoru.<\/p>","protected":false},"excerpt":{"rendered":"<p>Plotis (cm): 114<br \/>\n\u016agis (cm): 97,5<br \/>\nGylis (cm): 40,5<\/p>","protected":false},"featured_media":166152,"comment_status":"open","ping_status":"open","template":"","meta":[],"product_brand":[],"product_cat":[9509,1173,4108],"product_tag":[],"class_list":{"0":"post-166151","1":"product","2":"type-product","3":"status-publish","4":"has-post-thumbnail","6":"product_cat-furniture-system-livinio-jarstol-meble","7":"product_cat-chests-of-drawers","8":"product_cat-jarstol","10":"first","11":"instock","12":"purchasable","13":"product-type-simple"},"_links":{"self":[{"href":"https:\/\/baldumarket.lt\/lt\/wp-json\/wp\/v2\/product\/166151","targetHints":{"allow":["GET"]}}],"collection":[{"href":"https:\/\/baldumarket.lt\/lt\/wp-json\/wp\/v2\/product"}],"about":[{"href":"https:\/\/baldumarket.lt\/lt\/wp-json\/wp\/v2\/types\/product"}],"replies":[{"embeddable":true,"href":"https:\/\/baldumarket.lt\/lt\/wp-json\/wp\/v2\/comments?post=166151"}],"wp:featuredmedia":[{"embeddable":true,"href":"https:\/\/baldumarket.lt\/lt\/wp-json\/wp\/v2\/media\/166152"}],"wp:attachment":[{"href":"https:\/\/baldumarket.lt\/lt\/wp-json\/wp\/v2\/media?parent=166151"}],"wp:term":[{"taxonomy":"product_brand","embeddable":true,"href":"https:\/\/baldumarket.lt\/lt\/wp-json\/wp\/v2\/product_brand?post=166151"},{"taxonomy":"product_cat","embeddable":true,"href":"https:\/\/baldumarket.lt\/lt\/wp-json\/wp\/v2\/product_cat?post=166151"},{"taxonomy":"product_tag","embeddable":true,"href":"https:\/\/baldumarket.lt\/lt\/wp-json\/wp\/v2\/product_tag?post=166151"}],"curies":[{"name":"wp","href":"https:\/\/api.w.org\/{rel}","templated":true}]}}